{"id":7203,"date":"2025-12-06T09:54:16","date_gmt":"2025-12-06T09:54:16","guid":{"rendered":"https:\/\/sitapress.com\/zmluvne-podmienky\/"},"modified":"2026-04-25T08:01:27","modified_gmt":"2026-04-25T08:01:27","slug":"zmluvne-podmienky","status":"publish","type":"page","link":"https:\/\/sitapress.com\/sk\/zmluvne-podmienky\/","title":{"rendered":"Zmluvn\u00e9 podmienky"},"content":{"rendered":"\t\t<div data-elementor-type=\"wp-page\" data-elementor-id=\"7203\" class=\"elementor elementor-7203 elementor-982\" data-elementor-post-type=\"page\">\n\t\t\t\t<div class=\"elementor-element elementor-element-7d41536 e-flex e-con-boxed e-con e-parent\" data-id=\"7d41536\" data-element_type=\"container\" data-e-type=\"container\" data-settings=\"{&quot;ekit_has_onepagescroll_dot&quot;:&quot;yes&quot;}\">\n\t\t\t\t\t<div class=\"e-con-inner\">\n\t\t<div class=\"elementor-element elementor-element-079e777 e-con-full e-flex e-con e-child\" data-id=\"079e777\" data-element_type=\"container\" data-e-type=\"container\" data-settings=\"{&quot;background_background&quot;:&quot;classic&quot;,&quot;ekit_has_onepagescroll_dot&quot;:&quot;yes&quot;}\">\n\t\t\t\t<div class=\"elementor-element elementor-element-f3ecb51 elementor-invisible elementor-widget elementor-widget-heading\" data-id=\"f3ecb51\" data-element_type=\"widget\" data-e-type=\"widget\" data-settings=\"{&quot;_animation&quot;:&quot;fadeInDown&quot;,&quot;ekit_we_effect_on&quot;:&quot;none&quot;}\" data-widget_type=\"heading.default\">\n\t\t\t\t\t<h1 class=\"elementor-heading-title elementor-size-default\">Zmluvn\u00e9 podmienky<\/h1>\t\t\t\t<\/div>\n\t\t\t\t<\/div>\n\t\t\t\t\t<\/div>\n\t\t\t\t<\/div>\n\t\t<div class=\"elementor-element elementor-element-d1e6327 e-flex e-con-boxed e-con e-parent\" data-id=\"d1e6327\" data-element_type=\"container\" data-e-type=\"container\" data-settings=\"{&quot;ekit_has_onepagescroll_dot&quot;:&quot;yes&quot;}\">\n\t\t\t\t\t<div class=\"e-con-inner\">\n\t\t<div class=\"elementor-element elementor-element-ace1ed0 e-con-full e-flex e-con e-child\" data-id=\"ace1ed0\" data-element_type=\"container\" data-e-type=\"container\" data-settings=\"{&quot;ekit_has_onepagescroll_dot&quot;:&quot;yes&quot;}\">\n\t\t<div class=\"elementor-element elementor-element-0ca81f7 e-con-full e-flex e-con e-child\" data-id=\"0ca81f7\" data-element_type=\"container\" data-e-type=\"container\" data-settings=\"{&quot;ekit_has_onepagescroll_dot&quot;:&quot;yes&quot;}\">\n\t\t\t\t<div class=\"elementor-element elementor-element-1161dbd elementor-widget elementor-widget-text-editor\" data-id=\"1161dbd\" data-element_type=\"widget\" data-e-type=\"widget\" data-settings=\"{&quot;ekit_we_effect_on&quot;:&quot;none&quot;}\" data-widget_type=\"text-editor.default\">\n\t\t\t\t\t\t\t\t\t<p data-start=\"188\" data-end=\"419\">Vitajte na SITAPRESS! Tieto zmluvn\u00e9 podmienky upravuj\u00fa va\u0161e pou\u017e\u00edvanie na\u0161ej webovej str\u00e1nky, produktov a slu\u017eieb. Pr\u00edstupom na na\u0161u webov\u00fa str\u00e1nku alebo jej pou\u017e\u00edvan\u00edm s\u00fahlas\u00edte s t\u00fdm, \u017ee budete dodr\u017eiava\u0165 tieto podmienky a \u017ee budete nimi viazan\u00ed. Pozorne si ich pre\u010d\u00edtajte.   <\/p><p data-start=\"188\" data-end=\"419\">Va\u0161e pou\u017e\u00edvanie tejto webovej str\u00e1nky podlieha aj na\u0161im <a href=\"https:\/\/sitapress.com\/sk\/zasady-ochrany-osobnych-udajov\/\"><strong>Privacy Policy<\/strong><\/a>, ktor\u00e1 vysvet\u013euje, ako zhroma\u017e\u010fujeme, pou\u017e\u00edvame a chr\u00e1nime osobn\u00e9 \u00fadaje.<\/p>\t\t\t\t\t\t\t\t<\/div>\n\t\t\t\t<\/div>\n\t\t<div class=\"elementor-element elementor-element-f647f5e e-con-full e-flex e-con e-child\" data-id=\"f647f5e\" data-element_type=\"container\" data-e-type=\"container\" data-settings=\"{&quot;ekit_has_onepagescroll_dot&quot;:&quot;yes&quot;}\">\n\t\t\t\t<div class=\"elementor-element elementor-element-e5aab46 elementor-widget elementor-widget-heading\" data-id=\"e5aab46\" data-element_type=\"widget\" data-e-type=\"widget\" data-settings=\"{&quot;ekit_we_effect_on&quot;:&quot;none&quot;}\" data-widget_type=\"heading.default\">\n\t\t\t\t\t<h2 class=\"elementor-heading-title elementor-size-default\">Pou\u017e\u00edvanie webovej str\u00e1nky<\/h2>\t\t\t\t<\/div>\n\t\t\t\t<div class=\"elementor-element elementor-element-ed4fddf elementor-widget elementor-widget-text-editor\" data-id=\"ed4fddf\" data-element_type=\"widget\" data-e-type=\"widget\" data-settings=\"{&quot;ekit_we_effect_on&quot;:&quot;none&quot;}\" data-widget_type=\"text-editor.default\">\n\t\t\t\t\t\t\t\t\t<ul><li data-start=\"451\" data-end=\"507\">S\u00fahlas\u00edte s pou\u017e\u00edvan\u00edm na\u0161ej webovej str\u00e1nky iba na z\u00e1konn\u00e9 \u00fa\u010dely.<\/li><li data-start=\"510\" data-end=\"606\">Na\u0161u webov\u00fa str\u00e1nku nesmiete pou\u017e\u00edva\u0165 na zverej\u0148ovanie ani prenos ak\u00e9hoko\u013evek nez\u00e1konn\u00e9ho, \u200b\u200b\u0161kodliv\u00e9ho alebo ur\u00e1\u017eliv\u00e9ho obsahu.<\/li><li data-start=\"609\" data-end=\"693\">Vyhradzujeme si pr\u00e1vo pozastavi\u0165 alebo ukon\u010di\u0165 pr\u00edstup komuko\u013evek, kto poru\u0161\u00ed tieto podmienky.<\/li><\/ul>\t\t\t\t\t\t\t\t<\/div>\n\t\t\t\t<\/div>\n\t\t<div class=\"elementor-element elementor-element-21c6855 e-con-full e-flex e-con e-child\" data-id=\"21c6855\" data-element_type=\"container\" data-e-type=\"container\" data-settings=\"{&quot;ekit_has_onepagescroll_dot&quot;:&quot;yes&quot;}\">\n\t\t\t\t<div class=\"elementor-element elementor-element-9e49b2e elementor-widget elementor-widget-heading\" data-id=\"9e49b2e\" data-element_type=\"widget\" data-e-type=\"widget\" data-settings=\"{&quot;ekit_we_effect_on&quot;:&quot;none&quot;}\" data-widget_type=\"heading.default\">\n\t\t\t\t\t<h2 class=\"elementor-heading-title elementor-size-default\">Produkty a slu\u017eby<\/h2>\t\t\t\t<\/div>\n\t\t\t\t<div class=\"elementor-element elementor-element-7e1f9d8 elementor-widget elementor-widget-text-editor\" data-id=\"7e1f9d8\" data-element_type=\"widget\" data-e-type=\"widget\" data-settings=\"{&quot;ekit_we_effect_on&quot;:&quot;none&quot;}\" data-widget_type=\"text-editor.default\">\n\t\t\t\t\t\t\t\t\t<ul><li data-start=\"732\" data-end=\"858\">V\u0161etky popisy produktov, \u0161pecifik\u00e1cie a ceny sl\u00fa\u017eia na informa\u010dn\u00e9 \u00fa\u010dely a m\u00f4\u017eu sa zmeni\u0165 bez predch\u00e1dzaj\u00faceho upozornenia.<\/li><li data-start=\"861\" data-end=\"985\">Vynaklad\u00e1me maxim\u00e1lne \u00fasilie na zobrazenie presn\u00fdch inform\u00e1ci\u00ed, ale nezaru\u010dujeme \u00faplnos\u0165 ani presnos\u0165 \u017eiadneho obsahu.<\/li><li data-start=\"988\" data-end=\"1112\">Objedn\u00e1vky zadan\u00e9 na na\u0161ej webovej str\u00e1nke z\u00e1visia od dostupnosti. Vyhradzujeme si pr\u00e1vo odmietnu\u0165 alebo zru\u0161i\u0165 ak\u00fako\u013evek objedn\u00e1vku z ak\u00e9hoko\u013evek d\u00f4vodu. <\/li><\/ul>\t\t\t\t\t\t\t\t<\/div>\n\t\t\t\t<\/div>\n\t\t<div class=\"elementor-element elementor-element-f50a065 e-con-full e-flex e-con e-child\" data-id=\"f50a065\" data-element_type=\"container\" data-e-type=\"container\" data-settings=\"{&quot;ekit_has_onepagescroll_dot&quot;:&quot;yes&quot;}\">\n\t\t\t\t<div class=\"elementor-element elementor-element-c050972 elementor-widget elementor-widget-heading\" data-id=\"c050972\" data-element_type=\"widget\" data-e-type=\"widget\" data-settings=\"{&quot;ekit_we_effect_on&quot;:&quot;none&quot;}\" data-widget_type=\"heading.default\">\n\t\t\t\t\t<h2 class=\"elementor-heading-title elementor-size-default\">du\u0161evn\u00e9 vlastn\u00edctvo<\/h2>\t\t\t\t<\/div>\n\t\t\t\t<div class=\"elementor-element elementor-element-139f6e4 elementor-widget elementor-widget-text-editor\" data-id=\"139f6e4\" data-element_type=\"widget\" data-e-type=\"widget\" data-settings=\"{&quot;ekit_we_effect_on&quot;:&quot;none&quot;}\" data-widget_type=\"text-editor.default\">\n\t\t\t\t\t\t\t\t\t<ul><li data-start=\"1151\" data-end=\"1365\">V\u0161etok obsah na tejto webovej str\u00e1nke vr\u00e1tane textu, obr\u00e1zkov, log, grafiky a softv\u00e9ru je majetkom spolo\u010dnosti SITAPRESS alebo jej poskytovate\u013eov licenci\u00ed a je chr\u00e1nen\u00fd autorsk\u00fdmi pr\u00e1vami, ochrann\u00fdmi zn\u00e1mkami a in\u00fdmi z\u00e1konmi o du\u0161evnom vlastn\u00edctve.<\/li><li data-start=\"1368\" data-end=\"1462\">Bez n\u00e1\u0161ho predch\u00e1dzaj\u00faceho p\u00edsomn\u00e9ho s\u00fahlasu nesmiete kop\u00edrova\u0165, reprodukova\u0165, distribuova\u0165 ani pou\u017e\u00edva\u0165 \u017eiadny obsah.<\/li><\/ul>\t\t\t\t\t\t\t\t<\/div>\n\t\t\t\t<\/div>\n\t\t<div class=\"elementor-element elementor-element-bc546e5 e-con-full e-flex e-con e-child\" data-id=\"bc546e5\" data-element_type=\"container\" data-e-type=\"container\" data-settings=\"{&quot;ekit_has_onepagescroll_dot&quot;:&quot;yes&quot;}\">\n\t\t\t\t<div class=\"elementor-element elementor-element-156fb85 elementor-widget elementor-widget-heading\" data-id=\"156fb85\" data-element_type=\"widget\" data-e-type=\"widget\" data-settings=\"{&quot;ekit_we_effect_on&quot;:&quot;none&quot;}\" data-widget_type=\"heading.default\">\n\t\t\t\t\t<h2 class=\"elementor-heading-title elementor-size-default\">Pou\u017e\u00edvate\u013esk\u00e9 \u00fa\u010dty<\/h2>\t\t\t\t<\/div>\n\t\t\t\t<div class=\"elementor-element elementor-element-305e513 elementor-widget elementor-widget-text-editor\" data-id=\"305e513\" data-element_type=\"widget\" data-e-type=\"widget\" data-settings=\"{&quot;ekit_we_effect_on&quot;:&quot;none&quot;}\" data-widget_type=\"text-editor.default\">\n\t\t\t\t\t\t\t\t\t<ul><li data-start=\"1493\" data-end=\"1603\">Ak si vytvor\u00edte \u00fa\u010det, ste zodpovedn\u00ed za zachovanie d\u00f4vernosti svojich prihlasovac\u00edch \u00fadajov.<\/li><li data-start=\"1606\" data-end=\"1677\">Ste zodpovedn\u00ed za v\u0161etky aktivity, ktor\u00e9 sa vyskytn\u00fa pod va\u0161\u00edm \u00fa\u010dtom.<\/li><li data-start=\"1680\" data-end=\"1767\">Vyhradzujeme si pr\u00e1vo pozastavi\u0165 alebo zru\u0161i\u0165 \u00fa\u010dty z d\u00f4vodu ak\u00e9hoko\u013evek poru\u0161enia t\u00fdchto podmienok.<\/li><\/ul>\t\t\t\t\t\t\t\t<\/div>\n\t\t\t\t<\/div>\n\t\t<div class=\"elementor-element elementor-element-78b67b1 e-con-full e-flex e-con e-child\" data-id=\"78b67b1\" data-element_type=\"container\" data-e-type=\"container\" data-settings=\"{&quot;ekit_has_onepagescroll_dot&quot;:&quot;yes&quot;}\">\n\t\t\t\t<div class=\"elementor-element elementor-element-b94fe60 elementor-widget elementor-widget-heading\" data-id=\"b94fe60\" data-element_type=\"widget\" data-e-type=\"widget\" data-settings=\"{&quot;ekit_we_effect_on&quot;:&quot;none&quot;}\" data-widget_type=\"heading.default\">\n\t\t\t\t\t<h2 class=\"elementor-heading-title elementor-size-default\">Obmedzenie zodpovednosti<\/h2>\t\t\t\t<\/div>\n\t\t\t\t<div class=\"elementor-element elementor-element-e743e24 elementor-widget elementor-widget-text-editor\" data-id=\"e743e24\" data-element_type=\"widget\" data-e-type=\"widget\" data-settings=\"{&quot;ekit_we_effect_on&quot;:&quot;none&quot;}\" data-widget_type=\"text-editor.default\">\n\t\t\t\t\t\t\t\t\t<ul><li data-start=\"1808\" data-end=\"1948\">Spolo\u010dnos\u0165 SITAPRESS nezodpoved\u00e1 za \u017eiadne nepriame, n\u00e1hodn\u00e9 alebo n\u00e1sledn\u00e9 \u0161kody vypl\u00fdvaj\u00face z v\u00e1\u0161ho pou\u017e\u00edvania na\u0161ej webovej str\u00e1nky alebo slu\u017eieb.<\/li><li data-start=\"1951\" data-end=\"2046\">Hoci sa sna\u017e\u00edme o presnos\u0165, nezaru\u010dujeme nepretr\u017eit\u00fd pr\u00edstup ani bezchybn\u00fd obsah.<\/li><li data-start=\"2049\" data-end=\"2099\">Na\u0161u webov\u00fa str\u00e1nku a slu\u017eby pou\u017e\u00edvate na vlastn\u00e9 riziko.<\/li><\/ul>\t\t\t\t\t\t\t\t<\/div>\n\t\t\t\t<\/div>\n\t\t<div class=\"elementor-element elementor-element-389d8b7 e-con-full e-flex e-con e-child\" data-id=\"389d8b7\" data-element_type=\"container\" data-e-type=\"container\" data-settings=\"{&quot;ekit_has_onepagescroll_dot&quot;:&quot;yes&quot;}\">\n\t\t\t\t<div class=\"elementor-element elementor-element-a324cff elementor-widget elementor-widget-heading\" data-id=\"a324cff\" data-element_type=\"widget\" data-e-type=\"widget\" data-settings=\"{&quot;ekit_we_effect_on&quot;:&quot;none&quot;}\" data-widget_type=\"heading.default\">\n\t\t\t\t\t<h2 class=\"elementor-heading-title elementor-size-default\">Odkazy tret\u00edch str\u00e1n<\/h2>\t\t\t\t<\/div>\n\t\t\t\t<div class=\"elementor-element elementor-element-69184de elementor-widget elementor-widget-text-editor\" data-id=\"69184de\" data-element_type=\"widget\" data-e-type=\"widget\" data-settings=\"{&quot;ekit_we_effect_on&quot;:&quot;none&quot;}\" data-widget_type=\"text-editor.default\">\n\t\t\t\t\t\t\t\t\t<ul><li data-start=\"2134\" data-end=\"2295\">Na\u0161a webov\u00e1 str\u00e1nka m\u00f4\u017ee obsahova\u0165 odkazy na webov\u00e9 str\u00e1nky tret\u00edch str\u00e1n. Nie sme zodpovedn\u00ed za obsah, produkty, slu\u017eby ani postupy ochrany osobn\u00fdch \u00fadajov t\u00fdchto tret\u00edch str\u00e1n. <\/li><li data-start=\"2298\" data-end=\"2389\">Odpor\u00fa\u010dame v\u00e1m pre\u010d\u00edta\u0165 si podmienky a z\u00e1sady ochrany osobn\u00fdch \u00fadajov v\u0161etk\u00fdch webov\u00fdch str\u00e1nok tret\u00edch str\u00e1n, ktor\u00e9 nav\u0161t\u00edvite.<\/li><\/ul>\t\t\t\t\t\t\t\t<\/div>\n\t\t\t\t<\/div>\n\t\t<div class=\"elementor-element elementor-element-e3974a9 e-con-full e-flex e-con e-child\" data-id=\"e3974a9\" data-element_type=\"container\" data-e-type=\"container\" data-settings=\"{&quot;ekit_has_onepagescroll_dot&quot;:&quot;yes&quot;}\">\n\t\t\t\t<div class=\"elementor-element elementor-element-e9684cf elementor-widget elementor-widget-heading\" data-id=\"e9684cf\" data-element_type=\"widget\" data-e-type=\"widget\" data-settings=\"{&quot;ekit_we_effect_on&quot;:&quot;none&quot;}\" data-widget_type=\"heading.default\">\n\t\t\t\t\t<h2 class=\"elementor-heading-title elementor-size-default\">Rozhoduj\u00face pr\u00e1vo<\/h2>\t\t\t\t<\/div>\n\t\t\t\t<div class=\"elementor-element elementor-element-0d71760 elementor-widget elementor-widget-text-editor\" data-id=\"0d71760\" data-element_type=\"widget\" data-e-type=\"widget\" data-settings=\"{&quot;ekit_we_effect_on&quot;:&quot;none&quot;}\" data-widget_type=\"text-editor.default\">\n\t\t\t\t\t\t\t\t\t<ul><li data-start=\"2420\" data-end=\"2498\">Tieto Obchodn\u00e9 podmienky sa riadia z\u00e1konmi Slovenskej republiky.<\/li><li data-start=\"2501\" data-end=\"2647\">Ak\u00e9ko\u013evek spory vypl\u00fdvaj\u00face z v\u00e1\u0161ho pou\u017e\u00edvania na\u0161ej webovej str\u00e1nky alebo slu\u017eieb bud\u00fa podlieha\u0165 v\u00fdlu\u010dnej pr\u00e1vomoci s\u00fadov na Slovensku.<\/li><\/ul>\t\t\t\t\t\t\t\t<\/div>\n\t\t\t\t<\/div>\n\t\t<div class=\"elementor-element elementor-element-bcf5890 e-con-full e-flex e-con e-child\" data-id=\"bcf5890\" data-element_type=\"container\" data-e-type=\"container\" data-settings=\"{&quot;ekit_has_onepagescroll_dot&quot;:&quot;yes&quot;}\">\n\t\t\t\t<div class=\"elementor-element elementor-element-4dcf498 elementor-widget elementor-widget-heading\" data-id=\"4dcf498\" data-element_type=\"widget\" data-e-type=\"widget\" data-settings=\"{&quot;ekit_we_effect_on&quot;:&quot;none&quot;}\" data-widget_type=\"heading.default\">\n\t\t\t\t\t<h2 class=\"elementor-heading-title elementor-size-default\">Zmeny podmienok<\/h2>\t\t\t\t<\/div>\n\t\t\t\t<div class=\"elementor-element elementor-element-3741f58 elementor-widget elementor-widget-text-editor\" data-id=\"3741f58\" data-element_type=\"widget\" data-e-type=\"widget\" data-settings=\"{&quot;ekit_we_effect_on&quot;:&quot;none&quot;}\" data-widget_type=\"text-editor.default\">\n\t\t\t\t\t\t\t\t\t<ul><li data-start=\"2681\" data-end=\"2811\">Tieto zmluvn\u00e9 podmienky m\u00f4\u017eeme priebe\u017ene aktualizova\u0165, aby odr\u00e1\u017eali zmeny v na\u0161ich postupoch, produktoch alebo pr\u00e1vnych po\u017eiadavk\u00e1ch.<\/li><li data-start=\"2814\" data-end=\"2952\">V\u0161etky aktualiz\u00e1cie bud\u00fa zverejnen\u00e9 na tejto str\u00e1nke s d\u00e1tumom \u00fa\u010dinnosti. Pokra\u010dovanie v pou\u017e\u00edvan\u00ed webovej str\u00e1nky predstavuje s\u00fahlas s revidovan\u00fdmi podmienkami. <\/li><\/ul>\t\t\t\t\t\t\t\t<\/div>\n\t\t\t\t<div class=\"elementor-element elementor-element-70bab80 elementor-widget elementor-widget-text-editor\" data-id=\"70bab80\" data-element_type=\"widget\" data-e-type=\"widget\" data-settings=\"{&quot;ekit_we_effect_on&quot;:&quot;none&quot;}\" data-widget_type=\"text-editor.default\">\n\t\t\t\t\t\t\t\t\t<p>Podrobn\u00e9 pr\u00e1vne inform\u00e1cie t\u00fdkaj\u00face sa spracovania osobn\u00fdch \u00fadajov a pr\u00e1v dotknut\u00fdch os\u00f4b s\u00fa k dispoz\u00edcii na na\u0161ej <a href=\"https:\/\/sitapress.com\/sk\/ochrana-osobnych-udajov\/\"><strong data-start=\"1355\" data-end=\"1383\">Personal Data Controller<\/strong><\/a> str\u00e1nku.<\/p>\t\t\t\t\t\t\t\t<\/div>\n\t\t\t\t<\/div>\n\t\t<div class=\"elementor-element elementor-element-0f3e8a8 e-con-full e-flex e-con e-child\" data-id=\"0f3e8a8\" data-element_type=\"container\" data-e-type=\"container\" data-settings=\"{&quot;ekit_has_onepagescroll_dot&quot;:&quot;yes&quot;}\">\n\t\t\t\t<div class=\"elementor-element elementor-element-14b9bec elementor-widget elementor-widget-heading\" data-id=\"14b9bec\" data-element_type=\"widget\" data-e-type=\"widget\" data-settings=\"{&quot;ekit_we_effect_on&quot;:&quot;none&quot;}\" data-widget_type=\"heading.default\">\n\t\t\t\t\t<h2 class=\"elementor-heading-title elementor-size-default\">Kontaktujte n\u00e1s<\/h2>\t\t\t\t<\/div>\n\t\t\t\t<div class=\"elementor-element elementor-element-ae6cf96 elementor-widget elementor-widget-text-editor\" data-id=\"ae6cf96\" data-element_type=\"widget\" data-e-type=\"widget\" data-settings=\"{&quot;ekit_we_effect_on&quot;:&quot;none&quot;}\" data-widget_type=\"text-editor.default\">\n\t\t\t\t\t\t\t\t\t<p data-start=\"2978\" data-end=\"3068\">Ak m\u00e1te ak\u00e9ko\u013evek ot\u00e1zky alebo obavy t\u00fdkaj\u00face sa t\u00fdchto zmluvn\u00fdch podmienok, kontaktujte n\u00e1s:<\/p><ul><li data-start=\"3070\" data-end=\"3174\"><strong data-start=\"3070\" data-end=\"3080\">Email:<\/strong> <a href=\"mailto:sita@sitapress.sk\">sita@sitapress.sk<\/a><\/li><li data-start=\"3070\" data-end=\"3174\">Phone: +421 903 645 123<\/li><li data-start=\"3070\" data-end=\"3174\"><strong data-start=\"3137\" data-end=\"3149\">Address:<\/strong> SITAPRESS, U\u010d\u0148ovsk\u00e1 1, 040 15 town Kosice, Slovakia<\/li><\/ul>\t\t\t\t\t\t\t\t<\/div>\n\t\t\t\t<\/div>\n\t\t\t\t<\/div>\n\t\t\t\t\t<\/div>\n\t\t\t\t<\/div>\n\t\t\t\t<\/div>\n\t\t","protected":false},"excerpt":{"rendered":"<p>Zmluvn\u00e9 podmienky Vitajte na SITAPRESS! Tieto zmluvn\u00e9 podmienky upravuj\u00fa va\u0161e pou\u017e\u00edvanie na\u0161ej webovej str\u00e1nky, produktov a slu\u017eieb. Pr\u00edstupom na na\u0161u webov\u00fa str\u00e1nku alebo jej pou\u017e\u00edvan\u00edm s\u00fahlas\u00edte s t\u00fdm, \u017ee budete dodr\u017eiava\u0165 tieto podmienky a \u017ee budete nimi viazan\u00ed. Pozorne si ich pre\u010d\u00edtajte. Va\u0161e pou\u017e\u00edvanie tejto webovej str\u00e1nky podlieha aj na\u0161im Privacy Policy, ktor\u00e1 vysvet\u013euje, ako [&hellip;]<\/p>\n","protected":false},"author":1,"featured_media":0,"parent":0,"menu_order":0,"comment_status":"closed","ping_status":"closed","template":"","meta":{"footnotes":""},"class_list":["post-7203","page","type-page","status-publish","hentry"],"_links":{"self":[{"href":"https:\/\/sitapress.com\/sk\/wp-json\/wp\/v2\/pages\/7203","targetHints":{"allow":["GET"]}}],"collection":[{"href":"https:\/\/sitapress.com\/sk\/wp-json\/wp\/v2\/pages"}],"about":[{"href":"https:\/\/sitapress.com\/sk\/wp-json\/wp\/v2\/types\/page"}],"author":[{"embeddable":true,"href":"https:\/\/sitapress.com\/sk\/wp-json\/wp\/v2\/users\/1"}],"replies":[{"embeddable":true,"href":"https:\/\/sitapress.com\/sk\/wp-json\/wp\/v2\/comments?post=7203"}],"version-history":[{"count":2,"href":"https:\/\/sitapress.com\/sk\/wp-json\/wp\/v2\/pages\/7203\/revisions"}],"predecessor-version":[{"id":9545,"href":"https:\/\/sitapress.com\/sk\/wp-json\/wp\/v2\/pages\/7203\/revisions\/9545"}],"wp:attachment":[{"href":"https:\/\/sitapress.com\/sk\/wp-json\/wp\/v2\/media?parent=7203"}],"curies":[{"name":"wp","href":"https:\/\/api.w.org\/{rel}","templated":true}]}}