{"id":7200,"date":"2025-12-06T09:45:20","date_gmt":"2025-12-06T09:45:20","guid":{"rendered":"https:\/\/sitapress.com\/zasady-ochrany-osobnych-udajov\/"},"modified":"2026-04-25T08:08:49","modified_gmt":"2026-04-25T08:08:49","slug":"zasady-ochrany-osobnych-udajov","status":"publish","type":"page","link":"https:\/\/sitapress.com\/sk\/zasady-ochrany-osobnych-udajov\/","title":{"rendered":"Z\u00e1sady ochrany osobn\u00fdch \u00fadajov"},"content":{"rendered":"\t\t<div data-elementor-type=\"wp-page\" data-elementor-id=\"7200\" class=\"elementor elementor-7200 elementor-973\" data-elementor-post-type=\"page\">\n\t\t\t\t<div class=\"elementor-element elementor-element-530f0be e-flex e-con-boxed e-con e-parent\" data-id=\"530f0be\" data-element_type=\"container\" data-e-type=\"container\" data-settings=\"{&quot;ekit_has_onepagescroll_dot&quot;:&quot;yes&quot;}\">\n\t\t\t\t\t<div class=\"e-con-inner\">\n\t\t<div class=\"elementor-element elementor-element-cfc68c3 e-con-full e-flex e-con e-child\" data-id=\"cfc68c3\" data-element_type=\"container\" data-e-type=\"container\" data-settings=\"{&quot;background_background&quot;:&quot;classic&quot;,&quot;ekit_has_onepagescroll_dot&quot;:&quot;yes&quot;}\">\n\t\t\t\t<div class=\"elementor-element elementor-element-e3571ef elementor-invisible elementor-widget elementor-widget-heading\" data-id=\"e3571ef\" data-element_type=\"widget\" data-e-type=\"widget\" data-settings=\"{&quot;_animation&quot;:&quot;fadeInDown&quot;,&quot;ekit_we_effect_on&quot;:&quot;none&quot;}\" data-widget_type=\"heading.default\">\n\t\t\t\t\t<h1 class=\"elementor-heading-title elementor-size-default\">Z\u00e1sady ochrany osobn\u00fdch \u00fadajov<\/h1>\t\t\t\t<\/div>\n\t\t\t\t<\/div>\n\t\t\t\t\t<\/div>\n\t\t\t\t<\/div>\n\t\t<div class=\"elementor-element elementor-element-d1e6327 e-flex e-con-boxed e-con e-parent\" data-id=\"d1e6327\" data-element_type=\"container\" data-e-type=\"container\" data-settings=\"{&quot;ekit_has_onepagescroll_dot&quot;:&quot;yes&quot;}\">\n\t\t\t\t\t<div class=\"e-con-inner\">\n\t\t<div class=\"elementor-element elementor-element-ace1ed0 e-con-full e-flex e-con e-child\" data-id=\"ace1ed0\" data-element_type=\"container\" data-e-type=\"container\" data-settings=\"{&quot;ekit_has_onepagescroll_dot&quot;:&quot;yes&quot;}\">\n\t\t<div class=\"elementor-element elementor-element-0ca81f7 e-con-full e-flex e-con e-child\" data-id=\"0ca81f7\" data-element_type=\"container\" data-e-type=\"container\" data-settings=\"{&quot;ekit_has_onepagescroll_dot&quot;:&quot;yes&quot;}\">\n\t\t\t\t<div class=\"elementor-element elementor-element-1161dbd elementor-widget elementor-widget-text-editor\" data-id=\"1161dbd\" data-element_type=\"widget\" data-e-type=\"widget\" data-settings=\"{&quot;ekit_we_effect_on&quot;:&quot;none&quot;}\" data-widget_type=\"text-editor.default\">\n\t\t\t\t\t\t\t\t\t<p class=\"my-2 [&amp;+p]:mt-4 [&amp;_strong:has(+br)]:inline-block [&amp;_strong:has(+br)]:pb-2\">V spolo\u010dnosti SITAPRESS si cen\u00edme va\u0161e s\u00fakromie a usilovne pracujeme na ochrane \u00fadajov, ktor\u00e9 s nami zdie\u013eate. Tieto z\u00e1sady popisuj\u00fa, ako zhroma\u017e\u010fujeme, spracov\u00e1vame, uchov\u00e1vame a zabezpe\u010dujeme va\u0161e inform\u00e1cie, ke\u010f nav\u0161t\u00edvite na\u0161u str\u00e1nku alebo pou\u017e\u00edvate na\u0161e slu\u017eby. <\/p><p class=\"my-2 [&amp;+p]:mt-4 [&amp;_strong:has(+br)]:inline-block [&amp;_strong:has(+br)]:pb-2\">Pre\u010d\u00edtajte si to spolu s na\u0161imi <a href=\"https:\/\/sitapress.com\/sk\/ochrana-osobnych-udajov\/\">Personal Data Controller<\/a> podrobnosti, ktor\u00e9 sa vz\u0165ahuj\u00fa na pr\u00e1vne \u0161pecifik\u00e1 pod\u013ea z\u00e1konov, ako je v\u0161eobecn\u00e9 nariadenie o ochrane \u00fadajov (GDPR).<\/p><p class=\"my-2 [&amp;+p]:mt-4 [&amp;_strong:has(+br)]:inline-block [&amp;_strong:has(+br)]:pb-2\">Pou\u017e\u00edvan\u00edm na\u0161ej str\u00e1nky s\u00fahlas\u00edte s t\u00fdmito postupmi.<\/p>\t\t\t\t\t\t\t\t<\/div>\n\t\t\t\t<\/div>\n\t\t<div class=\"elementor-element elementor-element-cfc7827 e-con-full e-flex e-con e-child\" data-id=\"cfc7827\" data-element_type=\"container\" data-e-type=\"container\" data-settings=\"{&quot;ekit_has_onepagescroll_dot&quot;:&quot;yes&quot;}\">\n\t\t\t\t<div class=\"elementor-element elementor-element-a56755e elementor-widget elementor-widget-heading\" data-id=\"a56755e\" data-element_type=\"widget\" data-e-type=\"widget\" data-settings=\"{&quot;ekit_we_effect_on&quot;:&quot;none&quot;}\" data-widget_type=\"heading.default\">\n\t\t\t\t\t<h2 class=\"elementor-heading-title elementor-size-default\">Kto sme<\/h2>\t\t\t\t<\/div>\n\t\t\t\t<div class=\"elementor-element elementor-element-6d0494a elementor-widget elementor-widget-text-editor\" data-id=\"6d0494a\" data-element_type=\"widget\" data-e-type=\"widget\" data-settings=\"{&quot;ekit_we_effect_on&quot;:&quot;none&quot;}\" data-widget_type=\"text-editor.default\">\n\t\t\t\t\t\t\t\t\t<p>Spolo\u010dnos\u0165 SITAPRESS prev\u00e1dzkuje svoje str\u00e1nky a slu\u017eby v s\u00falade s pravidlami ochrany \u00fadajov. \u00dapln\u00e9 inform\u00e1cie o prev\u00e1dzkovate\u013eovi \u00fadajov, d\u00f4vodoch spracovania, dob\u00e1ch uchov\u00e1vania a va\u0161ich mo\u017enostiach n\u00e1jdete na na\u0161ej str\u00e1nke o prev\u00e1dzkovate\u013eovi osobn\u00fdch \u00fadajov. <\/p>\t\t\t\t\t\t\t\t<\/div>\n\t\t\t\t<\/div>\n\t\t<div class=\"elementor-element elementor-element-46df4c1 e-con-full e-flex e-con e-child\" data-id=\"46df4c1\" data-element_type=\"container\" data-e-type=\"container\" data-settings=\"{&quot;ekit_has_onepagescroll_dot&quot;:&quot;yes&quot;}\">\n\t\t\t\t<div class=\"elementor-element elementor-element-c8e0f00 elementor-widget elementor-widget-heading\" data-id=\"c8e0f00\" data-element_type=\"widget\" data-e-type=\"widget\" data-settings=\"{&quot;ekit_we_effect_on&quot;:&quot;none&quot;}\" data-widget_type=\"heading.default\">\n\t\t\t\t\t<h2 class=\"elementor-heading-title elementor-size-default\">Inform\u00e1cie, ktor\u00e9 zhroma\u017e\u010fujeme\n\n<\/h2>\t\t\t\t<\/div>\n\t\t\t\t<div class=\"elementor-element elementor-element-06794d2 elementor-widget elementor-widget-text-editor\" data-id=\"06794d2\" data-element_type=\"widget\" data-e-type=\"widget\" data-settings=\"{&quot;ekit_we_effect_on&quot;:&quot;none&quot;}\" data-widget_type=\"text-editor.default\">\n\t\t\t\t\t\t\t\t\t<p class=\"my-2 [&amp;+p]:mt-4 [&amp;_strong:has(+br)]:inline-block [&amp;_strong:has(+br)]:pb-2\">Zhroma\u017e\u010fujeme tieto typy inform\u00e1ci\u00ed:<\/p>\t\t\t\t\t\t\t\t<\/div>\n\t\t\t\t<div class=\"elementor-element elementor-element-62159d5 elementor-widget elementor-widget-heading\" data-id=\"62159d5\" data-element_type=\"widget\" data-e-type=\"widget\" data-settings=\"{&quot;ekit_we_effect_on&quot;:&quot;none&quot;}\" data-widget_type=\"heading.default\">\n\t\t\t\t\t<h3 class=\"elementor-heading-title elementor-size-default\">1. Podrobnosti, ktor\u00e9 poskytnete<\/h3>\t\t\t\t<\/div>\n\t\t\t\t<div class=\"elementor-element elementor-element-64e8b00 elementor-widget elementor-widget-text-editor\" data-id=\"64e8b00\" data-element_type=\"widget\" data-e-type=\"widget\" data-settings=\"{&quot;ekit_we_effect_on&quot;:&quot;none&quot;}\" data-widget_type=\"text-editor.default\">\n\t\t\t\t\t\t\t\t\t<p>Veci, ktor\u00e9 dobrovo\u013ene zdie\u013eate, ako napr\u00edklad va\u0161e meno, e-mail, telef\u00f3nne \u010d\u00edslo, platobn\u00e9 inform\u00e1cie alebo odpovede prostredn\u00edctvom formul\u00e1rov, registr\u00e1ci\u00ed, objedn\u00e1vok alebo ot\u00e1zok.<\/p>\t\t\t\t\t\t\t\t<\/div>\n\t\t\t\t<div class=\"elementor-element elementor-element-5925a2b elementor-widget elementor-widget-heading\" data-id=\"5925a2b\" data-element_type=\"widget\" data-e-type=\"widget\" data-settings=\"{&quot;ekit_we_effect_on&quot;:&quot;none&quot;}\" data-widget_type=\"heading.default\">\n\t\t\t\t\t<h3 class=\"elementor-heading-title elementor-size-default\">2. Automatick\u00e9 inform\u00e1cie o pou\u017e\u00edvan\u00ed<\/h3>\t\t\t\t<\/div>\n\t\t\t\t<div class=\"elementor-element elementor-element-926b755 elementor-widget elementor-widget-text-editor\" data-id=\"926b755\" data-element_type=\"widget\" data-e-type=\"widget\" data-settings=\"{&quot;ekit_we_effect_on&quot;:&quot;none&quot;}\" data-widget_type=\"text-editor.default\">\n\t\t\t\t\t\t\t\t\t<p>\u00dadaje zhroma\u017e\u010fovan\u00e9 po\u010das prehliadania, ako napr\u00edklad IP adresa, podrobnosti prehliada\u010da, typ zariadenia, zobrazen\u00e9 str\u00e1nky, \u010das na str\u00e1nke a pribli\u017en\u00e1 poloha.<\/p>\t\t\t\t\t\t\t\t<\/div>\n\t\t\t\t<div class=\"elementor-element elementor-element-007eb19 elementor-widget elementor-widget-heading\" data-id=\"007eb19\" data-element_type=\"widget\" data-e-type=\"widget\" data-settings=\"{&quot;ekit_we_effect_on&quot;:&quot;none&quot;}\" data-widget_type=\"heading.default\">\n\t\t\t\t\t<h3 class=\"elementor-heading-title elementor-size-default\">3. S\u00fabory cookie a n\u00e1stroje na sledovanie<\/h3>\t\t\t\t<\/div>\n\t\t\t\t<div class=\"elementor-element elementor-element-660c51e elementor-widget elementor-widget-text-editor\" data-id=\"660c51e\" data-element_type=\"widget\" data-e-type=\"widget\" data-settings=\"{&quot;ekit_we_effect_on&quot;:&quot;none&quot;}\" data-widget_type=\"text-editor.default\">\n\t\t\t\t\t\t\t\t\t<p>We use cookies and similar tech for smooth site operation, saving your preferences, tracking visits, and enhancing your experience. Check our Cookie Policy on the <a href=\"https:\/\/sitapress.com\/sk\/ochrana-osobnych-udajov\/\">Personal Data Controller<\/a> page for more. <\/p>\t\t\t\t\t\t\t\t<\/div>\n\t\t\t\t<\/div>\n\t\t<div class=\"elementor-element elementor-element-6e67f29 e-con-full e-flex e-con e-child\" data-id=\"6e67f29\" data-element_type=\"container\" data-e-type=\"container\" data-settings=\"{&quot;ekit_has_onepagescroll_dot&quot;:&quot;yes&quot;}\">\n\t\t\t\t<div class=\"elementor-element elementor-element-78f871e elementor-widget elementor-widget-heading\" data-id=\"78f871e\" data-element_type=\"widget\" data-e-type=\"widget\" data-settings=\"{&quot;ekit_we_effect_on&quot;:&quot;none&quot;}\" data-widget_type=\"heading.default\">\n\t\t\t\t\t<h2 class=\"elementor-heading-title elementor-size-default\">Ako pou\u017e\u00edvame va\u0161e inform\u00e1cie<\/h2>\t\t\t\t<\/div>\n\t\t\t\t<div class=\"elementor-element elementor-element-9ea24d1 elementor-widget elementor-widget-text-editor\" data-id=\"9ea24d1\" data-element_type=\"widget\" data-e-type=\"widget\" data-settings=\"{&quot;ekit_we_effect_on&quot;:&quot;none&quot;}\" data-widget_type=\"text-editor.default\">\n\t\t\t\t\t\t\t\t\t<p class=\"my-2 [&amp;+p]:mt-4 [&amp;_strong:has(+br)]:inline-block [&amp;_strong:has(+br)]:pb-2\">Inform\u00e1cie spracov\u00e1vame iba v pr\u00edpade potreby z opr\u00e1vnen\u00fdch d\u00f4vodov, ako napr\u00edklad:<\/p><ul><li class=\"my-2 [&amp;+p]:mt-4 [&amp;_strong:has(+br)]:inline-block [&amp;_strong:has(+br)]:pb-2\">Odpovedanie na ot\u00e1zky, \u017eiadosti a potreby podpory<\/li><li class=\"my-2 [&amp;+p]:mt-4 [&amp;_strong:has(+br)]:inline-block [&amp;_strong:has(+br)]:pb-2\">Dod\u00e1vanie a prev\u00e1dzka na\u0161ich produktov\/slu\u017eieb<\/li><li class=\"my-2 [&amp;+p]:mt-4 [&amp;_strong:has(+br)]:inline-block [&amp;_strong:has(+br)]:pb-2\">Zv\u00fd\u0161enie r\u00fdchlosti, funkci\u00ed a bezpe\u010dnosti str\u00e1nok<\/li><li class=\"my-2 [&amp;+p]:mt-4 [&amp;_strong:has(+br)]:inline-block [&amp;_strong:has(+br)]:pb-2\">Prisp\u00f4sobenie v\u00e1\u0161ho z\u00e1\u017eitku<\/li><li class=\"my-2 [&amp;+p]:mt-4 [&amp;_strong:has(+br)]:inline-block [&amp;_strong:has(+br)]:pb-2\">Zasielanie aktualiz\u00e1ci\u00ed alebo pon\u00fak (s va\u0161\u00edm s\u00fahlasom)<\/li><li class=\"my-2 [&amp;+p]:mt-4 [&amp;_strong:has(+br)]:inline-block [&amp;_strong:has(+br)]:pb-2\">Plnenie z\u00e1konn\u00fdch povinnost\u00ed alebo predch\u00e1dzanie podvodom<\/li><\/ul><p class=\"my-2 [&amp;+p]:mt-4 [&amp;_strong:has(+br)]:inline-block [&amp;_strong:has(+br)]:pb-2\">Va\u0161e inform\u00e1cie nikdy nepred\u00e1vame, neprenaj\u00edmame ani nevymie\u0148ame s in\u00fdmi osobami za \u00fa\u010delom reklamy<\/p>\t\t\t\t\t\t\t\t<\/div>\n\t\t\t\t<\/div>\n\t\t<div class=\"elementor-element elementor-element-f7894b1 e-con-full e-flex e-con e-child\" data-id=\"f7894b1\" data-element_type=\"container\" data-e-type=\"container\" data-settings=\"{&quot;ekit_has_onepagescroll_dot&quot;:&quot;yes&quot;}\">\n\t\t\t\t<div class=\"elementor-element elementor-element-7b563d6 elementor-widget elementor-widget-heading\" data-id=\"7b563d6\" data-element_type=\"widget\" data-e-type=\"widget\" data-settings=\"{&quot;ekit_we_effect_on&quot;:&quot;none&quot;}\" data-widget_type=\"heading.default\">\n\t\t\t\t\t<h2 class=\"elementor-heading-title elementor-size-default\">Zdie\u013eanie va\u0161ich inform\u00e1ci\u00ed<\/h2>\t\t\t\t<\/div>\n\t\t\t\t<div class=\"elementor-element elementor-element-c0b8149 elementor-widget elementor-widget-text-editor\" data-id=\"c0b8149\" data-element_type=\"widget\" data-e-type=\"widget\" data-settings=\"{&quot;ekit_we_effect_on&quot;:&quot;none&quot;}\" data-widget_type=\"text-editor.default\">\n\t\t\t\t\t\t\t\t\t<p class=\"my-2 [&amp;+p]:mt-4 [&amp;_strong:has(+br)]:inline-block [&amp;_strong:has(+br)]:pb-2\">Podrobnosti zdie\u013eame iba vtedy, ke\u010f:<\/p><ul><li class=\"my-2 [&amp;+p]:mt-4 [&amp;_strong:has(+br)]:inline-block [&amp;_strong:has(+br)]:pb-2\">D\u00f4veryhodn\u00ed partneri (ako napr\u00edklad hostitelia, analytici alebo e-mailov\u00e9 slu\u017eby) to potrebuj\u00fa na to, aby n\u00e1m pomohli s prev\u00e1dzkou.<\/li><li class=\"my-2 [&amp;+p]:mt-4 [&amp;_strong:has(+br)]:inline-block [&amp;_strong:has(+br)]:pb-2\">Z\u00e1kon, pravidl\u00e1 alebo \u00faradn\u00edci to vy\u017eaduj\u00fa<\/li><li class=\"my-2 [&amp;+p]:mt-4 [&amp;_strong:has(+br)]:inline-block [&amp;_strong:has(+br)]:pb-2\">Z\u00e1kon, pravidl\u00e1 alebo \u00faradn\u00edci to vy\u017eaduj\u00fa<\/li><\/ul><p class=\"my-2 [&amp;+p]:mt-4 [&amp;_strong:has(+br)]:inline-block [&amp;_strong:has(+br)]:pb-2\">Partneri musia dodr\u017eiava\u0165 pr\u00edsne zmluvy v s\u00falade s GDPR.<\/p>\t\t\t\t\t\t\t\t<\/div>\n\t\t\t\t<\/div>\n\t\t<div class=\"elementor-element elementor-element-165c24e e-con-full e-flex e-con e-child\" data-id=\"165c24e\" data-element_type=\"container\" data-e-type=\"container\" data-settings=\"{&quot;ekit_has_onepagescroll_dot&quot;:&quot;yes&quot;}\">\n\t\t\t\t<div class=\"elementor-element elementor-element-3c27f2b elementor-widget elementor-widget-heading\" data-id=\"3c27f2b\" data-element_type=\"widget\" data-e-type=\"widget\" data-settings=\"{&quot;ekit_we_effect_on&quot;:&quot;none&quot;}\" data-widget_type=\"heading.default\">\n\t\t\t\t\t<h2 class=\"elementor-heading-title elementor-size-default\">Bezpe\u010dnos\u0165 \u00fadajov<\/h2>\t\t\t\t<\/div>\n\t\t\t\t<div class=\"elementor-element elementor-element-16b18a7 elementor-widget elementor-widget-text-editor\" data-id=\"16b18a7\" data-element_type=\"widget\" data-e-type=\"widget\" data-settings=\"{&quot;ekit_we_effect_on&quot;:&quot;none&quot;}\" data-widget_type=\"text-editor.default\">\n\t\t\t\t\t\t\t\t\t<p class=\"my-2 [&amp;+p]:mt-4 [&amp;_strong:has(+br)]:inline-block [&amp;_strong:has(+br)]:pb-2\">Pou\u017e\u00edvame siln\u00e9 technol\u00f3gie a procesy na ochranu pred neopr\u00e1vnen\u00fdm pr\u00edstupom, stratou, zneu\u017eit\u00edm, zmenami alebo \u00fanikmi. Napriek tomu \u017eiadny online syst\u00e9m nie je 100 % spo\u013eahliv\u00fd. <\/p>\t\t\t\t\t\t\t\t<\/div>\n\t\t\t\t<\/div>\n\t\t<div class=\"elementor-element elementor-element-6952f17 e-con-full e-flex e-con e-child\" data-id=\"6952f17\" data-element_type=\"container\" data-e-type=\"container\" data-settings=\"{&quot;ekit_has_onepagescroll_dot&quot;:&quot;yes&quot;}\">\n\t\t\t\t<div class=\"elementor-element elementor-element-2ce080f elementor-widget elementor-widget-heading\" data-id=\"2ce080f\" data-element_type=\"widget\" data-e-type=\"widget\" data-settings=\"{&quot;ekit_we_effect_on&quot;:&quot;none&quot;}\" data-widget_type=\"heading.default\">\n\t\t\t\t\t<h2 class=\"elementor-heading-title elementor-size-default\">Va\u0161e pr\u00e1va<\/h2>\t\t\t\t<\/div>\n\t\t\t\t<div class=\"elementor-element elementor-element-49ae101 elementor-widget elementor-widget-text-editor\" data-id=\"49ae101\" data-element_type=\"widget\" data-e-type=\"widget\" data-settings=\"{&quot;ekit_we_effect_on&quot;:&quot;none&quot;}\" data-widget_type=\"text-editor.default\">\n\t\t\t\t\t\t\t\t\t<p class=\"my-2 [&amp;+p]:mt-4 [&amp;_strong:has(+br)]:inline-block [&amp;_strong:has(+br)]:pb-2\">Svoje \u00fadaje m\u00f4\u017eete kedyko\u013evek opravi\u0165, vymaza\u0165, obmedzi\u0165, prenies\u0165 alebo odvola\u0165 svoj s\u00fahlas.<\/p><p class=\"my-2 [&amp;+p]:mt-4 [&amp;_strong:has(+br)]:inline-block [&amp;_strong:has(+br)]:pb-2\">n\u00e1\u0161 <a href=\"https:\/\/sitapress.com\/sk\/ochrana-osobnych-udajov\/\">Personal Data Controller<\/a> str\u00e1nka vysvet\u013euje va\u0161e v\u0161etky pr\u00e1va a \u010fal\u0161ie kroky.<\/p>\t\t\t\t\t\t\t\t<\/div>\n\t\t\t\t<\/div>\n\t\t<div class=\"elementor-element elementor-element-d6e336a e-con-full e-flex e-con e-child\" data-id=\"d6e336a\" data-element_type=\"container\" data-e-type=\"container\" data-settings=\"{&quot;ekit_has_onepagescroll_dot&quot;:&quot;yes&quot;}\">\n\t\t\t\t<div class=\"elementor-element elementor-element-2152ff6 elementor-widget elementor-widget-heading\" data-id=\"2152ff6\" data-element_type=\"widget\" data-e-type=\"widget\" data-settings=\"{&quot;ekit_we_effect_on&quot;:&quot;none&quot;}\" data-widget_type=\"heading.default\">\n\t\t\t\t\t<h2 class=\"elementor-heading-title elementor-size-default\">Odkazy tret\u00edch str\u00e1n\n\n<\/h2>\t\t\t\t<\/div>\n\t\t\t\t<div class=\"elementor-element elementor-element-e67bc62 elementor-widget elementor-widget-text-editor\" data-id=\"e67bc62\" data-element_type=\"widget\" data-e-type=\"widget\" data-settings=\"{&quot;ekit_we_effect_on&quot;:&quot;none&quot;}\" data-widget_type=\"text-editor.default\">\n\t\t\t\t\t\t\t\t\t<p class=\"my-2 [&amp;+p]:mt-4 [&amp;_strong:has(+br)]:inline-block [&amp;_strong:has(+br)]:pb-2\">Na\u0161a str\u00e1nka odkazuje na extern\u00e9 str\u00e1nky \u2013 nekontrolujeme ani neschva\u013eujeme ich obsah, bezpe\u010dnos\u0165 ani pravidl\u00e1 ochrany osobn\u00fdch \u00fadajov. V\u017edy si overte ich pravidl\u00e1. <\/p>\t\t\t\t\t\t\t\t<\/div>\n\t\t\t\t<\/div>\n\t\t<div class=\"elementor-element elementor-element-af33531 e-con-full e-flex e-con e-child\" data-id=\"af33531\" data-element_type=\"container\" data-e-type=\"container\" data-settings=\"{&quot;ekit_has_onepagescroll_dot&quot;:&quot;yes&quot;}\">\n\t\t\t\t<div class=\"elementor-element elementor-element-0e0b7bd elementor-widget elementor-widget-heading\" data-id=\"0e0b7bd\" data-element_type=\"widget\" data-e-type=\"widget\" data-settings=\"{&quot;ekit_we_effect_on&quot;:&quot;none&quot;}\" data-widget_type=\"heading.default\">\n\t\t\t\t\t<h2 class=\"elementor-heading-title elementor-size-default\">S\u00fakromie det\u00ed\n\n<\/h2>\t\t\t\t<\/div>\n\t\t\t\t<div class=\"elementor-element elementor-element-c1fc18c elementor-widget elementor-widget-text-editor\" data-id=\"c1fc18c\" data-element_type=\"widget\" data-e-type=\"widget\" data-settings=\"{&quot;ekit_we_effect_on&quot;:&quot;none&quot;}\" data-widget_type=\"text-editor.default\">\n\t\t\t\t\t\t\t\t\t<p class=\"my-2 [&amp;+p]:mt-4 [&amp;_strong:has(+br)]:inline-block [&amp;_strong:has(+br)]:pb-2\">T\u00e1to str\u00e1nka nie je ur\u010den\u00e1 pre deti mlad\u0161ie ako je z\u00e1konom stanoven\u00fd vek. Ich inform\u00e1cie nezhroma\u017e\u010fujeme z\u00e1merne a v\u0161etky n\u00e1jden\u00e9 inform\u00e1cie okam\u017eite vyma\u017eeme. <\/p>\t\t\t\t\t\t\t\t<\/div>\n\t\t\t\t<\/div>\n\t\t<div class=\"elementor-element elementor-element-9a65f8c e-con-full e-flex e-con e-child\" data-id=\"9a65f8c\" data-element_type=\"container\" data-e-type=\"container\" data-settings=\"{&quot;ekit_has_onepagescroll_dot&quot;:&quot;yes&quot;}\">\n\t\t\t\t<div class=\"elementor-element elementor-element-4e797d6 elementor-widget elementor-widget-heading\" data-id=\"4e797d6\" data-element_type=\"widget\" data-e-type=\"widget\" data-settings=\"{&quot;ekit_we_effect_on&quot;:&quot;none&quot;}\" data-widget_type=\"heading.default\">\n\t\t\t\t\t<h2 class=\"elementor-heading-title elementor-size-default\">Zmeny t\u00fdchto z\u00e1sad<\/h2>\t\t\t\t<\/div>\n\t\t\t\t<div class=\"elementor-element elementor-element-2766abe elementor-widget elementor-widget-text-editor\" data-id=\"2766abe\" data-element_type=\"widget\" data-e-type=\"widget\" data-settings=\"{&quot;ekit_we_effect_on&quot;:&quot;none&quot;}\" data-widget_type=\"text-editor.default\">\n\t\t\t\t\t\t\t\t\t<p class=\"my-2 [&amp;+p]:mt-4 [&amp;_strong:has(+br)]:inline-block [&amp;_strong:has(+br)]:pb-2\">Tieto z\u00e1sady m\u00f4\u017eeme upravi\u0165 z d\u00f4vodu na\u0161ich aktualiz\u00e1ci\u00ed alebo pr\u00e1vnych zmien. Zmeny sa zverejnia tu; na\u010falej pou\u017e\u00edvajte str\u00e1nku, aby ste s\u00fahlasili. <\/p>\t\t\t\t\t\t\t\t<\/div>\n\t\t\t\t<\/div>\n\t\t<div class=\"elementor-element elementor-element-bcb4a60 e-con-full e-flex e-con e-child\" data-id=\"bcb4a60\" data-element_type=\"container\" data-e-type=\"container\" data-settings=\"{&quot;ekit_has_onepagescroll_dot&quot;:&quot;yes&quot;}\">\n\t\t\t\t<div class=\"elementor-element elementor-element-37284fd elementor-widget elementor-widget-heading\" data-id=\"37284fd\" data-element_type=\"widget\" data-e-type=\"widget\" data-settings=\"{&quot;ekit_we_effect_on&quot;:&quot;none&quot;}\" data-widget_type=\"heading.default\">\n\t\t\t\t\t<h2 class=\"elementor-heading-title elementor-size-default\">Kontaktujte n\u00e1s\n\n<\/h2>\t\t\t\t<\/div>\n\t\t\t\t<div class=\"elementor-element elementor-element-7e9ac3e elementor-widget elementor-widget-text-editor\" data-id=\"7e9ac3e\" data-element_type=\"widget\" data-e-type=\"widget\" data-settings=\"{&quot;ekit_we_effect_on&quot;:&quot;none&quot;}\" data-widget_type=\"text-editor.default\">\n\t\t\t\t\t\t\t\t\t<p class=\"my-2 [&amp;+p]:mt-4 [&amp;_strong:has(+br)]:inline-block [&amp;_strong:has(+br)]:pb-2\">M\u00e1te ot\u00e1zky t\u00fdkaj\u00face sa t\u00fdchto z\u00e1sad alebo va\u0161ich inform\u00e1ci\u00ed? Kontaktujte n\u00e1s: <\/p><ul><li class=\"my-2 [&amp;+p]:mt-4 [&amp;_strong:has(+br)]:inline-block [&amp;_strong:has(+br)]:pb-2\">Email: <a href=\"mailto:sita@sitapress.sk\">sita@sitapress.sk<\/a><\/li><li class=\"my-2 [&amp;+p]:mt-4 [&amp;_strong:has(+br)]:inline-block [&amp;_strong:has(+br)]:pb-2\">Phone: +421 903 645 123<\/li><li class=\"my-2 [&amp;+p]:mt-4 [&amp;_strong:has(+br)]:inline-block [&amp;_strong:has(+br)]:pb-2\">Adresa: SITAPRESS, U\u010d\u0148ovsk\u00e1 1, 040 15 Ko\u0161ice, Slovensko<\/li><\/ul><p class=\"my-2 [&amp;+p]:mt-4 [&amp;_strong:has(+br)]:inline-block [&amp;_strong:has(+br)]:pb-2\">Podrobnosti o spracovan\u00ed n\u00e1jdete na str\u00e1nke Prev\u00e1dzkovate\u013e osobn\u00fdch \u00fadajov <a href=\"https:\/\/sitapress.com\/sk\/zmluvne-podmienky\/\">Terms and Conditions<\/a> tie\u017e uplatni\u0165. <\/p>\t\t\t\t\t\t\t\t<\/div>\n\t\t\t\t<\/div>\n\t\t\t\t<\/div>\n\t\t\t\t\t<\/div>\n\t\t\t\t<\/div>\n\t\t\t\t<\/div>\n\t\t","protected":false},"excerpt":{"rendered":"<p>Z\u00e1sady ochrany osobn\u00fdch \u00fadajov V spolo\u010dnosti SITAPRESS si cen\u00edme va\u0161e s\u00fakromie a usilovne pracujeme na ochrane \u00fadajov, ktor\u00e9 s nami zdie\u013eate. Tieto z\u00e1sady popisuj\u00fa, ako zhroma\u017e\u010fujeme, spracov\u00e1vame, uchov\u00e1vame a zabezpe\u010dujeme va\u0161e inform\u00e1cie, ke\u010f nav\u0161t\u00edvite na\u0161u str\u00e1nku alebo pou\u017e\u00edvate na\u0161e slu\u017eby. Pre\u010d\u00edtajte si to spolu s na\u0161imi Personal Data Controller podrobnosti, ktor\u00e9 sa vz\u0165ahuj\u00fa na pr\u00e1vne [&hellip;]<\/p>\n","protected":false},"author":1,"featured_media":0,"parent":0,"menu_order":0,"comment_status":"closed","ping_status":"closed","template":"","meta":{"footnotes":""},"class_list":["post-7200","page","type-page","status-publish","hentry"],"_links":{"self":[{"href":"https:\/\/sitapress.com\/sk\/wp-json\/wp\/v2\/pages\/7200","targetHints":{"allow":["GET"]}}],"collection":[{"href":"https:\/\/sitapress.com\/sk\/wp-json\/wp\/v2\/pages"}],"about":[{"href":"https:\/\/sitapress.com\/sk\/wp-json\/wp\/v2\/types\/page"}],"author":[{"embeddable":true,"href":"https:\/\/sitapress.com\/sk\/wp-json\/wp\/v2\/users\/1"}],"replies":[{"embeddable":true,"href":"https:\/\/sitapress.com\/sk\/wp-json\/wp\/v2\/comments?post=7200"}],"version-history":[{"count":3,"href":"https:\/\/sitapress.com\/sk\/wp-json\/wp\/v2\/pages\/7200\/revisions"}],"predecessor-version":[{"id":9551,"href":"https:\/\/sitapress.com\/sk\/wp-json\/wp\/v2\/pages\/7200\/revisions\/9551"}],"wp:attachment":[{"href":"https:\/\/sitapress.com\/sk\/wp-json\/wp\/v2\/media?parent=7200"}],"curies":[{"name":"wp","href":"https:\/\/api.w.org\/{rel}","templated":true}]}}