{"id":7169,"date":"2025-12-16T12:03:54","date_gmt":"2025-12-16T12:03:54","guid":{"rendered":"https:\/\/sitapress.com\/ochrana-osobnych-udajov\/"},"modified":"2026-04-25T08:05:06","modified_gmt":"2026-04-25T08:05:06","slug":"ochrana-osobnych-udajov","status":"publish","type":"page","link":"https:\/\/sitapress.com\/sk\/ochrana-osobnych-udajov\/","title":{"rendered":"Ochrana osobn\u00fdch \u00fadajov"},"content":{"rendered":"\t\t<div data-elementor-type=\"wp-page\" data-elementor-id=\"7169\" class=\"elementor elementor-7169 elementor-2094\" data-elementor-post-type=\"page\">\n\t\t\t\t<div class=\"elementor-element elementor-element-7d41536 e-flex e-con-boxed e-con e-parent\" data-id=\"7d41536\" data-element_type=\"container\" data-e-type=\"container\" data-settings=\"{&quot;ekit_has_onepagescroll_dot&quot;:&quot;yes&quot;}\">\n\t\t\t\t\t<div class=\"e-con-inner\">\n\t\t<div class=\"elementor-element elementor-element-079e777 e-con-full e-flex e-con e-child\" data-id=\"079e777\" data-element_type=\"container\" data-e-type=\"container\" data-settings=\"{&quot;background_background&quot;:&quot;classic&quot;,&quot;ekit_has_onepagescroll_dot&quot;:&quot;yes&quot;}\">\n\t\t\t\t<div class=\"elementor-element elementor-element-f3ecb51 elementor-invisible elementor-widget elementor-widget-heading\" data-id=\"f3ecb51\" data-element_type=\"widget\" data-e-type=\"widget\" data-settings=\"{&quot;_animation&quot;:&quot;fadeInDown&quot;,&quot;ekit_we_effect_on&quot;:&quot;none&quot;}\" data-widget_type=\"heading.default\">\n\t\t\t\t\t<h1 class=\"elementor-heading-title elementor-size-default\">Ochrana osobn\u00fdch \u00fadajov<\/h1>\t\t\t\t<\/div>\n\t\t\t\t<\/div>\n\t\t\t\t\t<\/div>\n\t\t\t\t<\/div>\n\t\t<div class=\"elementor-element elementor-element-d1e6327 e-flex e-con-boxed e-con e-parent\" data-id=\"d1e6327\" data-element_type=\"container\" data-e-type=\"container\" data-settings=\"{&quot;ekit_has_onepagescroll_dot&quot;:&quot;yes&quot;}\">\n\t\t\t\t\t<div class=\"e-con-inner\">\n\t\t<div class=\"elementor-element elementor-element-ace1ed0 e-con-full e-flex e-con e-child\" data-id=\"ace1ed0\" data-element_type=\"container\" data-e-type=\"container\" data-settings=\"{&quot;ekit_has_onepagescroll_dot&quot;:&quot;yes&quot;}\">\n\t\t<div class=\"elementor-element elementor-element-0ca81f7 e-con-full e-flex e-con e-child\" data-id=\"0ca81f7\" data-element_type=\"container\" data-e-type=\"container\" data-settings=\"{&quot;ekit_has_onepagescroll_dot&quot;:&quot;yes&quot;}\">\n\t\t\t\t<div class=\"elementor-element elementor-element-bbd0052 elementor-invisible elementor-widget elementor-widget-heading\" data-id=\"bbd0052\" data-element_type=\"widget\" data-e-type=\"widget\" data-settings=\"{&quot;_animation&quot;:&quot;fadeInDown&quot;,&quot;ekit_we_effect_on&quot;:&quot;none&quot;}\" data-widget_type=\"heading.default\">\n\t\t\t\t\t<h2 class=\"elementor-heading-title elementor-size-default\">Prev\u00e1dzkovate\u013e osobn\u00fdch \u00fadajov<\/h2>\t\t\t\t<\/div>\n\t\t\t\t<div class=\"elementor-element elementor-element-1161dbd elementor-widget elementor-widget-text-editor\" data-id=\"1161dbd\" data-element_type=\"widget\" data-e-type=\"widget\" data-settings=\"{&quot;ekit_we_effect_on&quot;:&quot;none&quot;}\" data-widget_type=\"text-editor.default\">\n\t\t\t\t\t\t\t\t\t<p data-start=\"188\" data-end=\"419\">Prev\u00e1dzkovate\u013eom osobn\u00fdch \u00fadajov, t. j. subjektom, ktor\u00fd sprac\u00fava osobn\u00e9 \u00fadaje dotknutej osoby, je spolo\u010dnos\u0165 SITAPRESS s.r.o. so s\u00eddlom: U\u010d\u0148ovsk\u00e1 1, 040 15 Ko\u0161ice \u2013 \u0160aca, Slovensk\u00e1 republika, zap\u00edsan\u00e1 v Obchodnom registri Okresn\u00e9ho s\u00fadu Ko\u0161ice I, oddiel: Sro, vlo\u017eka \u010d. 11519\/V, I\u010cO: 36197351 DI\u010c: 2020042937 I\u010c DPH: SK2020042937 (\u010falej len \u201eprev\u00e1dzkovate\u013e\u201c).<\/p>\n<p data-start=\"188\" data-end=\"419\">Pri spracovan\u00ed va\u0161ich osobn\u00fdch \u00fadajov prev\u00e1dzkovate\u013e postupuje v s\u00falade s nariaden\u00edm Eur\u00f3pskeho parlamentu a Rady (E\u00da) 2016\/679 o ochrane fyzick\u00fdch os\u00f4b pri spracovan\u00ed osobn\u00fdch \u00fadajov a o vo\u013enom pohybe tak\u00fdchto \u00fadajov, ktor\u00fdm sa zru\u0161uje smernica 95\/46\/ES (v\u0161eobecn\u00e9 nariadenie o ochrane \u00fadajov), a v s\u00falade so z\u00e1konom \u010d. 18\/2018 Z.z. o ochrane osobn\u00fdch \u00fadajov a o zmene a doplnen\u00ed niektor\u00fdch z\u00e1konov. <\/p>\t\t\t\t\t\t\t\t<\/div>\n\t\t\t\t<\/div>\n\t\t<div class=\"elementor-element elementor-element-f647f5e e-con-full e-flex e-con e-child\" data-id=\"f647f5e\" data-element_type=\"container\" data-e-type=\"container\" data-settings=\"{&quot;ekit_has_onepagescroll_dot&quot;:&quot;yes&quot;}\">\n\t\t\t\t<div class=\"elementor-element elementor-element-e5aab46 elementor-invisible elementor-widget elementor-widget-heading\" data-id=\"e5aab46\" data-element_type=\"widget\" data-e-type=\"widget\" data-settings=\"{&quot;_animation&quot;:&quot;fadeInDown&quot;,&quot;ekit_we_effect_on&quot;:&quot;none&quot;}\" data-widget_type=\"heading.default\">\n\t\t\t\t\t<h2 class=\"elementor-heading-title elementor-size-default\">\u00da\u010dely a pr\u00e1vny z\u00e1klad spracovania osobn\u00fdch \u00fadajov<\/h2>\t\t\t\t<\/div>\n\t\t\t\t<div class=\"elementor-element elementor-element-ed4fddf elementor-widget elementor-widget-text-editor\" data-id=\"ed4fddf\" data-element_type=\"widget\" data-e-type=\"widget\" data-settings=\"{&quot;ekit_we_effect_on&quot;:&quot;none&quot;}\" data-widget_type=\"text-editor.default\">\n\t\t\t\t\t\t\t\t\t<p>Prev\u00e1dzkovate\u013e sprac\u00fava osobn\u00e9 \u00fadaje dotknut\u00fdch os\u00f4b v\u00fdlu\u010dne v rozsahu nevyhnutnom na splnenie \u00fa\u010delu a obchodn\u00fdch podmienok.<\/p>\t\t\t\t\t\t\t\t<\/div>\n\t\t\t\t<\/div>\n\t\t<div class=\"elementor-element elementor-element-21c6855 e-con-full e-flex e-con e-child\" data-id=\"21c6855\" data-element_type=\"container\" data-e-type=\"container\" data-settings=\"{&quot;ekit_has_onepagescroll_dot&quot;:&quot;yes&quot;}\">\n\t\t\t\t<div class=\"elementor-element elementor-element-9e49b2e elementor-widget elementor-widget-heading\" data-id=\"9e49b2e\" data-element_type=\"widget\" data-e-type=\"widget\" data-settings=\"{&quot;ekit_we_effect_on&quot;:&quot;none&quot;}\" data-widget_type=\"heading.default\">\n\t\t\t\t\t<h2 class=\"elementor-heading-title elementor-size-default\">Doba uchov\u00e1vania osobn\u00fdch \u00fadajov<\/h2>\t\t\t\t<\/div>\n\t\t\t\t<div class=\"elementor-element elementor-element-7e1f9d8 elementor-widget elementor-widget-text-editor\" data-id=\"7e1f9d8\" data-element_type=\"widget\" data-e-type=\"widget\" data-settings=\"{&quot;ekit_we_effect_on&quot;:&quot;none&quot;}\" data-widget_type=\"text-editor.default\">\n\t\t\t\t\t\t\t\t\t<p>Prev\u00e1dzkovate\u013e bude uchov\u00e1va\u0165 osobn\u00e9 \u00fadaje vo forme, ktor\u00e1 umo\u017e\u0148uje identifik\u00e1ciu dotknutej osoby, najnesk\u00f4r po dobu nevyhnutn\u00fa na dosiahnutie \u00fa\u010delu, na ktor\u00fd sa osobn\u00e9 \u00fadaje sprac\u00favaj\u00fa, a\/alebo na uplatnenie pr\u00e1vneho n\u00e1roku. Prev\u00e1dzkovate\u013e bude uchov\u00e1va\u0165 osobn\u00e9 \u00fadaje najnesk\u00f4r do konca doby, pokia\u013e dotknut\u00e1 osoba neuplatn\u00ed svoje pr\u00e1vo odvola\u0165 s\u00fahlas so sprac\u00favan\u00edm osobn\u00fdch \u00fadajov sk\u00f4r. Prev\u00e1dzkovate\u013e bude uchov\u00e1va\u0165 osobn\u00e9 \u00fadaje najnesk\u00f4r po dobu nevyhnutn\u00fa na splnenie povinnost\u00ed pod\u013ea osobitn\u00e9ho predpisu.  <\/p>\t\t\t\t\t\t\t\t<\/div>\n\t\t\t\t<\/div>\n\t\t<div class=\"elementor-element elementor-element-f50a065 e-con-full e-flex e-con e-child\" data-id=\"f50a065\" data-element_type=\"container\" data-e-type=\"container\" data-settings=\"{&quot;ekit_has_onepagescroll_dot&quot;:&quot;yes&quot;}\">\n\t\t\t\t<div class=\"elementor-element elementor-element-c050972 elementor-widget elementor-widget-heading\" data-id=\"c050972\" data-element_type=\"widget\" data-e-type=\"widget\" data-settings=\"{&quot;ekit_we_effect_on&quot;:&quot;none&quot;}\" data-widget_type=\"heading.default\">\n\t\t\t\t\t<h2 class=\"elementor-heading-title elementor-size-default\">Identifik\u00e1cia pr\u00edjemcov osobn\u00fdch \u00fadajov<\/h2>\t\t\t\t<\/div>\n\t\t\t\t<div class=\"elementor-element elementor-element-139f6e4 elementor-widget elementor-widget-text-editor\" data-id=\"139f6e4\" data-element_type=\"widget\" data-e-type=\"widget\" data-settings=\"{&quot;ekit_we_effect_on&quot;:&quot;none&quot;}\" data-widget_type=\"text-editor.default\">\n\t\t\t\t\t\t\t\t\t<p>Prev\u00e1dzkovate\u013e nie je opr\u00e1vnen\u00fd poskytn\u00fa\u0165 osobn\u00e9 \u00fadaje dotknut\u00fdch os\u00f4b \u017eiadnym tret\u00edm stran\u00e1m okrem Spracovate\u013ea.<\/p>\t\t\t\t\t\t\t\t<\/div>\n\t\t\t\t<\/div>\n\t\t<div class=\"elementor-element elementor-element-bc546e5 e-con-full e-flex e-con e-child\" data-id=\"bc546e5\" data-element_type=\"container\" data-e-type=\"container\" data-settings=\"{&quot;ekit_has_onepagescroll_dot&quot;:&quot;yes&quot;}\">\n\t\t\t\t<div class=\"elementor-element elementor-element-156fb85 elementor-widget elementor-widget-heading\" data-id=\"156fb85\" data-element_type=\"widget\" data-e-type=\"widget\" data-settings=\"{&quot;ekit_we_effect_on&quot;:&quot;none&quot;}\" data-widget_type=\"heading.default\">\n\t\t\t\t\t<h2 class=\"elementor-heading-title elementor-size-default\">Pr\u00e1va dotknut\u00fdch os\u00f4b<\/h2>\t\t\t\t<\/div>\n\t\t\t\t<div class=\"elementor-element elementor-element-305e513 elementor-widget elementor-widget-text-editor\" data-id=\"305e513\" data-element_type=\"widget\" data-e-type=\"widget\" data-settings=\"{&quot;ekit_we_effect_on&quot;:&quot;none&quot;}\" data-widget_type=\"text-editor.default\">\n\t\t\t\t\t\t\t\t\t<ul>\n<li data-start=\"2156\" data-end=\"2464\">\n<p data-start=\"2158\" data-end=\"2464\">Ak je pr\u00e1vnym z\u00e1kladom pre spracovanie osobn\u00fdch \u00fadajov dotknutej osoby jej s\u00fahlas, dotknut\u00e1 osoba m\u00f4\u017ee svoj s\u00fahlas kedyko\u013evek odvola\u0165 zaslan\u00edm e-mailu na ni\u017e\u0161ie uveden\u00fa e-mailov\u00fa adresu. Odvolanie s\u00fahlasu nem\u00e1 vplyv na z\u00e1konnos\u0165 spracovania na z\u00e1klade s\u00fahlasu udelen\u00e9ho pred jeho odvolan\u00edm. <\/p>\n<\/li>\n<li data-start=\"2466\" data-end=\"2575\">\n<p data-start=\"2468\" data-end=\"2575\"><a class=\"decorated-link cursor-pointer\" rel=\"noopener\" data-start=\"2557\" data-end=\"2574\">info@sitapress.sk<\/a>.<\/p>\n<\/li>\n<li data-start=\"2577\" data-end=\"2860\">\n<p data-start=\"2579\" data-end=\"2860\">Dotknut\u00e1 osoba m\u00e1 pr\u00e1vo na z\u00e1klade \u017eiadosti po\u017eadova\u0165 od prev\u00e1dzkovate\u013ea potvrdenie, \u010di sa osobn\u00e9 \u00fadaje dotknutej osoby sprac\u00favaj\u00fa alebo nie, a ak \u00e1no, po\u017eadova\u0165 inform\u00e1ciu o sprac\u00favan\u00ed osobn\u00fdch \u00fadajov, ktor\u00e9 sa jej t\u00fdkaj\u00fa.<\/p>\n<\/li>\n<li data-start=\"2862\" data-end=\"3200\">\n<p data-start=\"2864\" data-end=\"3200\">Dotknut\u00e1 osoba m\u00e1 pr\u00e1vo na opravu osobn\u00fdch \u00fadajov, ktor\u00e9 sa jej t\u00fdkaj\u00fa. Za \u00fa\u010delom zabezpe\u010denia presnosti osobn\u00fdch \u00fadajov dotknutej osoby je ka\u017ed\u00e1 dotknut\u00e1 osoba povinn\u00e1 ozn\u00e1mi\u0165 prev\u00e1dzkovate\u013eovi presn\u00e9 a pravdiv\u00e9 osobn\u00e9 \u00fadaje a v\u0161etky zmeny osobn\u00fdch \u00fadajov, ktor\u00e9 prev\u00e1dzkovate\u013eovi poskytla. <\/p>\n<\/li>\n<li data-start=\"3202\" data-end=\"3703\">\n<p data-start=\"3204\" data-end=\"3703\">Dotknut\u00e1 osoba m\u00e1 pr\u00e1vo na prenosnos\u0165 osobn\u00fdch \u00fadajov, ktor\u00e9 sa jej t\u00fdkaj\u00fa a ktor\u00e9 poskytla prev\u00e1dzkovate\u013eovi, v \u0161trukt\u00farovanom, be\u017ene pou\u017e\u00edvanom a strojovo \u010ditate\u013enom form\u00e1te, ak sa osobn\u00e9 \u00fadaje dotknutej osoby sprac\u00favaj\u00fa automatizovan\u00fdm sp\u00f4sobom a na z\u00e1klade zml\u00fav alebo s\u00fahlasu dotknutej osoby a pred uplynut\u00edm doby uchov\u00e1vania osobn\u00fdch \u00fadajov. Uplatnenie tohto pr\u00e1va nesmie ma\u0165 nepriazniv\u00e9 d\u00f4sledky pre pr\u00e1va in\u00fdch os\u00f4b. <\/p>\n<\/li>\n<li data-start=\"3705\" data-end=\"4719\">\n<p data-start=\"3707\" data-end=\"4719\">Dotknut\u00e1 osoba m\u00e1 pr\u00e1vo na zni\u010denie osobn\u00fdch \u00fadajov (pr\u00e1vo na vymazanie osobn\u00fdch \u00fadajov), ktor\u00e9 s\u00fa predmetom sprac\u00favania, ak do\u0161lo k poru\u0161eniu z\u00e1kona, alebo po odvolan\u00ed s\u00fahlasu, alebo ak sa skon\u010dil \u00fa\u010del sprac\u00favania, alebo po uplynut\u00ed doby uchov\u00e1vania osobn\u00fdch \u00fadajov. Pr\u00e1vo na zni\u010denie osobn\u00fdch \u00fadajov sa neuplat\u0148uje, ak je sprac\u00favanie osobn\u00fdch \u00fadajov nevyhnutn\u00e9 na: v\u00fdkon pr\u00e1va na slobodu prejavu alebo v\u00fdkon pr\u00e1va na inform\u00e1cie, plnenie povinnost\u00ed pod\u013ea z\u00e1kona \u010d. 18\/2018 o ochrane osobn\u00fdch \u00fadajov a o zmene a doplnen\u00ed niektor\u00fdch z\u00e1konov (\u00fa\u010dinn\u00fd od 25.5.2018) alebo osobitn\u00e9ho predpisu, v\u00fdkon pr\u00e1vneho n\u00e1roku na \u00fa\u010dely archiv\u00e1cie, na vedeck\u00e9 \u00fa\u010dely, na \u00fa\u010dely historick\u00e9ho v\u00fdskumu alebo na \u0161tatistick\u00e9 \u00fa\u010dely pod\u013ea \u00a7 78 ods. 8, ak je pravdepodobn\u00e9, \u017ee pr\u00e1vo pod\u013ea odseku 1 znemo\u017en\u00ed alebo z\u00e1va\u017ene s\u0165a\u017e\u00ed dosiahnutie cie\u013eov tak\u00e9hoto sprac\u00favania. <\/p>\n<\/li>\n<li data-start=\"4721\" data-end=\"5580\">\n<p data-start=\"4723\" data-end=\"5580\">Pr\u00e1vo na obmedzenie sprac\u00favania osobn\u00fdch \u00fadajov, ak: dotknut\u00e1 osoba namieta presnos\u0165 osobn\u00fdch \u00fadajov, a to po\u010das lehoty umo\u017e\u0148uj\u00facej prev\u00e1dzkovate\u013eovi overi\u0165 presnos\u0165 osobn\u00fdch \u00fadajov, sprac\u00favanie osobn\u00fdch \u00fadajov je nez\u00e1konn\u00e9 a dotknut\u00e1 osoba namieta vymazanie osobn\u00fdch \u00fadajov a \u017eiada namiesto toho obmedzenie ich pou\u017eitia, prev\u00e1dzkovate\u013e u\u017e osobn\u00e9 \u00fadaje nepotrebuje na \u00fa\u010del sprac\u00favania osobn\u00fdch \u00fadajov, ale dotknut\u00e1 osoba ich potrebuje na uplatnenie pr\u00e1vneho n\u00e1roku, alebo dotknut\u00e1 osoba namieta sprac\u00favanie osobn\u00fdch \u00fadajov pod\u013ea \u00a7 27 ods. 1 z\u00e1kona \u010d. 18\/2018 o ochrane osobn\u00fdch \u00fadajov a o zmene a doplnen\u00ed niektor\u00fdch z\u00e1konov (\u00fa\u010dinn\u00fd od 25.5.2018), a to a\u017e do overenia, \u010di opr\u00e1vnen\u00e9 d\u00f4vody prev\u00e1dzkovate\u013ea preva\u017euj\u00fa nad d\u00f4vodmi dotknutej osoby.<\/p>\n<\/li>\n<li data-start=\"5582\" data-end=\"5738\">\n<p data-start=\"5584\" data-end=\"5738\">Ak m\u00e1te podozrenie, \u017ee va\u0161e osobn\u00e9 \u00fadaje s\u00fa sprac\u00favan\u00e9 nez\u00e1konne, m\u00e1te pr\u00e1vo poda\u0165 s\u0165a\u017enos\u0165 na \u00darad pre ochranu osobn\u00fdch \u00fadajov.<\/p>\n<\/li>\n<\/ul>\t\t\t\t\t\t\t\t<\/div>\n\t\t\t\t<\/div>\n\t\t<div class=\"elementor-element elementor-element-78b67b1 e-con-full e-flex e-con e-child\" data-id=\"78b67b1\" data-element_type=\"container\" data-e-type=\"container\" data-settings=\"{&quot;ekit_has_onepagescroll_dot&quot;:&quot;yes&quot;}\">\n\t\t\t\t<div class=\"elementor-element elementor-element-b94fe60 elementor-widget elementor-widget-heading\" data-id=\"b94fe60\" data-element_type=\"widget\" data-e-type=\"widget\" data-settings=\"{&quot;ekit_we_effect_on&quot;:&quot;none&quot;}\" data-widget_type=\"heading.default\">\n\t\t\t\t\t<h2 class=\"elementor-heading-title elementor-size-default\">Kontaktn\u00e9 \u00fadaje prev\u00e1dzkovate\u013ea<\/h2>\t\t\t\t<\/div>\n\t\t\t\t<div class=\"elementor-element elementor-element-e743e24 elementor-widget elementor-widget-text-editor\" data-id=\"e743e24\" data-element_type=\"widget\" data-e-type=\"widget\" data-settings=\"{&quot;ekit_we_effect_on&quot;:&quot;none&quot;}\" data-widget_type=\"text-editor.default\">\n\t\t\t\t\t\t\t\t\t<p data-start=\"1808\" data-end=\"1948\">Dotknut\u00e1 osoba m\u00f4\u017ee ak\u00e9ko\u013evek pripomienky, ot\u00e1zky, n\u00e1vrhy a po\u017eiadavky adresova\u0165 prev\u00e1dzkovate\u013eovi osobn\u00fdch \u00fadajov e-mailom na nasleduj\u00facu e-mailov\u00fa adresu: <a class=\"decorated-link cursor-pointer\" rel=\"noopener\" data-start=\"5936\" data-end=\"5953\">info@sitapress.sk<\/a><\/p>\t\t\t\t\t\t\t\t<\/div>\n\t\t\t\t<\/div>\n\t\t<div class=\"elementor-element elementor-element-389d8b7 e-con-full e-flex e-con e-child\" data-id=\"389d8b7\" data-element_type=\"container\" data-e-type=\"container\" data-settings=\"{&quot;ekit_has_onepagescroll_dot&quot;:&quot;yes&quot;}\">\n\t\t\t\t<div class=\"elementor-element elementor-element-a324cff elementor-widget elementor-widget-heading\" data-id=\"a324cff\" data-element_type=\"widget\" data-e-type=\"widget\" data-settings=\"{&quot;ekit_we_effect_on&quot;:&quot;none&quot;}\" data-widget_type=\"heading.default\">\n\t\t\t\t\t<h2 class=\"elementor-heading-title elementor-size-default\">Z\u00e1sady pou\u017e\u00edvania s\u00faborov cookie<\/h2>\t\t\t\t<\/div>\n\t\t\t\t<div class=\"elementor-element elementor-element-69184de elementor-widget elementor-widget-text-editor\" data-id=\"69184de\" data-element_type=\"widget\" data-e-type=\"widget\" data-settings=\"{&quot;ekit_we_effect_on&quot;:&quot;none&quot;}\" data-widget_type=\"text-editor.default\">\n\t\t\t\t\t\t\t\t\t<p>Aby sme neust\u00e1le zlep\u0161ovali na\u0161e slu\u017eby, na\u0161e webov\u00e9 str\u00e1nky pou\u017e\u00edvaj\u00fa s\u00fabory cookie, \u010do s\u00fa mal\u00e9 s\u00fabory ulo\u017een\u00e9 vo va\u0161om prehliada\u010di alebo na pevnom disku v\u00e1\u0161ho po\u010d\u00edta\u010da. S\u00fabory cookie pom\u00e1haj\u00fa v\u00e1\u0161mu po\u010d\u00edta\u010du zapam\u00e4ta\u0165 si str\u00e1nky, ktor\u00e9 nav\u0161tevujete, a va\u0161e preferencie pre tieto str\u00e1nky (napr. preferovan\u00fd jazyk). Zvy\u0161uj\u00fa pou\u017e\u00edvate\u013esk\u00fa pr\u00edvetivos\u0165 opakovane nav\u0161tevovanej webovej str\u00e1nky, a preto s\u00fa pre v\u00e1s u\u017eito\u010dn\u00e9. Tieto \u00fadaje pou\u017e\u00edvame napr\u00edklad na poskytovanie slu\u017eieb, prisp\u00f4sobenie rekl\u00e1m, anal\u00fdzu n\u00e1v\u0161tevnosti. Ak nes\u00fahlas\u00edte s pou\u017e\u00edvan\u00edm s\u00faborov cookie na na\u0161ej webovej str\u00e1nke, m\u00f4\u017eete ukladanie s\u00faborov cookie zak\u00e1za\u0165 pomocou nastaven\u00ed prehliada\u010da. Pre podrobnej\u0161ie inform\u00e1cie pou\u017eite, pros\u00edm, pomoc v\u00e1\u0161ho prehliada\u010da.<\/p>\t\t\t\t\t\t\t\t<\/div>\n\t\t\t\t<div class=\"elementor-element elementor-element-905d6ff elementor-widget elementor-widget-text-editor\" data-id=\"905d6ff\" data-element_type=\"widget\" data-e-type=\"widget\" data-settings=\"{&quot;ekit_we_effect_on&quot;:&quot;none&quot;}\" data-widget_type=\"text-editor.default\">\n\t\t\t\t\t\t\t\t\t<p><a href=\"https:\/\/sitapress.com\/sk\/zasady-ochrany-osobnych-udajov\/\"><strong>\u00dapln\u00e9 inform\u00e1cie o tom, ako spracov\u00e1vame va\u0161e osobn\u00e9 \u00fadaje, n\u00e1jdete v na\u0161ichPrivacy Policy<\/strong><\/a>.<\/p>\t\t\t\t\t\t\t\t<\/div>\n\t\t\t\t<\/div>\n\t\t<div class=\"elementor-element elementor-element-e3974a9 e-con-full e-flex e-con e-child\" data-id=\"e3974a9\" data-element_type=\"container\" data-e-type=\"container\" data-settings=\"{&quot;ekit_has_onepagescroll_dot&quot;:&quot;yes&quot;}\">\n\t\t\t\t<div class=\"elementor-element elementor-element-e9684cf elementor-widget elementor-widget-heading\" data-id=\"e9684cf\" data-element_type=\"widget\" data-e-type=\"widget\" data-settings=\"{&quot;ekit_we_effect_on&quot;:&quot;none&quot;}\" data-widget_type=\"heading.default\">\n\t\t\t\t\t<h2 class=\"elementor-heading-title elementor-size-default\">Widgety soci\u00e1lnych siet\u00ed a \u010fal\u0161ie aplik\u00e1cie<\/h2>\t\t\t\t<\/div>\n\t\t\t\t<div class=\"elementor-element elementor-element-0d71760 elementor-widget elementor-widget-text-editor\" data-id=\"0d71760\" data-element_type=\"widget\" data-e-type=\"widget\" data-settings=\"{&quot;ekit_we_effect_on&quot;:&quot;none&quot;}\" data-widget_type=\"text-editor.default\">\n\t\t\t\t\t\t\t\t\t<p>Na na\u0161ej webovej str\u00e1nke pou\u017e\u00edvame widgety soci\u00e1lnych siet\u00ed Facebook a Messenger. Tieto aplik\u00e1cie stiahnu\u0165 a pou\u017e\u00edva\u0165 inform\u00e1cie o pou\u017e\u00edvan\u00ed na\u0161ej webovej str\u00e1nky. Ak\u00e9ko\u013evek osobn\u00e9 \u00fadaje, ktor\u00e9 poskytnete prostredn\u00edctvom t\u00fdchto aplik\u00e1ci\u00ed, m\u00f4\u017ee poskytn\u00fa\u0165 tieto slu\u017eby. Spracovanie t\u00fdchto \u00fadajov sa riadi zmluvn\u00fdmi podmienkami t\u00fdchto spolo\u010dnost\u00ed (pozri odkazy). Spolo\u010dnos\u0165 SITAPRESS sro so s\u00eddlom: U\u010d\u0148ovsk\u00e1 1, 040 15 Ko\u0161ice &#8211; \u0160aca, Slovensk\u00e1 republika, nem\u00e1 po\u017eiadavku na kontrolu nad rozsahom, sp\u00f4sobom a cie\u013eom spracovania \u00fadajov poskytovate\u013eov a nenesie \u017eiadnu \u017eiados\u0165.    <\/p>\t\t\t\t\t\t\t\t<\/div>\n\t\t\t\t<div class=\"elementor-element elementor-element-c0d9092 elementor-widget elementor-widget-text-editor\" data-id=\"c0d9092\" data-element_type=\"widget\" data-e-type=\"widget\" data-settings=\"{&quot;ekit_we_effect_on&quot;:&quot;none&quot;}\" data-widget_type=\"text-editor.default\">\n\t\t\t\t\t\t\t\t\t<p>Pr\u00e1vny r\u00e1mec a pr\u00e1va si m\u00f4\u017eete podrobne pre\u0161tudova\u0165 aj na na\u0161ej <a href=\"https:\/\/sitapress.com\/sk\/zmluvne-podmienky\/\"><strong>Terms and Conditions<\/strong><\/a> str\u00e1nku.<\/p>\t\t\t\t\t\t\t\t<\/div>\n\t\t\t\t<\/div>\n\t\t<div class=\"elementor-element elementor-element-8a69765 e-con-full e-flex e-con e-child\" data-id=\"8a69765\" data-element_type=\"container\" data-e-type=\"container\" data-settings=\"{&quot;ekit_has_onepagescroll_dot&quot;:&quot;yes&quot;}\">\n\t\t\t\t<div class=\"elementor-element elementor-element-7903c82 elementor-widget elementor-widget-heading\" data-id=\"7903c82\" data-element_type=\"widget\" data-e-type=\"widget\" data-settings=\"{&quot;ekit_we_effect_on&quot;:&quot;none&quot;}\" data-widget_type=\"heading.default\">\n\t\t\t\t\t<h2 class=\"elementor-heading-title elementor-size-default\">Kontaktujte n\u00e1s\n<\/h2>\t\t\t\t<\/div>\n\t\t\t\t<div class=\"elementor-element elementor-element-81c848e elementor-widget elementor-widget-text-editor\" data-id=\"81c848e\" data-element_type=\"widget\" data-e-type=\"widget\" data-settings=\"{&quot;ekit_we_effect_on&quot;:&quot;none&quot;}\" data-widget_type=\"text-editor.default\">\n\t\t\t\t\t\t\t\t\t<p data-start=\"4107\" data-end=\"4227\">Ak m\u00e1te ak\u00e9ko\u013evek ot\u00e1zky, obavy alebo po\u017eiadavky t\u00fdkaj\u00face sa tejto ochrany osobn\u00fdch \u00fadajov alebo na\u0161ich postupov pri spracovan\u00ed \u00fadajov, kontaktujte n\u00e1s:<\/p><ul><li data-start=\"4229\" data-end=\"4333\"><strong data-start=\"3070\" data-end=\"3080\">Email:<\/strong> <a href=\"mailto:sita@sitapress.sk\">sita@sitapress.sk<\/a><\/li><li data-start=\"4229\" data-end=\"4333\">Phone: +421 903 645 123<\/li><li data-start=\"4229\" data-end=\"4333\"><strong data-start=\"3137\" data-end=\"3149\">Address:<\/strong> SITAPRESS, U\u010d\u0148ovsk\u00e1 1, 040 15 town Kosice, Slovakia<\/li><\/ul>\t\t\t\t\t\t\t\t<\/div>\n\t\t\t\t<\/div>\n\t\t\t\t<\/div>\n\t\t\t\t\t<\/div>\n\t\t\t\t<\/div>\n\t\t\t\t<\/div>\n\t\t","protected":false},"excerpt":{"rendered":"<p>Ochrana osobn\u00fdch \u00fadajov Prev\u00e1dzkovate\u013e osobn\u00fdch \u00fadajov Prev\u00e1dzkovate\u013eom osobn\u00fdch \u00fadajov, t. j. subjektom, ktor\u00fd sprac\u00fava osobn\u00e9 \u00fadaje dotknutej osoby, je spolo\u010dnos\u0165 SITAPRESS s.r.o. so s\u00eddlom: U\u010d\u0148ovsk\u00e1 1, 040 15 Ko\u0161ice \u2013 \u0160aca, Slovensk\u00e1 republika, zap\u00edsan\u00e1 v Obchodnom registri Okresn\u00e9ho s\u00fadu Ko\u0161ice I, oddiel: Sro, vlo\u017eka \u010d. 11519\/V, I\u010cO: 36197351 DI\u010c: 2020042937 I\u010c DPH: SK2020042937 (\u010falej len [&hellip;]<\/p>\n","protected":false},"author":1,"featured_media":0,"parent":0,"menu_order":0,"comment_status":"closed","ping_status":"closed","template":"","meta":{"footnotes":""},"class_list":["post-7169","page","type-page","status-publish","hentry"],"_links":{"self":[{"href":"https:\/\/sitapress.com\/sk\/wp-json\/wp\/v2\/pages\/7169","targetHints":{"allow":["GET"]}}],"collection":[{"href":"https:\/\/sitapress.com\/sk\/wp-json\/wp\/v2\/pages"}],"about":[{"href":"https:\/\/sitapress.com\/sk\/wp-json\/wp\/v2\/types\/page"}],"author":[{"embeddable":true,"href":"https:\/\/sitapress.com\/sk\/wp-json\/wp\/v2\/users\/1"}],"replies":[{"embeddable":true,"href":"https:\/\/sitapress.com\/sk\/wp-json\/wp\/v2\/comments?post=7169"}],"version-history":[{"count":3,"href":"https:\/\/sitapress.com\/sk\/wp-json\/wp\/v2\/pages\/7169\/revisions"}],"predecessor-version":[{"id":9548,"href":"https:\/\/sitapress.com\/sk\/wp-json\/wp\/v2\/pages\/7169\/revisions\/9548"}],"wp:attachment":[{"href":"https:\/\/sitapress.com\/sk\/wp-json\/wp\/v2\/media?parent=7169"}],"curies":[{"name":"wp","href":"https:\/\/api.w.org\/{rel}","templated":true}]}}