{"id":6310,"date":"2025-12-03T10:11:31","date_gmt":"2025-12-03T10:11:31","guid":{"rendered":"https:\/\/sitapress.com\/podpora\/"},"modified":"2026-03-30T13:35:41","modified_gmt":"2026-03-30T13:35:41","slug":"podpora","status":"publish","type":"page","link":"https:\/\/sitapress.com\/sk\/podpora\/","title":{"rendered":"Podpora"},"content":{"rendered":"\t\t<div data-elementor-type=\"wp-page\" data-elementor-id=\"6310\" class=\"elementor elementor-6310 elementor-658\" data-elementor-post-type=\"page\">\n\t\t\t\t<div class=\"elementor-element elementor-element-3d20e8a e-flex e-con-boxed e-con e-parent\" data-id=\"3d20e8a\" data-element_type=\"container\" data-e-type=\"container\" data-settings=\"{&quot;ekit_has_onepagescroll_dot&quot;:&quot;yes&quot;}\">\n\t\t\t\t\t<div class=\"e-con-inner\">\n\t\t<div class=\"elementor-element elementor-element-7b6eeb8 e-con-full e-flex e-con e-child\" data-id=\"7b6eeb8\" data-element_type=\"container\" data-e-type=\"container\" data-settings=\"{&quot;background_background&quot;:&quot;classic&quot;,&quot;ekit_has_onepagescroll_dot&quot;:&quot;yes&quot;}\">\n\t\t\t\t<div class=\"elementor-element elementor-element-c2ce390 elementor-invisible elementor-widget elementor-widget-heading\" data-id=\"c2ce390\" data-element_type=\"widget\" data-e-type=\"widget\" data-settings=\"{&quot;_animation&quot;:&quot;fadeInDown&quot;,&quot;ekit_we_effect_on&quot;:&quot;none&quot;}\" data-widget_type=\"heading.default\">\n\t\t\t\t\t<h1 class=\"elementor-heading-title elementor-size-default\">In\u017einierska podpora a poradenstvo<\/h1>\t\t\t\t<\/div>\n\t\t\t\t<\/div>\n\t\t\t\t\t<\/div>\n\t\t\t\t<\/div>\n\t\t<div class=\"elementor-element elementor-element-5bc2ef7 e-flex e-con-boxed e-con e-parent\" data-id=\"5bc2ef7\" data-element_type=\"container\" data-e-type=\"container\" data-settings=\"{&quot;ekit_has_onepagescroll_dot&quot;:&quot;yes&quot;}\">\n\t\t\t\t\t<div class=\"e-con-inner\">\n\t\t<div class=\"elementor-element elementor-element-2f1cb56 e-con-full e-flex e-con e-child\" data-id=\"2f1cb56\" data-element_type=\"container\" data-e-type=\"container\" data-settings=\"{&quot;ekit_has_onepagescroll_dot&quot;:&quot;yes&quot;}\">\n\t\t\t\t<div class=\"elementor-element elementor-element-99ad228 elementor-invisible elementor-widget elementor-widget-heading\" data-id=\"99ad228\" data-element_type=\"widget\" data-e-type=\"widget\" data-settings=\"{&quot;_animation&quot;:&quot;fadeInUp&quot;,&quot;ekit_we_effect_on&quot;:&quot;none&quot;}\" data-widget_type=\"heading.default\">\n\t\t\t\t\t<h2 class=\"elementor-heading-title elementor-size-default\">V\u00e1\u0161 in\u017einiersky partner: Premena konceptov na prec\u00edznu realitu<\/h2>\t\t\t\t<\/div>\n\t\t\t\t<div class=\"elementor-element elementor-element-ae6fb3c elementor-widget elementor-widget-text-editor\" data-id=\"ae6fb3c\" data-element_type=\"widget\" data-e-type=\"widget\" data-settings=\"{&quot;ekit_we_effect_on&quot;:&quot;none&quot;}\" data-widget_type=\"text-editor.default\">\n\t\t\t\t\t\t\t\t\t<p><span data-path-to-node=\"6,2\"><span class=\"citation-398\">Na\u0161e technick\u00e9 know-how n\u00e1m umo\u017e\u0148uje vies\u0165, podporova\u0165 a v kone\u010dnom d\u00f4sledku realizova\u0165 va\u0161e najunik\u00e1tnej\u0161ie a najkomplexnej\u0161ie n\u00e1pady<\/span><\/span><span data-path-to-node=\"6,4\">. <\/span><span data-path-to-node=\"6,6\"><span class=\"citation-397\">Prostredn\u00edctvom kon\u0161trukt\u00edvneho a cenn\u00e9ho technick\u00e9ho dial\u00f3gu rozv\u00edjame va\u0161e po\u010diato\u010dn\u00e9 koncepty do plne implementovan\u00fdch priemyseln\u00fdch rie\u0161en\u00ed<\/span><\/span><span data-path-to-node=\"6,8\">. <\/span> <\/p><p><span data-path-to-node=\"6,10\"><span class=\"citation-396\">Tento kolaborat\u00edvny pr\u00edstup zais\u0165uje jedine\u010dn\u00e9, vysokokvalitn\u00e9 v\u00fdsledky v ka\u017edej f\u00e1ze v\u00fdrobn\u00e9ho procesu, sl\u00fa\u017eiac ako z\u00e1kladn\u00fd kame\u0148 profesion\u00e1lnych slu\u017eieb, ktor\u00e9 pon\u00fakame<\/span><\/span><span data-path-to-node=\"6,12\">.<\/span><\/p>\t\t\t\t\t\t\t\t<\/div>\n\t\t\t\t<\/div>\n\t\t<div class=\"elementor-element elementor-element-f865e11 e-con-full e-flex e-con e-child\" data-id=\"f865e11\" data-element_type=\"container\" data-e-type=\"container\" data-settings=\"{&quot;ekit_has_onepagescroll_dot&quot;:&quot;yes&quot;}\">\n\t\t\t\t<div class=\"elementor-element elementor-element-894b76c elementor-invisible elementor-widget elementor-widget-image\" data-id=\"894b76c\" data-element_type=\"widget\" data-e-type=\"widget\" data-settings=\"{&quot;_animation&quot;:&quot;fadeInRight&quot;,&quot;ekit_we_effect_on&quot;:&quot;none&quot;}\" data-widget_type=\"image.default\">\n\t\t\t\t\t\t\t\t\t\t\t\t\t\t\t<img decoding=\"async\" src=\"https:\/\/sitapress.com\/wp-content\/uploads\/2025\/12\/Image-2.png\" title=\"\" alt=\"\" loading=\"lazy\" \/>\t\t\t\t\t\t\t\t\t\t\t\t\t\t\t<\/div>\n\t\t\t\t<\/div>\n\t\t\t\t\t<\/div>\n\t\t\t\t<\/div>\n\t\t<div class=\"elementor-element elementor-element-a318892 e-flex e-con-boxed e-con e-parent\" data-id=\"a318892\" data-element_type=\"container\" data-e-type=\"container\" data-settings=\"{&quot;ekit_has_onepagescroll_dot&quot;:&quot;yes&quot;}\">\n\t\t\t\t\t<div class=\"e-con-inner\">\n\t\t<div class=\"elementor-element elementor-element-d0d22da e-con-full e-flex e-con e-child\" data-id=\"d0d22da\" data-element_type=\"container\" data-e-type=\"container\" data-settings=\"{&quot;ekit_has_onepagescroll_dot&quot;:&quot;yes&quot;}\">\n\t\t\t\t<div class=\"elementor-element elementor-element-0c7d60f elementor-invisible elementor-widget elementor-widget-heading\" data-id=\"0c7d60f\" data-element_type=\"widget\" data-e-type=\"widget\" data-settings=\"{&quot;_animation&quot;:&quot;fadeInUp&quot;,&quot;ekit_we_effect_on&quot;:&quot;none&quot;}\" data-widget_type=\"heading.default\">\n\t\t\t\t\t<h2 class=\"elementor-heading-title elementor-size-default\">Najmodernej\u0161ia technol\u00f3gia pre rie\u0161enia na mieru<\/h2>\t\t\t\t<\/div>\n\t\t\t\t<div class=\"elementor-element elementor-element-0a8ee97 elementor-widget elementor-widget-text-editor\" data-id=\"0a8ee97\" data-element_type=\"widget\" data-e-type=\"widget\" data-settings=\"{&quot;ekit_we_effect_on&quot;:&quot;none&quot;}\" data-widget_type=\"text-editor.default\">\n\t\t\t\t\t\t\t\t\t<p><span data-path-to-node=\"12,2\"><span class=\"citation-394\">Sitapress vyu\u017e\u00edva rozsiahle sk\u00fasenosti a \u0161irok\u00fa \u0161k\u00e1lu pokro\u010dil\u00fdch strojov na v\u00fdvoj produktov na mieru pre glob\u00e1lnych OEM v\u00fdrobcov a producentov<\/span><\/span><span data-path-to-node=\"12,4\">. <\/span><span data-path-to-node=\"12,6\"><span class=\"citation-393\">Kombin\u00e1ciou prec\u00edzneho in\u017einierstva s vysokokvalitnou tla\u010dou vyr\u00e1bame priemyseln\u00e9 \u0161t\u00edtky a etikety, ktor\u00e9 odol\u00e1vaj\u00fa najn\u00e1ro\u010dnej\u0161\u00edm re\u00e1lnym podmienkam<\/span><\/span><span data-path-to-node=\"12,8\">. <\/span> <\/p><p><span data-path-to-node=\"12,10\"><span class=\"citation-392\">Na\u0161a schopnos\u0165 tla\u010di\u0165 na mimoriadne \u0161irok\u00fa \u0161k\u00e1lu \u0161pecializovan\u00fdch materi\u00e1lov zais\u0165uje dokonal\u00fa pri\u013enavos\u0165 na akomko\u013evek priemyselnom povrchu<\/span><\/span><span data-path-to-node=\"12,12\">. <\/span><span data-path-to-node=\"12,14\"><span class=\"citation-391\">T\u00e1to synergia modernej technol\u00f3gie a majstrovstva zais\u0165uje vynikaj\u00face povrchov\u00e9 \u00fapravy a prvotriedne v\u00fdsledky<\/span><\/span><span data-path-to-node=\"12,16\">.<\/span><\/p>\t\t\t\t\t\t\t\t<\/div>\n\t\t\t\t<\/div>\n\t\t<div class=\"elementor-element elementor-element-eddecb4 e-con-full e-flex e-con e-child\" data-id=\"eddecb4\" data-element_type=\"container\" data-e-type=\"container\" data-settings=\"{&quot;ekit_has_onepagescroll_dot&quot;:&quot;yes&quot;}\">\n\t\t\t\t<div class=\"elementor-element elementor-element-c40bc4d elementor-invisible elementor-widget elementor-widget-image\" data-id=\"c40bc4d\" data-element_type=\"widget\" data-e-type=\"widget\" data-settings=\"{&quot;_animation&quot;:&quot;fadeInLeft&quot;,&quot;ekit_we_effect_on&quot;:&quot;none&quot;}\" data-widget_type=\"image.default\">\n\t\t\t\t\t\t\t\t\t\t\t\t\t\t\t<img decoding=\"async\" src=\"https:\/\/sitapress.com\/wp-content\/uploads\/2025\/12\/Image-3.png\" title=\"\" alt=\"\" loading=\"lazy\" \/>\t\t\t\t\t\t\t\t\t\t\t\t\t\t\t<\/div>\n\t\t\t\t<\/div>\n\t\t\t\t\t<\/div>\n\t\t\t\t<\/div>\n\t\t<div class=\"elementor-element elementor-element-f73557 e-con-full e-flex e-con e-parent\" data-id=\"f73557\" data-element_type=\"container\" data-e-type=\"container\" data-settings=\"{&quot;background_background&quot;:&quot;classic&quot;,&quot;ekit_has_onepagescroll_dot&quot;:&quot;yes&quot;}\">\n\t\t\t\t<div class=\"elementor-element elementor-element-273a1ad4 elementor-widget elementor-widget-heading\" data-id=\"273a1ad4\" data-element_type=\"widget\" data-e-type=\"widget\" data-settings=\"{&quot;ekit_we_effect_on&quot;:&quot;none&quot;}\" data-widget_type=\"heading.default\">\n\t\t\t\t\t<h2 class=\"elementor-heading-title elementor-size-default\">Pozdvihnite identitu va\u0161ej zna\u010dky s in\u017einierskou presnos\u0165ou<\/h2>\t\t\t\t<\/div>\n\t\t\t\t<div class=\"elementor-element elementor-element-78769ec elementor-widget elementor-widget-heading\" data-id=\"78769ec\" data-element_type=\"widget\" data-e-type=\"widget\" data-settings=\"{&quot;ekit_we_effect_on&quot;:&quot;none&quot;}\" data-widget_type=\"heading.default\">\n\t\t\t\t\t<p class=\"elementor-heading-title elementor-size-default\">Vy\u017eiadajte si individu\u00e1lnu in\u017einiersku konzult\u00e1ciu a z\u00edskajte svoju bezplatn\u00fa cenov\u00fa ponuku e\u0161te dnes.<\/p>\t\t\t\t<\/div>\n\t\t\t\t<div class=\"elementor-element elementor-element-32b7481e elementor-invisible elementor-widget elementor-widget-eael-creative-button\" data-id=\"32b7481e\" data-element_type=\"widget\" data-e-type=\"widget\" data-settings=\"{&quot;_animation&quot;:&quot;fadeInUp&quot;,&quot;ekit_we_effect_on&quot;:&quot;none&quot;}\" data-widget_type=\"eael-creative-button.default\">\n\t\t\t\t\t        <div class=\"eael-creative-button-wrapper\">\n\n            <a class=\"eael-creative-button eael-creative-button--ujarak eael-cb-icon-position-\" href=\"https:\/\/sitapress.com\/sk\/kontaktovat\/\" data-text=\"\">\n            \t    \n                <div class=\"creative-button-inner\">\n\n                    \n                    <span class=\"cretive-button-text\">Z\u00edskajte bezplatn\u00fa cenov\u00fa ponuku<\/span>\n\n                                    <\/div>\n\t                        <\/a>\n        <\/div>\n        \t\t\t\t<\/div>\n\t\t\t\t<\/div>\n\t\t<div class=\"elementor-element elementor-element-4faca1d e-flex e-con-boxed e-con e-parent\" data-id=\"4faca1d\" data-element_type=\"container\" data-e-type=\"container\" data-settings=\"{&quot;ekit_has_onepagescroll_dot&quot;:&quot;yes&quot;}\">\n\t\t\t\t\t<div class=\"e-con-inner\">\n\t\t\t\t<div class=\"elementor-element elementor-element-d7b21ae elementor-widget elementor-widget-spacer\" data-id=\"d7b21ae\" data-element_type=\"widget\" data-e-type=\"widget\" data-settings=\"{&quot;ekit_we_effect_on&quot;:&quot;none&quot;}\" data-widget_type=\"spacer.default\">\n\t\t\t\t\t\t\t<div class=\"elementor-spacer\">\n\t\t\t<div class=\"elementor-spacer-inner\"><\/div>\n\t\t<\/div>\n\t\t\t\t\t\t<\/div>\n\t\t\t\t\t<\/div>\n\t\t\t\t<\/div>\n\t\t<div class=\"elementor-element elementor-element-75eff38e e-con-full e-flex e-con e-parent\" data-id=\"75eff38e\" data-element_type=\"container\" data-e-type=\"container\" data-settings=\"{&quot;background_background&quot;:&quot;classic&quot;,&quot;ekit_has_onepagescroll_dot&quot;:&quot;yes&quot;}\">\n\t\t<div class=\"elementor-element elementor-element-71962a41 e-con-full e-flex e-con e-child\" data-id=\"71962a41\" data-element_type=\"container\" data-e-type=\"container\" data-settings=\"{&quot;background_background&quot;:&quot;classic&quot;,&quot;ekit_has_onepagescroll_dot&quot;:&quot;yes&quot;}\">\n\t\t<div class=\"elementor-element elementor-element-4f9771d e-con-full e-flex e-con e-child\" data-id=\"4f9771d\" data-element_type=\"container\" data-e-type=\"container\" data-settings=\"{&quot;ekit_has_onepagescroll_dot&quot;:&quot;yes&quot;}\">\n\t\t\t\t<div class=\"elementor-element elementor-element-174a449c elementor-invisible elementor-widget elementor-widget-heading\" data-id=\"174a449c\" data-element_type=\"widget\" data-e-type=\"widget\" data-settings=\"{&quot;_animation&quot;:&quot;fadeInDown&quot;,&quot;ekit_we_effect_on&quot;:&quot;none&quot;}\" data-widget_type=\"heading.default\">\n\t\t\t\t\t<p class=\"elementor-heading-title elementor-size-default\">V\u00fdrobn\u00fd proces Sitapress je certifikovan\u00fd pod\u013ea ISO9001:2015<\/p>\t\t\t\t<\/div>\n\t\t\t\t<\/div>\n\t\t<div class=\"elementor-element elementor-element-1c956deb e-con-full e-flex e-con e-child\" data-id=\"1c956deb\" data-element_type=\"container\" data-e-type=\"container\" data-settings=\"{&quot;ekit_has_onepagescroll_dot&quot;:&quot;yes&quot;}\">\n\t\t\t\t<div class=\"elementor-element elementor-element-7590c67a elementor-invisible elementor-widget elementor-widget-image\" data-id=\"7590c67a\" data-element_type=\"widget\" data-e-type=\"widget\" data-settings=\"{&quot;_animation&quot;:&quot;fadeInDown&quot;,&quot;ekit_we_effect_on&quot;:&quot;none&quot;}\" data-widget_type=\"image.default\">\n\t\t\t\t\t\t\t\t\t\t\t\t\t\t\t<img decoding=\"async\" width=\"59\" height=\"59\" src=\"https:\/\/sitapress.com\/wp-content\/uploads\/2025\/12\/Image-3-1.png\" class=\"attachment-large size-large wp-image-5962\" alt=\"Ofici\u00e1lne logo certifik\u00e1cie ISO 9001:2015 od SGS potvrdzuj\u00face z\u00e1v\u00e4zok spolo\u010dnosti SITAPRESS k syst\u00e9mom riadenia kvality.\" \/>\t\t\t\t\t\t\t\t\t\t\t\t\t\t\t<\/div>\n\t\t\t\t<\/div>\n\t\t\t\t<\/div>\n\t\t\t\t<\/div>\n\t\t<div class=\"elementor-element elementor-element-baa73d6 e-flex e-con-boxed e-con e-parent\" data-id=\"baa73d6\" data-element_type=\"container\" data-e-type=\"container\" data-settings=\"{&quot;ekit_has_onepagescroll_dot&quot;:&quot;yes&quot;}\">\n\t\t\t\t\t<div class=\"e-con-inner\">\n\t\t\t\t<div class=\"elementor-element elementor-element-b08810d elementor-widget elementor-widget-spacer\" data-id=\"b08810d\" data-element_type=\"widget\" data-e-type=\"widget\" data-settings=\"{&quot;ekit_we_effect_on&quot;:&quot;none&quot;}\" data-widget_type=\"spacer.default\">\n\t\t\t\t\t\t\t<div class=\"elementor-spacer\">\n\t\t\t<div class=\"elementor-spacer-inner\"><\/div>\n\t\t<\/div>\n\t\t\t\t\t\t<\/div>\n\t\t\t\t\t<\/div>\n\t\t\t\t<\/div>\n\t\t\t\t<\/div>\n\t\t","protected":false},"excerpt":{"rendered":"<p>In\u017einierska podpora a poradenstvo V\u00e1\u0161 in\u017einiersky partner: Premena konceptov na prec\u00edznu realitu Na\u0161e technick\u00e9 know-how n\u00e1m umo\u017e\u0148uje vies\u0165, podporova\u0165 a v kone\u010dnom d\u00f4sledku realizova\u0165 va\u0161e najunik\u00e1tnej\u0161ie a najkomplexnej\u0161ie n\u00e1pady. Prostredn\u00edctvom kon\u0161trukt\u00edvneho a cenn\u00e9ho technick\u00e9ho dial\u00f3gu rozv\u00edjame va\u0161e po\u010diato\u010dn\u00e9 koncepty do plne implementovan\u00fdch priemyseln\u00fdch rie\u0161en\u00ed. Tento kolaborat\u00edvny pr\u00edstup zais\u0165uje jedine\u010dn\u00e9, vysokokvalitn\u00e9 v\u00fdsledky v ka\u017edej f\u00e1ze v\u00fdrobn\u00e9ho [&hellip;]<\/p>\n","protected":false},"author":1,"featured_media":0,"parent":0,"menu_order":0,"comment_status":"closed","ping_status":"closed","template":"","meta":{"footnotes":""},"class_list":["post-6310","page","type-page","status-publish","hentry"],"_links":{"self":[{"href":"https:\/\/sitapress.com\/sk\/wp-json\/wp\/v2\/pages\/6310","targetHints":{"allow":["GET"]}}],"collection":[{"href":"https:\/\/sitapress.com\/sk\/wp-json\/wp\/v2\/pages"}],"about":[{"href":"https:\/\/sitapress.com\/sk\/wp-json\/wp\/v2\/types\/page"}],"author":[{"embeddable":true,"href":"https:\/\/sitapress.com\/sk\/wp-json\/wp\/v2\/users\/1"}],"replies":[{"embeddable":true,"href":"https:\/\/sitapress.com\/sk\/wp-json\/wp\/v2\/comments?post=6310"}],"version-history":[{"count":2,"href":"https:\/\/sitapress.com\/sk\/wp-json\/wp\/v2\/pages\/6310\/revisions"}],"predecessor-version":[{"id":8797,"href":"https:\/\/sitapress.com\/sk\/wp-json\/wp\/v2\/pages\/6310\/revisions\/8797"}],"wp:attachment":[{"href":"https:\/\/sitapress.com\/sk\/wp-json\/wp\/v2\/media?parent=6310"}],"curies":[{"name":"wp","href":"https:\/\/api.w.org\/{rel}","templated":true}]}}