{"id":7197,"date":"2025-12-06T09:45:20","date_gmt":"2025-12-06T09:45:20","guid":{"rendered":"https:\/\/sitapress.com\/polityka-prywatnosci\/"},"modified":"2026-04-25T08:09:32","modified_gmt":"2026-04-25T08:09:32","slug":"polityka-prywatnosci","status":"publish","type":"page","link":"https:\/\/sitapress.com\/pl\/polityka-prywatnosci\/","title":{"rendered":"Polityka prywatno\u015bci"},"content":{"rendered":"\t\t<div data-elementor-type=\"wp-page\" data-elementor-id=\"7197\" class=\"elementor elementor-7197 elementor-973\" data-elementor-post-type=\"page\">\n\t\t\t\t<div class=\"elementor-element elementor-element-530f0be e-flex e-con-boxed e-con e-parent\" data-id=\"530f0be\" data-element_type=\"container\" data-e-type=\"container\" data-settings=\"{&quot;ekit_has_onepagescroll_dot&quot;:&quot;yes&quot;}\">\n\t\t\t\t\t<div class=\"e-con-inner\">\n\t\t<div class=\"elementor-element elementor-element-cfc68c3 e-con-full e-flex e-con e-child\" data-id=\"cfc68c3\" data-element_type=\"container\" data-e-type=\"container\" data-settings=\"{&quot;background_background&quot;:&quot;classic&quot;,&quot;ekit_has_onepagescroll_dot&quot;:&quot;yes&quot;}\">\n\t\t\t\t<div class=\"elementor-element elementor-element-e3571ef elementor-invisible elementor-widget elementor-widget-heading\" data-id=\"e3571ef\" data-element_type=\"widget\" data-e-type=\"widget\" data-settings=\"{&quot;_animation&quot;:&quot;fadeInDown&quot;,&quot;ekit_we_effect_on&quot;:&quot;none&quot;}\" data-widget_type=\"heading.default\">\n\t\t\t\t\t<h1 class=\"elementor-heading-title elementor-size-default\">Polityka prywatno\u015bci<\/h1>\t\t\t\t<\/div>\n\t\t\t\t<\/div>\n\t\t\t\t\t<\/div>\n\t\t\t\t<\/div>\n\t\t<div class=\"elementor-element elementor-element-d1e6327 e-flex e-con-boxed e-con e-parent\" data-id=\"d1e6327\" data-element_type=\"container\" data-e-type=\"container\" data-settings=\"{&quot;ekit_has_onepagescroll_dot&quot;:&quot;yes&quot;}\">\n\t\t\t\t\t<div class=\"e-con-inner\">\n\t\t<div class=\"elementor-element elementor-element-ace1ed0 e-con-full e-flex e-con e-child\" data-id=\"ace1ed0\" data-element_type=\"container\" data-e-type=\"container\" data-settings=\"{&quot;ekit_has_onepagescroll_dot&quot;:&quot;yes&quot;}\">\n\t\t<div class=\"elementor-element elementor-element-0ca81f7 e-con-full e-flex e-con e-child\" data-id=\"0ca81f7\" data-element_type=\"container\" data-e-type=\"container\" data-settings=\"{&quot;ekit_has_onepagescroll_dot&quot;:&quot;yes&quot;}\">\n\t\t\t\t<div class=\"elementor-element elementor-element-1161dbd elementor-widget elementor-widget-text-editor\" data-id=\"1161dbd\" data-element_type=\"widget\" data-e-type=\"widget\" data-settings=\"{&quot;ekit_we_effect_on&quot;:&quot;none&quot;}\" data-widget_type=\"text-editor.default\">\n\t\t\t\t\t\t\t\t\t<p class=\"my-2 [&amp;+p]:mt-4 [&amp;_strong:has(+br)]:inline-block [&amp;_strong:has(+br)]:pb-2\">W SITAPRESS cenimy Twoj\u0105 prywatno\u015b\u0107 i dok\u0142adamy wszelkich stara\u0144, aby chroni\u0107 dane, kt\u00f3rymi si\u0119 z nami dzielisz. Niniejsza polityka okre\u015bla, w jaki spos\u00f3b gromadzimy, przetwarzamy, przechowujemy i zabezpieczamy Twoje dane, gdy odwiedzasz nasz\u0105 stron\u0119 lub korzystasz z naszych us\u0142ug. <\/p><p class=\"my-2 [&amp;+p]:mt-4 [&amp;_strong:has(+br)]:inline-block [&amp;_strong:has(+br)]:pb-2\">Przeczytaj to obok naszego <a href=\"https:\/\/sitapress.com\/pl\/ochrona-danych-osobowych\/\">Personal Data Controller<\/a> szczeg\u00f3\u0142y obejmuj\u0105ce specyfik\u0119 prawn\u0105 na mocy przepis\u00f3w takich jak Og\u00f3lne Rozporz\u0105dzenie o Ochronie Danych (RODO).<\/p><p class=\"my-2 [&amp;+p]:mt-4 [&amp;_strong:has(+br)]:inline-block [&amp;_strong:has(+br)]:pb-2\">Korzystaj\u0105c z naszej witryny akceptujesz te praktyki.<\/p>\t\t\t\t\t\t\t\t<\/div>\n\t\t\t\t<\/div>\n\t\t<div class=\"elementor-element elementor-element-cfc7827 e-con-full e-flex e-con e-child\" data-id=\"cfc7827\" data-element_type=\"container\" data-e-type=\"container\" data-settings=\"{&quot;ekit_has_onepagescroll_dot&quot;:&quot;yes&quot;}\">\n\t\t\t\t<div class=\"elementor-element elementor-element-a56755e elementor-widget elementor-widget-heading\" data-id=\"a56755e\" data-element_type=\"widget\" data-e-type=\"widget\" data-settings=\"{&quot;ekit_we_effect_on&quot;:&quot;none&quot;}\" data-widget_type=\"heading.default\">\n\t\t\t\t\t<h2 class=\"elementor-heading-title elementor-size-default\">Kim jeste\u015bmy<\/h2>\t\t\t\t<\/div>\n\t\t\t\t<div class=\"elementor-element elementor-element-6d0494a elementor-widget elementor-widget-text-editor\" data-id=\"6d0494a\" data-element_type=\"widget\" data-e-type=\"widget\" data-settings=\"{&quot;ekit_we_effect_on&quot;:&quot;none&quot;}\" data-widget_type=\"text-editor.default\">\n\t\t\t\t\t\t\t\t\t<p>SITAPRESS prowadzi swoje strony i us\u0142ugi zgodnie z przepisami o ochronie danych. Pe\u0142ne informacje na temat administratora danych, powod\u00f3w przetwarzania, okres\u00f3w przechowywania i dost\u0119pnych opcji znajdziesz na naszej stronie po\u015bwi\u0119conej administratorowi danych osobowych. <\/p>\t\t\t\t\t\t\t\t<\/div>\n\t\t\t\t<\/div>\n\t\t<div class=\"elementor-element elementor-element-46df4c1 e-con-full e-flex e-con e-child\" data-id=\"46df4c1\" data-element_type=\"container\" data-e-type=\"container\" data-settings=\"{&quot;ekit_has_onepagescroll_dot&quot;:&quot;yes&quot;}\">\n\t\t\t\t<div class=\"elementor-element elementor-element-c8e0f00 elementor-widget elementor-widget-heading\" data-id=\"c8e0f00\" data-element_type=\"widget\" data-e-type=\"widget\" data-settings=\"{&quot;ekit_we_effect_on&quot;:&quot;none&quot;}\" data-widget_type=\"heading.default\">\n\t\t\t\t\t<h2 class=\"elementor-heading-title elementor-size-default\">Informacje, kt\u00f3re zbieramy\n\n<\/h2>\t\t\t\t<\/div>\n\t\t\t\t<div class=\"elementor-element elementor-element-06794d2 elementor-widget elementor-widget-text-editor\" data-id=\"06794d2\" data-element_type=\"widget\" data-e-type=\"widget\" data-settings=\"{&quot;ekit_we_effect_on&quot;:&quot;none&quot;}\" data-widget_type=\"text-editor.default\">\n\t\t\t\t\t\t\t\t\t<p class=\"my-2 [&amp;+p]:mt-4 [&amp;_strong:has(+br)]:inline-block [&amp;_strong:has(+br)]:pb-2\">Gromadzimy nast\u0119puj\u0105ce rodzaje informacji:<\/p>\t\t\t\t\t\t\t\t<\/div>\n\t\t\t\t<div class=\"elementor-element elementor-element-62159d5 elementor-widget elementor-widget-heading\" data-id=\"62159d5\" data-element_type=\"widget\" data-e-type=\"widget\" data-settings=\"{&quot;ekit_we_effect_on&quot;:&quot;none&quot;}\" data-widget_type=\"heading.default\">\n\t\t\t\t\t<h3 class=\"elementor-heading-title elementor-size-default\">1. Dane, kt\u00f3re podajesz<\/h3>\t\t\t\t<\/div>\n\t\t\t\t<div class=\"elementor-element elementor-element-64e8b00 elementor-widget elementor-widget-text-editor\" data-id=\"64e8b00\" data-element_type=\"widget\" data-e-type=\"widget\" data-settings=\"{&quot;ekit_we_effect_on&quot;:&quot;none&quot;}\" data-widget_type=\"text-editor.default\">\n\t\t\t\t\t\t\t\t\t<p>Informacje, kt\u00f3rymi ch\u0119tnie si\u0119 dzielisz, takie jak imi\u0119, adres e-mail, numer telefonu, dane dotycz\u0105ce p\u0142atno\u015bci lub odpowiedzi na formularze, rejestracje, zam\u00f3wienia i pytania.<\/p>\t\t\t\t\t\t\t\t<\/div>\n\t\t\t\t<div class=\"elementor-element elementor-element-5925a2b elementor-widget elementor-widget-heading\" data-id=\"5925a2b\" data-element_type=\"widget\" data-e-type=\"widget\" data-settings=\"{&quot;ekit_we_effect_on&quot;:&quot;none&quot;}\" data-widget_type=\"heading.default\">\n\t\t\t\t\t<h3 class=\"elementor-heading-title elementor-size-default\">2. Automatyczne informacje o u\u017cytkowaniu<\/h3>\t\t\t\t<\/div>\n\t\t\t\t<div class=\"elementor-element elementor-element-926b755 elementor-widget elementor-widget-text-editor\" data-id=\"926b755\" data-element_type=\"widget\" data-e-type=\"widget\" data-settings=\"{&quot;ekit_we_effect_on&quot;:&quot;none&quot;}\" data-widget_type=\"text-editor.default\">\n\t\t\t\t\t\t\t\t\t<p>Dane zbierane podczas przegl\u0105dania stron internetowych, takie jak adres IP, dane przegl\u0105darki, typ urz\u0105dzenia, przegl\u0105dane strony, czas sp\u0119dzony na stronie i przybli\u017cona lokalizacja.<\/p>\t\t\t\t\t\t\t\t<\/div>\n\t\t\t\t<div class=\"elementor-element elementor-element-007eb19 elementor-widget elementor-widget-heading\" data-id=\"007eb19\" data-element_type=\"widget\" data-e-type=\"widget\" data-settings=\"{&quot;ekit_we_effect_on&quot;:&quot;none&quot;}\" data-widget_type=\"heading.default\">\n\t\t\t\t\t<h3 class=\"elementor-heading-title elementor-size-default\">3. Pliki cookie i narz\u0119dzia \u015bledz\u0105ce<\/h3>\t\t\t\t<\/div>\n\t\t\t\t<div class=\"elementor-element elementor-element-660c51e elementor-widget elementor-widget-text-editor\" data-id=\"660c51e\" data-element_type=\"widget\" data-e-type=\"widget\" data-settings=\"{&quot;ekit_we_effect_on&quot;:&quot;none&quot;}\" data-widget_type=\"text-editor.default\">\n\t\t\t\t\t\t\t\t\t<p>U\u017cywamy plik\u00f3w cookie i podobnych technologii, aby zapewni\u0107 p\u0142ynne dzia\u0142anie witryny, zapisywa\u0107 Twoje preferencje, \u015bledzi\u0107 wizyty i ulepsza\u0107 Twoje do\u015bwiadczenia. Zapoznaj si\u0119 z nasz\u0105 Polityk\u0105 plik\u00f3w cookie na stronie <a href=\"https:\/\/sitapress.com\/pl\/ochrona-danych-osobowych\/\">Personal Data Controller<\/a> stron\u0119, aby uzyska\u0107 wi\u0119cej. <\/p>\t\t\t\t\t\t\t\t<\/div>\n\t\t\t\t<\/div>\n\t\t<div class=\"elementor-element elementor-element-6e67f29 e-con-full e-flex e-con e-child\" data-id=\"6e67f29\" data-element_type=\"container\" data-e-type=\"container\" data-settings=\"{&quot;ekit_has_onepagescroll_dot&quot;:&quot;yes&quot;}\">\n\t\t\t\t<div class=\"elementor-element elementor-element-78f871e elementor-widget elementor-widget-heading\" data-id=\"78f871e\" data-element_type=\"widget\" data-e-type=\"widget\" data-settings=\"{&quot;ekit_we_effect_on&quot;:&quot;none&quot;}\" data-widget_type=\"heading.default\">\n\t\t\t\t\t<h2 class=\"elementor-heading-title elementor-size-default\">Jak wykorzystujemy Twoje dane<\/h2>\t\t\t\t<\/div>\n\t\t\t\t<div class=\"elementor-element elementor-element-9ea24d1 elementor-widget elementor-widget-text-editor\" data-id=\"9ea24d1\" data-element_type=\"widget\" data-e-type=\"widget\" data-settings=\"{&quot;ekit_we_effect_on&quot;:&quot;none&quot;}\" data-widget_type=\"text-editor.default\">\n\t\t\t\t\t\t\t\t\t<p class=\"my-2 [&amp;+p]:mt-4 [&amp;_strong:has(+br)]:inline-block [&amp;_strong:has(+br)]:pb-2\">Dane przetwarzamy wy\u0142\u0105cznie w zakresie niezb\u0119dnym do realizacji uzasadnionych cel\u00f3w, takich jak:<\/p><ul><li class=\"my-2 [&amp;+p]:mt-4 [&amp;_strong:has(+br)]:inline-block [&amp;_strong:has(+br)]:pb-2\">Odpowiadanie na pytania, pro\u015bby i potrzeby wsparcia<\/li><li class=\"my-2 [&amp;+p]:mt-4 [&amp;_strong:has(+br)]:inline-block [&amp;_strong:has(+br)]:pb-2\">Dostarczanie i prowadzenie naszych produkt\u00f3w\/us\u0142ug<\/li><li class=\"my-2 [&amp;+p]:mt-4 [&amp;_strong:has(+br)]:inline-block [&amp;_strong:has(+br)]:pb-2\">Zwi\u0119kszanie szybko\u015bci, funkcjonalno\u015bci i bezpiecze\u0144stwa witryny<\/li><li class=\"my-2 [&amp;+p]:mt-4 [&amp;_strong:has(+br)]:inline-block [&amp;_strong:has(+br)]:pb-2\">Dostosowywanie Twojego do\u015bwiadczenia<\/li><li class=\"my-2 [&amp;+p]:mt-4 [&amp;_strong:has(+br)]:inline-block [&amp;_strong:has(+br)]:pb-2\">Wysy\u0142anie aktualizacji lub ofert (za Twoj\u0105 zgod\u0105)<\/li><li class=\"my-2 [&amp;+p]:mt-4 [&amp;_strong:has(+br)]:inline-block [&amp;_strong:has(+br)]:pb-2\">Spe\u0142nianie obowi\u0105zk\u00f3w prawnych lub zapobieganie oszustwom<\/li><\/ul><p class=\"my-2 [&amp;+p]:mt-4 [&amp;_strong:has(+br)]:inline-block [&amp;_strong:has(+br)]:pb-2\">Nigdy nie sprzedajemy, nie wynajmujemy ani nie udost\u0119pniamy Twoich danych innym podmiotom w celu zamieszczania reklam<\/p>\t\t\t\t\t\t\t\t<\/div>\n\t\t\t\t<\/div>\n\t\t<div class=\"elementor-element elementor-element-f7894b1 e-con-full e-flex e-con e-child\" data-id=\"f7894b1\" data-element_type=\"container\" data-e-type=\"container\" data-settings=\"{&quot;ekit_has_onepagescroll_dot&quot;:&quot;yes&quot;}\">\n\t\t\t\t<div class=\"elementor-element elementor-element-7b563d6 elementor-widget elementor-widget-heading\" data-id=\"7b563d6\" data-element_type=\"widget\" data-e-type=\"widget\" data-settings=\"{&quot;ekit_we_effect_on&quot;:&quot;none&quot;}\" data-widget_type=\"heading.default\">\n\t\t\t\t\t<h2 class=\"elementor-heading-title elementor-size-default\">Udost\u0119pnianie informacji<\/h2>\t\t\t\t<\/div>\n\t\t\t\t<div class=\"elementor-element elementor-element-c0b8149 elementor-widget elementor-widget-text-editor\" data-id=\"c0b8149\" data-element_type=\"widget\" data-e-type=\"widget\" data-settings=\"{&quot;ekit_we_effect_on&quot;:&quot;none&quot;}\" data-widget_type=\"text-editor.default\">\n\t\t\t\t\t\t\t\t\t<p class=\"my-2 [&amp;+p]:mt-4 [&amp;_strong:has(+br)]:inline-block [&amp;_strong:has(+br)]:pb-2\">Udost\u0119pniamy dane tylko wtedy, gdy:<\/p><ul><li class=\"my-2 [&amp;+p]:mt-4 [&amp;_strong:has(+br)]:inline-block [&amp;_strong:has(+br)]:pb-2\">Zaufani partnerzy (np. dostawcy us\u0142ug hostingowych, analitycznych lub poczty e-mail) potrzebuj\u0105 tego, aby pom\u00f3c nam w dzia\u0142aniu<\/li><li class=\"my-2 [&amp;+p]:mt-4 [&amp;_strong:has(+br)]:inline-block [&amp;_strong:has(+br)]:pb-2\">Wymagaj\u0105 tego przepisy, zasady lub urz\u0119dnicy<\/li><li class=\"my-2 [&amp;+p]:mt-4 [&amp;_strong:has(+br)]:inline-block [&amp;_strong:has(+br)]:pb-2\">Ochrona praw, zasob\u00f3w lub bezpiecze\u0144stwa SITAPRESS, naszych u\u017cytkownik\u00f3w lub innych os\u00f3b jest niezb\u0119dna<\/li><\/ul><p class=\"my-2 [&amp;+p]:mt-4 [&amp;_strong:has(+br)]:inline-block [&amp;_strong:has(+br)]:pb-2\">Partnerzy musz\u0105 przestrzega\u0107 \u015bcis\u0142ych um\u00f3w zgodnych z RODO.<\/p>\t\t\t\t\t\t\t\t<\/div>\n\t\t\t\t<\/div>\n\t\t<div class=\"elementor-element elementor-element-165c24e e-con-full e-flex e-con e-child\" data-id=\"165c24e\" data-element_type=\"container\" data-e-type=\"container\" data-settings=\"{&quot;ekit_has_onepagescroll_dot&quot;:&quot;yes&quot;}\">\n\t\t\t\t<div class=\"elementor-element elementor-element-3c27f2b elementor-widget elementor-widget-heading\" data-id=\"3c27f2b\" data-element_type=\"widget\" data-e-type=\"widget\" data-settings=\"{&quot;ekit_we_effect_on&quot;:&quot;none&quot;}\" data-widget_type=\"heading.default\">\n\t\t\t\t\t<h2 class=\"elementor-heading-title elementor-size-default\">Bezpiecze\u0144stwo danych<\/h2>\t\t\t\t<\/div>\n\t\t\t\t<div class=\"elementor-element elementor-element-16b18a7 elementor-widget elementor-widget-text-editor\" data-id=\"16b18a7\" data-element_type=\"widget\" data-e-type=\"widget\" data-settings=\"{&quot;ekit_we_effect_on&quot;:&quot;none&quot;}\" data-widget_type=\"text-editor.default\">\n\t\t\t\t\t\t\t\t\t<p class=\"my-2 [&amp;+p]:mt-4 [&amp;_strong:has(+br)]:inline-block [&amp;_strong:has(+br)]:pb-2\">Wykorzystujemy zaawansowane technologie i procesy, aby chroni\u0107 dane przed nieautoryzowanym dost\u0119pem, utrat\u0105, nadu\u017cyciami, zmianami i wyciekami. Nale\u017cy jednak pami\u0119ta\u0107, \u017ce \u017caden system online nie jest w 100% niezawodny. <\/p>\t\t\t\t\t\t\t\t<\/div>\n\t\t\t\t<\/div>\n\t\t<div class=\"elementor-element elementor-element-6952f17 e-con-full e-flex e-con e-child\" data-id=\"6952f17\" data-element_type=\"container\" data-e-type=\"container\" data-settings=\"{&quot;ekit_has_onepagescroll_dot&quot;:&quot;yes&quot;}\">\n\t\t\t\t<div class=\"elementor-element elementor-element-2ce080f elementor-widget elementor-widget-heading\" data-id=\"2ce080f\" data-element_type=\"widget\" data-e-type=\"widget\" data-settings=\"{&quot;ekit_we_effect_on&quot;:&quot;none&quot;}\" data-widget_type=\"heading.default\">\n\t\t\t\t\t<h2 class=\"elementor-heading-title elementor-size-default\">Twoje prawa<\/h2>\t\t\t\t<\/div>\n\t\t\t\t<div class=\"elementor-element elementor-element-49ae101 elementor-widget elementor-widget-text-editor\" data-id=\"49ae101\" data-element_type=\"widget\" data-e-type=\"widget\" data-settings=\"{&quot;ekit_we_effect_on&quot;:&quot;none&quot;}\" data-widget_type=\"text-editor.default\">\n\t\t\t\t\t\t\t\t\t<p class=\"my-2 [&amp;+p]:mt-4 [&amp;_strong:has(+br)]:inline-block [&amp;_strong:has(+br)]:pb-2\">W ka\u017cdej chwili mo\u017cesz uzyska\u0107 dost\u0119p, naprawi\u0107, usun\u0105\u0107, ograniczy\u0107, przenie\u015b\u0107 lub cofn\u0105\u0107 zgod\u0119 dotycz\u0105c\u0105 Twoich danych.<\/p><p class=\"my-2 [&amp;+p]:mt-4 [&amp;_strong:has(+br)]:inline-block [&amp;_strong:has(+br)]:pb-2\">Nasz <a href=\"https:\/\/sitapress.com\/pl\/ochrona-danych-osobowych\/\">Personal Data Controller<\/a> Strona wyja\u015bnia wszystkie Twoje prawa i kolejne kroki.<\/p>\t\t\t\t\t\t\t\t<\/div>\n\t\t\t\t<\/div>\n\t\t<div class=\"elementor-element elementor-element-d6e336a e-con-full e-flex e-con e-child\" data-id=\"d6e336a\" data-element_type=\"container\" data-e-type=\"container\" data-settings=\"{&quot;ekit_has_onepagescroll_dot&quot;:&quot;yes&quot;}\">\n\t\t\t\t<div class=\"elementor-element elementor-element-2152ff6 elementor-widget elementor-widget-heading\" data-id=\"2152ff6\" data-element_type=\"widget\" data-e-type=\"widget\" data-settings=\"{&quot;ekit_we_effect_on&quot;:&quot;none&quot;}\" data-widget_type=\"heading.default\">\n\t\t\t\t\t<h2 class=\"elementor-heading-title elementor-size-default\">Linki stron trzecich\n\n<\/h2>\t\t\t\t<\/div>\n\t\t\t\t<div class=\"elementor-element elementor-element-e67bc62 elementor-widget elementor-widget-text-editor\" data-id=\"e67bc62\" data-element_type=\"widget\" data-e-type=\"widget\" data-settings=\"{&quot;ekit_we_effect_on&quot;:&quot;none&quot;}\" data-widget_type=\"text-editor.default\">\n\t\t\t\t\t\t\t\t\t<p class=\"my-2 [&amp;+p]:mt-4 [&amp;_strong:has(+br)]:inline-block [&amp;_strong:has(+br)]:pb-2\">Nasza witryna zawiera linki do stron zewn\u0119trznych \u2013 nie kontrolujemy ani nie zatwierdzamy ich tre\u015bci, zasad bezpiecze\u0144stwa ani prywatno\u015bci. Zawsze sprawdzaj ich regulaminy. <\/p>\t\t\t\t\t\t\t\t<\/div>\n\t\t\t\t<\/div>\n\t\t<div class=\"elementor-element elementor-element-af33531 e-con-full e-flex e-con e-child\" data-id=\"af33531\" data-element_type=\"container\" data-e-type=\"container\" data-settings=\"{&quot;ekit_has_onepagescroll_dot&quot;:&quot;yes&quot;}\">\n\t\t\t\t<div class=\"elementor-element elementor-element-0e0b7bd elementor-widget elementor-widget-heading\" data-id=\"0e0b7bd\" data-element_type=\"widget\" data-e-type=\"widget\" data-settings=\"{&quot;ekit_we_effect_on&quot;:&quot;none&quot;}\" data-widget_type=\"heading.default\">\n\t\t\t\t\t<h2 class=\"elementor-heading-title elementor-size-default\">Prywatno\u015b\u0107 dzieci\n\n<\/h2>\t\t\t\t<\/div>\n\t\t\t\t<div class=\"elementor-element elementor-element-c1fc18c elementor-widget elementor-widget-text-editor\" data-id=\"c1fc18c\" data-element_type=\"widget\" data-e-type=\"widget\" data-settings=\"{&quot;ekit_we_effect_on&quot;:&quot;none&quot;}\" data-widget_type=\"text-editor.default\">\n\t\t\t\t\t\t\t\t\t<p class=\"my-2 [&amp;+p]:mt-4 [&amp;_strong:has(+br)]:inline-block [&amp;_strong:has(+br)]:pb-2\">Ta strona nie jest przeznaczona dla dzieci poni\u017cej ustawowych ogranicze\u0144 wiekowych. Nie gromadzimy ich danych celowo i natychmiast usuniemy wszelkie znalezione informacje. <\/p>\t\t\t\t\t\t\t\t<\/div>\n\t\t\t\t<\/div>\n\t\t<div class=\"elementor-element elementor-element-9a65f8c e-con-full e-flex e-con e-child\" data-id=\"9a65f8c\" data-element_type=\"container\" data-e-type=\"container\" data-settings=\"{&quot;ekit_has_onepagescroll_dot&quot;:&quot;yes&quot;}\">\n\t\t\t\t<div class=\"elementor-element elementor-element-4e797d6 elementor-widget elementor-widget-heading\" data-id=\"4e797d6\" data-element_type=\"widget\" data-e-type=\"widget\" data-settings=\"{&quot;ekit_we_effect_on&quot;:&quot;none&quot;}\" data-widget_type=\"heading.default\">\n\t\t\t\t\t<h2 class=\"elementor-heading-title elementor-size-default\">Zmiany w niniejszej Polityce<\/h2>\t\t\t\t<\/div>\n\t\t\t\t<div class=\"elementor-element elementor-element-2766abe elementor-widget elementor-widget-text-editor\" data-id=\"2766abe\" data-element_type=\"widget\" data-e-type=\"widget\" data-settings=\"{&quot;ekit_we_effect_on&quot;:&quot;none&quot;}\" data-widget_type=\"text-editor.default\">\n\t\t\t\t\t\t\t\t\t<p class=\"my-2 [&amp;+p]:mt-4 [&amp;_strong:has(+br)]:inline-block [&amp;_strong:has(+br)]:pb-2\">Mo\u017cemy modyfikowa\u0107 t\u0119 polityk\u0119 w zwi\u0105zku z naszymi aktualizacjami lub zmianami prawnymi. Zmiany zostan\u0105 wprowadzone tutaj. Aby wyrazi\u0107 zgod\u0119, kontynuuj korzystanie ze strony. <\/p>\t\t\t\t\t\t\t\t<\/div>\n\t\t\t\t<\/div>\n\t\t<div class=\"elementor-element elementor-element-bcb4a60 e-con-full e-flex e-con e-child\" data-id=\"bcb4a60\" data-element_type=\"container\" data-e-type=\"container\" data-settings=\"{&quot;ekit_has_onepagescroll_dot&quot;:&quot;yes&quot;}\">\n\t\t\t\t<div class=\"elementor-element elementor-element-37284fd elementor-widget elementor-widget-heading\" data-id=\"37284fd\" data-element_type=\"widget\" data-e-type=\"widget\" data-settings=\"{&quot;ekit_we_effect_on&quot;:&quot;none&quot;}\" data-widget_type=\"heading.default\">\n\t\t\t\t\t<h2 class=\"elementor-heading-title elementor-size-default\">Skontaktuj si\u0119 z nami\n\n<\/h2>\t\t\t\t<\/div>\n\t\t\t\t<div class=\"elementor-element elementor-element-7e9ac3e elementor-widget elementor-widget-text-editor\" data-id=\"7e9ac3e\" data-element_type=\"widget\" data-e-type=\"widget\" data-settings=\"{&quot;ekit_we_effect_on&quot;:&quot;none&quot;}\" data-widget_type=\"text-editor.default\">\n\t\t\t\t\t\t\t\t\t<p class=\"my-2 [&amp;+p]:mt-4 [&amp;_strong:has(+br)]:inline-block [&amp;_strong:has(+br)]:pb-2\">Masz pytania dotycz\u0105ce tej polityki lub swoich danych? Skontaktuj si\u0119 z nami: <\/p><ul><li class=\"my-2 [&amp;+p]:mt-4 [&amp;_strong:has(+br)]:inline-block [&amp;_strong:has(+br)]:pb-2\">Email: <a href=\"mailto:sita@sitapress.sk\">sita@sitapress.sk<\/a><\/li><li class=\"my-2 [&amp;+p]:mt-4 [&amp;_strong:has(+br)]:inline-block [&amp;_strong:has(+br)]:pb-2\">Telefon: +421 903 645 123<\/li><li class=\"my-2 [&amp;+p]:mt-4 [&amp;_strong:has(+br)]:inline-block [&amp;_strong:has(+br)]:pb-2\">Address: SITAPRESS, U\u010d\u0148ovsk\u00e1 1, 040 15 Ko\u0161ice, Slovakia<\/li><\/ul><p class=\"my-2 [&amp;+p]:mt-4 [&amp;_strong:has(+br)]:inline-block [&amp;_strong:has(+br)]:pb-2\">Szczeg\u00f3\u0142y dotycz\u0105ce przetwarzania danych osobowych mo\u017cna znale\u017a\u0107 na naszej stronie po\u015bwi\u0119conej administratorowi danych osobowych. <a href=\"https:\/\/sitapress.com\/pl\/regulamin\/\">Terms and Conditions<\/a> r\u00f3wnie\u017c zastosowa\u0107. <\/p>\t\t\t\t\t\t\t\t<\/div>\n\t\t\t\t<\/div>\n\t\t\t\t<\/div>\n\t\t\t\t\t<\/div>\n\t\t\t\t<\/div>\n\t\t\t\t<\/div>\n\t\t","protected":false},"excerpt":{"rendered":"<p>Polityka prywatno\u015bci W SITAPRESS cenimy Twoj\u0105 prywatno\u015b\u0107 i dok\u0142adamy wszelkich stara\u0144, aby chroni\u0107 dane, kt\u00f3rymi si\u0119 z nami dzielisz. Niniejsza polityka okre\u015bla, w jaki spos\u00f3b gromadzimy, przetwarzamy, przechowujemy i zabezpieczamy Twoje dane, gdy odwiedzasz nasz\u0105 stron\u0119 lub korzystasz z naszych us\u0142ug. Przeczytaj to obok naszego Personal Data Controller szczeg\u00f3\u0142y obejmuj\u0105ce specyfik\u0119 prawn\u0105 na mocy przepis\u00f3w [&hellip;]<\/p>\n","protected":false},"author":1,"featured_media":0,"parent":0,"menu_order":0,"comment_status":"closed","ping_status":"closed","template":"","meta":{"footnotes":""},"class_list":["post-7197","page","type-page","status-publish","hentry"],"_links":{"self":[{"href":"https:\/\/sitapress.com\/pl\/wp-json\/wp\/v2\/pages\/7197","targetHints":{"allow":["GET"]}}],"collection":[{"href":"https:\/\/sitapress.com\/pl\/wp-json\/wp\/v2\/pages"}],"about":[{"href":"https:\/\/sitapress.com\/pl\/wp-json\/wp\/v2\/types\/page"}],"author":[{"embeddable":true,"href":"https:\/\/sitapress.com\/pl\/wp-json\/wp\/v2\/users\/1"}],"replies":[{"embeddable":true,"href":"https:\/\/sitapress.com\/pl\/wp-json\/wp\/v2\/comments?post=7197"}],"version-history":[{"count":4,"href":"https:\/\/sitapress.com\/pl\/wp-json\/wp\/v2\/pages\/7197\/revisions"}],"predecessor-version":[{"id":9553,"href":"https:\/\/sitapress.com\/pl\/wp-json\/wp\/v2\/pages\/7197\/revisions\/9553"}],"wp:attachment":[{"href":"https:\/\/sitapress.com\/pl\/wp-json\/wp\/v2\/media?parent=7197"}],"curies":[{"name":"wp","href":"https:\/\/api.w.org\/{rel}","templated":true}]}}