{"id":7194,"date":"2025-12-06T09:54:16","date_gmt":"2025-12-06T09:54:16","guid":{"rendered":"https:\/\/sitapress.com\/regulamin\/"},"modified":"2026-04-25T08:00:42","modified_gmt":"2026-04-25T08:00:42","slug":"regulamin","status":"publish","type":"page","link":"https:\/\/sitapress.com\/pl\/regulamin\/","title":{"rendered":"Regulamin"},"content":{"rendered":"\t\t<div data-elementor-type=\"wp-page\" data-elementor-id=\"7194\" class=\"elementor elementor-7194 elementor-982\" data-elementor-post-type=\"page\">\n\t\t\t\t<div class=\"elementor-element elementor-element-7d41536 e-flex e-con-boxed e-con e-parent\" data-id=\"7d41536\" data-element_type=\"container\" data-e-type=\"container\" data-settings=\"{&quot;ekit_has_onepagescroll_dot&quot;:&quot;yes&quot;}\">\n\t\t\t\t\t<div class=\"e-con-inner\">\n\t\t<div class=\"elementor-element elementor-element-079e777 e-con-full e-flex e-con e-child\" data-id=\"079e777\" data-element_type=\"container\" data-e-type=\"container\" data-settings=\"{&quot;background_background&quot;:&quot;classic&quot;,&quot;ekit_has_onepagescroll_dot&quot;:&quot;yes&quot;}\">\n\t\t\t\t<div class=\"elementor-element elementor-element-f3ecb51 elementor-invisible elementor-widget elementor-widget-heading\" data-id=\"f3ecb51\" data-element_type=\"widget\" data-e-type=\"widget\" data-settings=\"{&quot;_animation&quot;:&quot;fadeInDown&quot;,&quot;ekit_we_effect_on&quot;:&quot;none&quot;}\" data-widget_type=\"heading.default\">\n\t\t\t\t\t<h1 class=\"elementor-heading-title elementor-size-default\">Regulamin<\/h1>\t\t\t\t<\/div>\n\t\t\t\t<\/div>\n\t\t\t\t\t<\/div>\n\t\t\t\t<\/div>\n\t\t<div class=\"elementor-element elementor-element-d1e6327 e-flex e-con-boxed e-con e-parent\" data-id=\"d1e6327\" data-element_type=\"container\" data-e-type=\"container\" data-settings=\"{&quot;ekit_has_onepagescroll_dot&quot;:&quot;yes&quot;}\">\n\t\t\t\t\t<div class=\"e-con-inner\">\n\t\t<div class=\"elementor-element elementor-element-ace1ed0 e-con-full e-flex e-con e-child\" data-id=\"ace1ed0\" data-element_type=\"container\" data-e-type=\"container\" data-settings=\"{&quot;ekit_has_onepagescroll_dot&quot;:&quot;yes&quot;}\">\n\t\t<div class=\"elementor-element elementor-element-0ca81f7 e-con-full e-flex e-con e-child\" data-id=\"0ca81f7\" data-element_type=\"container\" data-e-type=\"container\" data-settings=\"{&quot;ekit_has_onepagescroll_dot&quot;:&quot;yes&quot;}\">\n\t\t\t\t<div class=\"elementor-element elementor-element-1161dbd elementor-widget elementor-widget-text-editor\" data-id=\"1161dbd\" data-element_type=\"widget\" data-e-type=\"widget\" data-settings=\"{&quot;ekit_we_effect_on&quot;:&quot;none&quot;}\" data-widget_type=\"text-editor.default\">\n\t\t\t\t\t\t\t\t\t<p data-start=\"188\" data-end=\"419\">Witamy w SITAPRESS! Niniejszy Regulamin reguluje korzystanie z naszej strony internetowej, produkt\u00f3w i us\u0142ug. Uzyskuj\u0105c dost\u0119p do naszej strony internetowej lub korzystaj\u0105c z niej, zgadzasz si\u0119 przestrzega\u0107 niniejszych Warunk\u00f3w i by\u0107 nimi zwi\u0105zanym. Prosimy o ich uwa\u017cne przeczytanie.   <\/p><p data-start=\"188\" data-end=\"419\">Korzystanie z tej witryny internetowej podlega r\u00f3wnie\u017c naszym <a href=\"https:\/\/sitapress.com\/pl\/polityka-prywatnosci\/\"><strong>Privacy Policy<\/strong><\/a>, w kt\u00f3rym wyja\u015bniono, w jaki spos\u00f3b gromadzimy, wykorzystujemy i chronimy dane osobowe.<\/p>\t\t\t\t\t\t\t\t<\/div>\n\t\t\t\t<\/div>\n\t\t<div class=\"elementor-element elementor-element-f647f5e e-con-full e-flex e-con e-child\" data-id=\"f647f5e\" data-element_type=\"container\" data-e-type=\"container\" data-settings=\"{&quot;ekit_has_onepagescroll_dot&quot;:&quot;yes&quot;}\">\n\t\t\t\t<div class=\"elementor-element elementor-element-e5aab46 elementor-widget elementor-widget-heading\" data-id=\"e5aab46\" data-element_type=\"widget\" data-e-type=\"widget\" data-settings=\"{&quot;ekit_we_effect_on&quot;:&quot;none&quot;}\" data-widget_type=\"heading.default\">\n\t\t\t\t\t<h2 class=\"elementor-heading-title elementor-size-default\">Korzystanie ze strony internetowej<\/h2>\t\t\t\t<\/div>\n\t\t\t\t<div class=\"elementor-element elementor-element-ed4fddf elementor-widget elementor-widget-text-editor\" data-id=\"ed4fddf\" data-element_type=\"widget\" data-e-type=\"widget\" data-settings=\"{&quot;ekit_we_effect_on&quot;:&quot;none&quot;}\" data-widget_type=\"text-editor.default\">\n\t\t\t\t\t\t\t\t\t<ul><li data-start=\"451\" data-end=\"507\">Zgadzasz si\u0119, \u017ce b\u0119dziesz korzysta\u0107 z naszej witryny wy\u0142\u0105cznie w celach zgodnych z prawem.<\/li><li data-start=\"510\" data-end=\"606\">Nie wolno u\u017cywa\u0107 naszej witryny internetowej do publikowania ani przesy\u0142ania tre\u015bci niezgodnych z prawem, szkodliwych lub obra\u017aliwych.<\/li><li data-start=\"609\" data-end=\"693\">Zastrzegamy sobie prawo do zawieszenia lub zablokowania dost\u0119pu ka\u017cdej osobie naruszaj\u0105cej niniejsze warunki.<\/li><\/ul>\t\t\t\t\t\t\t\t<\/div>\n\t\t\t\t<\/div>\n\t\t<div class=\"elementor-element elementor-element-21c6855 e-con-full e-flex e-con e-child\" data-id=\"21c6855\" data-element_type=\"container\" data-e-type=\"container\" data-settings=\"{&quot;ekit_has_onepagescroll_dot&quot;:&quot;yes&quot;}\">\n\t\t\t\t<div class=\"elementor-element elementor-element-9e49b2e elementor-widget elementor-widget-heading\" data-id=\"9e49b2e\" data-element_type=\"widget\" data-e-type=\"widget\" data-settings=\"{&quot;ekit_we_effect_on&quot;:&quot;none&quot;}\" data-widget_type=\"heading.default\">\n\t\t\t\t\t<h2 class=\"elementor-heading-title elementor-size-default\">Produkty i us\u0142ugi<\/h2>\t\t\t\t<\/div>\n\t\t\t\t<div class=\"elementor-element elementor-element-7e1f9d8 elementor-widget elementor-widget-text-editor\" data-id=\"7e1f9d8\" data-element_type=\"widget\" data-e-type=\"widget\" data-settings=\"{&quot;ekit_we_effect_on&quot;:&quot;none&quot;}\" data-widget_type=\"text-editor.default\">\n\t\t\t\t\t\t\t\t\t<ul><li data-start=\"732\" data-end=\"858\">Wszystkie opisy produkt\u00f3w, specyfikacje i ceny podawane s\u0105 wy\u0142\u0105cznie w celach informacyjnych i mog\u0105 ulec zmianie bez powiadomienia.<\/li><li data-start=\"861\" data-end=\"985\">Dok\u0142adamy wszelkich stara\u0144, aby prezentowane informacje by\u0142y dok\u0142adne, jednak nie gwarantujemy kompletno\u015bci ani dok\u0142adno\u015bci \u017cadnej tre\u015bci.<\/li><li data-start=\"988\" data-end=\"1112\">Zam\u00f3wienia z\u0142o\u017cone na naszej stronie internetowej s\u0105 realizowane w zale\u017cno\u015bci od dost\u0119pno\u015bci. Zastrzegamy sobie prawo do odmowy realizacji lub anulowania zam\u00f3wienia z dowolnego powodu. <\/li><\/ul>\t\t\t\t\t\t\t\t<\/div>\n\t\t\t\t<\/div>\n\t\t<div class=\"elementor-element elementor-element-f50a065 e-con-full e-flex e-con e-child\" data-id=\"f50a065\" data-element_type=\"container\" data-e-type=\"container\" data-settings=\"{&quot;ekit_has_onepagescroll_dot&quot;:&quot;yes&quot;}\">\n\t\t\t\t<div class=\"elementor-element elementor-element-c050972 elementor-widget elementor-widget-heading\" data-id=\"c050972\" data-element_type=\"widget\" data-e-type=\"widget\" data-settings=\"{&quot;ekit_we_effect_on&quot;:&quot;none&quot;}\" data-widget_type=\"heading.default\">\n\t\t\t\t\t<h2 class=\"elementor-heading-title elementor-size-default\">W\u0142asno\u015b\u0107 intelektualna<\/h2>\t\t\t\t<\/div>\n\t\t\t\t<div class=\"elementor-element elementor-element-139f6e4 elementor-widget elementor-widget-text-editor\" data-id=\"139f6e4\" data-element_type=\"widget\" data-e-type=\"widget\" data-settings=\"{&quot;ekit_we_effect_on&quot;:&quot;none&quot;}\" data-widget_type=\"text-editor.default\">\n\t\t\t\t\t\t\t\t\t<ul><li data-start=\"1151\" data-end=\"1365\">Ca\u0142a zawarto\u015b\u0107 tej witryny internetowej, \u0142\u0105cznie z tekstem, obrazami, logotypami, grafikami i oprogramowaniem, jest w\u0142asno\u015bci\u0105 SITAPRESS lub jej licencjodawc\u00f3w i jest chroniona prawem autorskim, prawem znak\u00f3w towarowych i innymi prawami w\u0142asno\u015bci intelektualnej.<\/li><li data-start=\"1368\" data-end=\"1462\">Kopiowanie, reprodukowanie, rozpowszechnianie lub wykorzystywanie jakichkolwiek tre\u015bci bez naszej uprzedniej pisemnej zgody jest zabronione.<\/li><\/ul>\t\t\t\t\t\t\t\t<\/div>\n\t\t\t\t<\/div>\n\t\t<div class=\"elementor-element elementor-element-bc546e5 e-con-full e-flex e-con e-child\" data-id=\"bc546e5\" data-element_type=\"container\" data-e-type=\"container\" data-settings=\"{&quot;ekit_has_onepagescroll_dot&quot;:&quot;yes&quot;}\">\n\t\t\t\t<div class=\"elementor-element elementor-element-156fb85 elementor-widget elementor-widget-heading\" data-id=\"156fb85\" data-element_type=\"widget\" data-e-type=\"widget\" data-settings=\"{&quot;ekit_we_effect_on&quot;:&quot;none&quot;}\" data-widget_type=\"heading.default\">\n\t\t\t\t\t<h2 class=\"elementor-heading-title elementor-size-default\">Konta u\u017cytkownik\u00f3w<\/h2>\t\t\t\t<\/div>\n\t\t\t\t<div class=\"elementor-element elementor-element-305e513 elementor-widget elementor-widget-text-editor\" data-id=\"305e513\" data-element_type=\"widget\" data-e-type=\"widget\" data-settings=\"{&quot;ekit_we_effect_on&quot;:&quot;none&quot;}\" data-widget_type=\"text-editor.default\">\n\t\t\t\t\t\t\t\t\t<ul><li data-start=\"1493\" data-end=\"1603\">Je\u015bli utworzysz konto, jeste\u015b odpowiedzialny za zachowanie poufno\u015bci swoich danych logowania.<\/li><li data-start=\"1606\" data-end=\"1677\">Ponosisz odpowiedzialno\u015b\u0107 za wszelkie dzia\u0142ania podejmowane na Twoim koncie.<\/li><li data-start=\"1680\" data-end=\"1767\">Zastrzegamy sobie prawo do zawieszenia lub zamkni\u0119cia konta w przypadku naruszenia niniejszych warunk\u00f3w.<\/li><\/ul>\t\t\t\t\t\t\t\t<\/div>\n\t\t\t\t<\/div>\n\t\t<div class=\"elementor-element elementor-element-78b67b1 e-con-full e-flex e-con e-child\" data-id=\"78b67b1\" data-element_type=\"container\" data-e-type=\"container\" data-settings=\"{&quot;ekit_has_onepagescroll_dot&quot;:&quot;yes&quot;}\">\n\t\t\t\t<div class=\"elementor-element elementor-element-b94fe60 elementor-widget elementor-widget-heading\" data-id=\"b94fe60\" data-element_type=\"widget\" data-e-type=\"widget\" data-settings=\"{&quot;ekit_we_effect_on&quot;:&quot;none&quot;}\" data-widget_type=\"heading.default\">\n\t\t\t\t\t<h2 class=\"elementor-heading-title elementor-size-default\">Limitation of Liability<\/h2>\t\t\t\t<\/div>\n\t\t\t\t<div class=\"elementor-element elementor-element-e743e24 elementor-widget elementor-widget-text-editor\" data-id=\"e743e24\" data-element_type=\"widget\" data-e-type=\"widget\" data-settings=\"{&quot;ekit_we_effect_on&quot;:&quot;none&quot;}\" data-widget_type=\"text-editor.default\">\n\t\t\t\t\t\t\t\t\t<ul><li data-start=\"1808\" data-end=\"1948\">SITAPRESS nie ponosi odpowiedzialno\u015bci za jakiekolwiek szkody po\u015brednie, przypadkowe lub wynikowe wynikaj\u0105ce z korzystania z naszej witryny internetowej lub us\u0142ug.<\/li><li data-start=\"1951\" data-end=\"2046\">Cho\u0107 dbamy o dok\u0142adno\u015b\u0107, nie gwarantujemy nieprzerwanego dost\u0119pu ani braku b\u0142\u0119d\u00f3w w tre\u015bci.<\/li><li data-start=\"2049\" data-end=\"2099\">Korzystasz z naszej strony internetowej i us\u0142ug na w\u0142asne ryzyko.<\/li><\/ul>\t\t\t\t\t\t\t\t<\/div>\n\t\t\t\t<\/div>\n\t\t<div class=\"elementor-element elementor-element-389d8b7 e-con-full e-flex e-con e-child\" data-id=\"389d8b7\" data-element_type=\"container\" data-e-type=\"container\" data-settings=\"{&quot;ekit_has_onepagescroll_dot&quot;:&quot;yes&quot;}\">\n\t\t\t\t<div class=\"elementor-element elementor-element-a324cff elementor-widget elementor-widget-heading\" data-id=\"a324cff\" data-element_type=\"widget\" data-e-type=\"widget\" data-settings=\"{&quot;ekit_we_effect_on&quot;:&quot;none&quot;}\" data-widget_type=\"heading.default\">\n\t\t\t\t\t<h2 class=\"elementor-heading-title elementor-size-default\">Linki stron trzecich<\/h2>\t\t\t\t<\/div>\n\t\t\t\t<div class=\"elementor-element elementor-element-69184de elementor-widget elementor-widget-text-editor\" data-id=\"69184de\" data-element_type=\"widget\" data-e-type=\"widget\" data-settings=\"{&quot;ekit_we_effect_on&quot;:&quot;none&quot;}\" data-widget_type=\"text-editor.default\">\n\t\t\t\t\t\t\t\t\t<ul><li data-start=\"2134\" data-end=\"2295\">Nasza strona internetowa mo\u017ce zawiera\u0107 linki do stron internetowych os\u00f3b trzecich. Nie ponosimy odpowiedzialno\u015bci za tre\u015bci, produkty, us\u0142ugi ani praktyki dotycz\u0105ce prywatno\u015bci tych os\u00f3b trzecich. <\/li><li data-start=\"2298\" data-end=\"2389\">Zach\u0119camy do zapoznania si\u0119 z regulaminem i polityk\u0105 prywatno\u015bci wszelkich odwiedzanych przez Ciebie witryn stron trzecich.<\/li><\/ul>\t\t\t\t\t\t\t\t<\/div>\n\t\t\t\t<\/div>\n\t\t<div class=\"elementor-element elementor-element-e3974a9 e-con-full e-flex e-con e-child\" data-id=\"e3974a9\" data-element_type=\"container\" data-e-type=\"container\" data-settings=\"{&quot;ekit_has_onepagescroll_dot&quot;:&quot;yes&quot;}\">\n\t\t\t\t<div class=\"elementor-element elementor-element-e9684cf elementor-widget elementor-widget-heading\" data-id=\"e9684cf\" data-element_type=\"widget\" data-e-type=\"widget\" data-settings=\"{&quot;ekit_we_effect_on&quot;:&quot;none&quot;}\" data-widget_type=\"heading.default\">\n\t\t\t\t\t<h2 class=\"elementor-heading-title elementor-size-default\">Obowi\u0105zuj\u0105ce prawo<\/h2>\t\t\t\t<\/div>\n\t\t\t\t<div class=\"elementor-element elementor-element-0d71760 elementor-widget elementor-widget-text-editor\" data-id=\"0d71760\" data-element_type=\"widget\" data-e-type=\"widget\" data-settings=\"{&quot;ekit_we_effect_on&quot;:&quot;none&quot;}\" data-widget_type=\"text-editor.default\">\n\t\t\t\t\t\t\t\t\t<ul><li data-start=\"2420\" data-end=\"2498\">Niniejsze Warunki korzystania podlegaj\u0105 prawu s\u0142owackiemu.<\/li><li data-start=\"2501\" data-end=\"2647\">Wszelkie spory wynikaj\u0105ce z korzystania z naszej witryny internetowej lub us\u0142ug b\u0119d\u0105 rozstrzygane wy\u0142\u0105cznie przez s\u0105dy s\u0142owackie.<\/li><\/ul>\t\t\t\t\t\t\t\t<\/div>\n\t\t\t\t<\/div>\n\t\t<div class=\"elementor-element elementor-element-bcf5890 e-con-full e-flex e-con e-child\" data-id=\"bcf5890\" data-element_type=\"container\" data-e-type=\"container\" data-settings=\"{&quot;ekit_has_onepagescroll_dot&quot;:&quot;yes&quot;}\">\n\t\t\t\t<div class=\"elementor-element elementor-element-4dcf498 elementor-widget elementor-widget-heading\" data-id=\"4dcf498\" data-element_type=\"widget\" data-e-type=\"widget\" data-settings=\"{&quot;ekit_we_effect_on&quot;:&quot;none&quot;}\" data-widget_type=\"heading.default\">\n\t\t\t\t\t<h2 class=\"elementor-heading-title elementor-size-default\">Zmiany Warunk\u00f3w<\/h2>\t\t\t\t<\/div>\n\t\t\t\t<div class=\"elementor-element elementor-element-3741f58 elementor-widget elementor-widget-text-editor\" data-id=\"3741f58\" data-element_type=\"widget\" data-e-type=\"widget\" data-settings=\"{&quot;ekit_we_effect_on&quot;:&quot;none&quot;}\" data-widget_type=\"text-editor.default\">\n\t\t\t\t\t\t\t\t\t<ul><li data-start=\"2681\" data-end=\"2811\">Mo\u017cemy od czasu do czasu aktualizowa\u0107 niniejsze Warunki, aby uwzgl\u0119dni\u0107 zmiany w naszych praktykach, produktach lub wymogach prawnych.<\/li><li data-start=\"2814\" data-end=\"2952\">Wszystkie aktualizacje b\u0119d\u0105 publikowane na tej stronie wraz z dat\u0105 wej\u015bcia w \u017cycie. Dalsze korzystanie ze strony internetowej oznacza akceptacj\u0119 zmienionych warunk\u00f3w. <\/li><\/ul>\t\t\t\t\t\t\t\t<\/div>\n\t\t\t\t<div class=\"elementor-element elementor-element-70bab80 elementor-widget elementor-widget-text-editor\" data-id=\"70bab80\" data-element_type=\"widget\" data-e-type=\"widget\" data-settings=\"{&quot;ekit_we_effect_on&quot;:&quot;none&quot;}\" data-widget_type=\"text-editor.default\">\n\t\t\t\t\t\t\t\t\t<p>Szczeg\u00f3\u0142owe informacje prawne dotycz\u0105ce przetwarzania danych osobowych i praw os\u00f3b, kt\u00f3rych dane dotycz\u0105, dost\u0119pne s\u0105 na naszej stronie internetowej: <a href=\"https:\/\/sitapress.com\/pl\/ochrona-danych-osobowych\/\"><strong data-start=\"1355\" data-end=\"1383\">Personal Data Controller<\/strong><\/a> strona.<\/p>\t\t\t\t\t\t\t\t<\/div>\n\t\t\t\t<\/div>\n\t\t<div class=\"elementor-element elementor-element-0f3e8a8 e-con-full e-flex e-con e-child\" data-id=\"0f3e8a8\" data-element_type=\"container\" data-e-type=\"container\" data-settings=\"{&quot;ekit_has_onepagescroll_dot&quot;:&quot;yes&quot;}\">\n\t\t\t\t<div class=\"elementor-element elementor-element-14b9bec elementor-widget elementor-widget-heading\" data-id=\"14b9bec\" data-element_type=\"widget\" data-e-type=\"widget\" data-settings=\"{&quot;ekit_we_effect_on&quot;:&quot;none&quot;}\" data-widget_type=\"heading.default\">\n\t\t\t\t\t<h2 class=\"elementor-heading-title elementor-size-default\">Skontaktuj si\u0119 z nami<\/h2>\t\t\t\t<\/div>\n\t\t\t\t<div class=\"elementor-element elementor-element-ae6cf96 elementor-widget elementor-widget-text-editor\" data-id=\"ae6cf96\" data-element_type=\"widget\" data-e-type=\"widget\" data-settings=\"{&quot;ekit_we_effect_on&quot;:&quot;none&quot;}\" data-widget_type=\"text-editor.default\">\n\t\t\t\t\t\t\t\t\t<p data-start=\"2978\" data-end=\"3068\">Je\u015bli masz jakiekolwiek pytania lub w\u0105tpliwo\u015bci dotycz\u0105ce niniejszego Regulaminu, skontaktuj si\u0119 z nami:<\/p><ul><li data-start=\"3070\" data-end=\"3174\"><strong data-start=\"3070\" data-end=\"3080\">Email:<\/strong> <a href=\"mailto:sita@sitapress.sk\">sita@sitapress.sk<\/a><\/li><li data-start=\"3070\" data-end=\"3174\">Telefon: +421 903 645 123<\/li><li data-start=\"3070\" data-end=\"3174\"><strong data-start=\"3137\" data-end=\"3149\">Address:<\/strong> SITAPRESS, U\u010d\u0148ovsk\u00e1 1, 040 15 town Kosice, Slovakia<\/li><\/ul>\t\t\t\t\t\t\t\t<\/div>\n\t\t\t\t<\/div>\n\t\t\t\t<\/div>\n\t\t\t\t\t<\/div>\n\t\t\t\t<\/div>\n\t\t\t\t<\/div>\n\t\t","protected":false},"excerpt":{"rendered":"<p>Regulamin Witamy w SITAPRESS! Niniejszy Regulamin reguluje korzystanie z naszej strony internetowej, produkt\u00f3w i us\u0142ug. Uzyskuj\u0105c dost\u0119p do naszej strony internetowej lub korzystaj\u0105c z niej, zgadzasz si\u0119 przestrzega\u0107 niniejszych Warunk\u00f3w i by\u0107 nimi zwi\u0105zanym. Prosimy o ich uwa\u017cne przeczytanie. Korzystanie z tej witryny internetowej podlega r\u00f3wnie\u017c naszym Privacy Policy, w kt\u00f3rym wyja\u015bniono, w jaki spos\u00f3b [&hellip;]<\/p>\n","protected":false},"author":1,"featured_media":0,"parent":0,"menu_order":0,"comment_status":"closed","ping_status":"closed","template":"","meta":{"footnotes":""},"class_list":["post-7194","page","type-page","status-publish","hentry"],"_links":{"self":[{"href":"https:\/\/sitapress.com\/pl\/wp-json\/wp\/v2\/pages\/7194","targetHints":{"allow":["GET"]}}],"collection":[{"href":"https:\/\/sitapress.com\/pl\/wp-json\/wp\/v2\/pages"}],"about":[{"href":"https:\/\/sitapress.com\/pl\/wp-json\/wp\/v2\/types\/page"}],"author":[{"embeddable":true,"href":"https:\/\/sitapress.com\/pl\/wp-json\/wp\/v2\/users\/1"}],"replies":[{"embeddable":true,"href":"https:\/\/sitapress.com\/pl\/wp-json\/wp\/v2\/comments?post=7194"}],"version-history":[{"count":3,"href":"https:\/\/sitapress.com\/pl\/wp-json\/wp\/v2\/pages\/7194\/revisions"}],"predecessor-version":[{"id":9544,"href":"https:\/\/sitapress.com\/pl\/wp-json\/wp\/v2\/pages\/7194\/revisions\/9544"}],"wp:attachment":[{"href":"https:\/\/sitapress.com\/pl\/wp-json\/wp\/v2\/media?parent=7194"}],"curies":[{"name":"wp","href":"https:\/\/api.w.org\/{rel}","templated":true}]}}