{"id":6315,"date":"2025-12-03T10:11:31","date_gmt":"2025-12-03T10:11:31","guid":{"rendered":"https:\/\/sitapress.com\/wsparcie\/"},"modified":"2026-03-30T13:35:40","modified_gmt":"2026-03-30T13:35:40","slug":"wsparcie","status":"publish","type":"page","link":"https:\/\/sitapress.com\/pl\/wsparcie\/","title":{"rendered":"Wsparcie"},"content":{"rendered":"\t\t<div data-elementor-type=\"wp-page\" data-elementor-id=\"6315\" class=\"elementor elementor-6315 elementor-658\" data-elementor-post-type=\"page\">\n\t\t\t\t<div class=\"elementor-element elementor-element-3d20e8a e-flex e-con-boxed e-con e-parent\" data-id=\"3d20e8a\" data-element_type=\"container\" data-e-type=\"container\" data-settings=\"{&quot;ekit_has_onepagescroll_dot&quot;:&quot;yes&quot;}\">\n\t\t\t\t\t<div class=\"e-con-inner\">\n\t\t<div class=\"elementor-element elementor-element-7b6eeb8 e-con-full e-flex e-con e-child\" data-id=\"7b6eeb8\" data-element_type=\"container\" data-e-type=\"container\" data-settings=\"{&quot;background_background&quot;:&quot;classic&quot;,&quot;ekit_has_onepagescroll_dot&quot;:&quot;yes&quot;}\">\n\t\t\t\t<div class=\"elementor-element elementor-element-c2ce390 elementor-invisible elementor-widget elementor-widget-heading\" data-id=\"c2ce390\" data-element_type=\"widget\" data-e-type=\"widget\" data-settings=\"{&quot;_animation&quot;:&quot;fadeInDown&quot;,&quot;ekit_we_effect_on&quot;:&quot;none&quot;}\" data-widget_type=\"heading.default\">\n\t\t\t\t\t<h1 class=\"elementor-heading-title elementor-size-default\">Wsparcie in\u017cynieryjne i doradztwo<\/h1>\t\t\t\t<\/div>\n\t\t\t\t<\/div>\n\t\t\t\t\t<\/div>\n\t\t\t\t<\/div>\n\t\t<div class=\"elementor-element elementor-element-5bc2ef7 e-flex e-con-boxed e-con e-parent\" data-id=\"5bc2ef7\" data-element_type=\"container\" data-e-type=\"container\" data-settings=\"{&quot;ekit_has_onepagescroll_dot&quot;:&quot;yes&quot;}\">\n\t\t\t\t\t<div class=\"e-con-inner\">\n\t\t<div class=\"elementor-element elementor-element-2f1cb56 e-con-full e-flex e-con e-child\" data-id=\"2f1cb56\" data-element_type=\"container\" data-e-type=\"container\" data-settings=\"{&quot;ekit_has_onepagescroll_dot&quot;:&quot;yes&quot;}\">\n\t\t\t\t<div class=\"elementor-element elementor-element-99ad228 elementor-invisible elementor-widget elementor-widget-heading\" data-id=\"99ad228\" data-element_type=\"widget\" data-e-type=\"widget\" data-settings=\"{&quot;_animation&quot;:&quot;fadeInUp&quot;,&quot;ekit_we_effect_on&quot;:&quot;none&quot;}\" data-widget_type=\"heading.default\">\n\t\t\t\t\t<h2 class=\"elementor-heading-title elementor-size-default\">Tw\u00f3j partner in\u017cynieryjny: Przekszta\u0142camy koncepcje w precyzyjn\u0105 rzeczywisto\u015b\u0107<\/h2>\t\t\t\t<\/div>\n\t\t\t\t<div class=\"elementor-element elementor-element-ae6fb3c elementor-widget elementor-widget-text-editor\" data-id=\"ae6fb3c\" data-element_type=\"widget\" data-e-type=\"widget\" data-settings=\"{&quot;ekit_we_effect_on&quot;:&quot;none&quot;}\" data-widget_type=\"text-editor.default\">\n\t\t\t\t\t\t\t\t\t<p><span data-path-to-node=\"6,2\"><span class=\"citation-398\">Nasza wiedza techniczna pozwala nam prowadzi\u0107, wspiera\u0107 i ostatecznie realizowa\u0107 Pa\u0144stwa najbardziej unikalne i z\u0142o\u017cone pomys\u0142y<\/span><\/span><span data-path-to-node=\"6,4\">. <\/span><span data-path-to-node=\"6,6\"><span class=\"citation-397\">Poprzez konstruktywny i warto\u015bciowy dialog techniczny, rozwijamy Pa\u0144stwa wst\u0119pne koncepcje w pe\u0142ni wdro\u017cone rozwi\u0105zania przemys\u0142owe<\/span><\/span><span data-path-to-node=\"6,8\">. <\/span> <\/p><p><span data-path-to-node=\"6,10\"><span class=\"citation-396\">To podej\u015bcie oparte na wsp\u00f3\u0142pracy zapewnia unikalne, wysokiej jako\u015bci rezultaty na ka\u017cdym etapie procesu produkcyjnego, stanowi\u0105c fundament oferowanych przez nas profesjonalnych us\u0142ug<\/span><\/span><span data-path-to-node=\"6,12\">.<\/span><\/p>\t\t\t\t\t\t\t\t<\/div>\n\t\t\t\t<\/div>\n\t\t<div class=\"elementor-element elementor-element-f865e11 e-con-full e-flex e-con e-child\" data-id=\"f865e11\" data-element_type=\"container\" data-e-type=\"container\" data-settings=\"{&quot;ekit_has_onepagescroll_dot&quot;:&quot;yes&quot;}\">\n\t\t\t\t<div class=\"elementor-element elementor-element-894b76c elementor-invisible elementor-widget elementor-widget-image\" data-id=\"894b76c\" data-element_type=\"widget\" data-e-type=\"widget\" data-settings=\"{&quot;_animation&quot;:&quot;fadeInRight&quot;,&quot;ekit_we_effect_on&quot;:&quot;none&quot;}\" data-widget_type=\"image.default\">\n\t\t\t\t\t\t\t\t\t\t\t\t\t\t\t<img decoding=\"async\" src=\"https:\/\/sitapress.com\/wp-content\/uploads\/2025\/12\/Image-2.png\" title=\"\" alt=\"\" loading=\"lazy\" \/>\t\t\t\t\t\t\t\t\t\t\t\t\t\t\t<\/div>\n\t\t\t\t<\/div>\n\t\t\t\t\t<\/div>\n\t\t\t\t<\/div>\n\t\t<div class=\"elementor-element elementor-element-a318892 e-flex e-con-boxed e-con e-parent\" data-id=\"a318892\" data-element_type=\"container\" data-e-type=\"container\" data-settings=\"{&quot;ekit_has_onepagescroll_dot&quot;:&quot;yes&quot;}\">\n\t\t\t\t\t<div class=\"e-con-inner\">\n\t\t<div class=\"elementor-element elementor-element-d0d22da e-con-full e-flex e-con e-child\" data-id=\"d0d22da\" data-element_type=\"container\" data-e-type=\"container\" data-settings=\"{&quot;ekit_has_onepagescroll_dot&quot;:&quot;yes&quot;}\">\n\t\t\t\t<div class=\"elementor-element elementor-element-0c7d60f elementor-invisible elementor-widget elementor-widget-heading\" data-id=\"0c7d60f\" data-element_type=\"widget\" data-e-type=\"widget\" data-settings=\"{&quot;_animation&quot;:&quot;fadeInUp&quot;,&quot;ekit_we_effect_on&quot;:&quot;none&quot;}\" data-widget_type=\"heading.default\">\n\t\t\t\t\t<h2 class=\"elementor-heading-title elementor-size-default\">Najnowocze\u015bniejsza technologia dla rozwi\u0105za\u0144 szytych na miar\u0119<\/h2>\t\t\t\t<\/div>\n\t\t\t\t<div class=\"elementor-element elementor-element-0a8ee97 elementor-widget elementor-widget-text-editor\" data-id=\"0a8ee97\" data-element_type=\"widget\" data-e-type=\"widget\" data-settings=\"{&quot;ekit_we_effect_on&quot;:&quot;none&quot;}\" data-widget_type=\"text-editor.default\">\n\t\t\t\t\t\t\t\t\t<p><span data-path-to-node=\"12,2\"><span class=\"citation-394\">Sitapress wykorzystuje bogate do\u015bwiadczenie i szeroki zakres zaawansowanych maszyn do opracowywania produkt\u00f3w szytych na miar\u0119 dla globalnych producent\u00f3w OEM i wytw\u00f3rc\u00f3w<\/span><\/span><span data-path-to-node=\"12,4\">. <\/span><span data-path-to-node=\"12,6\"><span class=\"citation-393\">\u0141\u0105cz\u0105c precyzyjn\u0105 in\u017cynieri\u0119 z wysokiej jako\u015bci drukiem, produkujemy przemys\u0142owe tabliczki znamionowe i etykiety, kt\u00f3re wytrzymuj\u0105 najbardziej rygorystyczne warunki rzeczywiste<\/span><\/span><span data-path-to-node=\"12,8\">. <\/span> <\/p><p><span data-path-to-node=\"12,10\"><span class=\"citation-392\">Nasza zdolno\u015b\u0107 do drukowania na niezwykle szerokiej gamie specjalistycznych materia\u0142\u00f3w zapewnia idealn\u0105 przyczepno\u015b\u0107 na ka\u017cdej powierzchni przemys\u0142owej<\/span><\/span><span data-path-to-node=\"12,12\">. <\/span><span data-path-to-node=\"12,14\"><span class=\"citation-391\">Ta synergia nowoczesnej technologii i mistrzostwa gwarantuje doskona\u0142e obr\u00f3bki powierzchni i wysokiej klasy rezultaty<\/span><\/span><span data-path-to-node=\"12,16\">.<\/span><\/p>\t\t\t\t\t\t\t\t<\/div>\n\t\t\t\t<\/div>\n\t\t<div class=\"elementor-element elementor-element-eddecb4 e-con-full e-flex e-con e-child\" data-id=\"eddecb4\" data-element_type=\"container\" data-e-type=\"container\" data-settings=\"{&quot;ekit_has_onepagescroll_dot&quot;:&quot;yes&quot;}\">\n\t\t\t\t<div class=\"elementor-element elementor-element-c40bc4d elementor-invisible elementor-widget elementor-widget-image\" data-id=\"c40bc4d\" data-element_type=\"widget\" data-e-type=\"widget\" data-settings=\"{&quot;_animation&quot;:&quot;fadeInLeft&quot;,&quot;ekit_we_effect_on&quot;:&quot;none&quot;}\" data-widget_type=\"image.default\">\n\t\t\t\t\t\t\t\t\t\t\t\t\t\t\t<img decoding=\"async\" src=\"https:\/\/sitapress.com\/wp-content\/uploads\/2025\/12\/Image-3.png\" title=\"\" alt=\"\" loading=\"lazy\" \/>\t\t\t\t\t\t\t\t\t\t\t\t\t\t\t<\/div>\n\t\t\t\t<\/div>\n\t\t\t\t\t<\/div>\n\t\t\t\t<\/div>\n\t\t<div class=\"elementor-element elementor-element-f73557 e-con-full e-flex e-con e-parent\" data-id=\"f73557\" data-element_type=\"container\" data-e-type=\"container\" data-settings=\"{&quot;background_background&quot;:&quot;classic&quot;,&quot;ekit_has_onepagescroll_dot&quot;:&quot;yes&quot;}\">\n\t\t\t\t<div class=\"elementor-element elementor-element-273a1ad4 elementor-widget elementor-widget-heading\" data-id=\"273a1ad4\" data-element_type=\"widget\" data-e-type=\"widget\" data-settings=\"{&quot;ekit_we_effect_on&quot;:&quot;none&quot;}\" data-widget_type=\"heading.default\">\n\t\t\t\t\t<h2 class=\"elementor-heading-title elementor-size-default\">Podnie\u015b to\u017csamo\u015b\u0107 swojej marki dzi\u0119ki in\u017cynieryjnej precyzji<\/h2>\t\t\t\t<\/div>\n\t\t\t\t<div class=\"elementor-element elementor-element-78769ec elementor-widget elementor-widget-heading\" data-id=\"78769ec\" data-element_type=\"widget\" data-e-type=\"widget\" data-settings=\"{&quot;ekit_we_effect_on&quot;:&quot;none&quot;}\" data-widget_type=\"heading.default\">\n\t\t\t\t\t<p class=\"elementor-heading-title elementor-size-default\">Zam\u00f3w indywidualn\u0105 konsultacj\u0119 in\u017cynieryjn\u0105 i otrzymaj bezp\u0142atn\u0105 wycen\u0119 ju\u017c dzi\u015b.<\/p>\t\t\t\t<\/div>\n\t\t\t\t<div class=\"elementor-element elementor-element-32b7481e elementor-invisible elementor-widget elementor-widget-eael-creative-button\" data-id=\"32b7481e\" data-element_type=\"widget\" data-e-type=\"widget\" data-settings=\"{&quot;_animation&quot;:&quot;fadeInUp&quot;,&quot;ekit_we_effect_on&quot;:&quot;none&quot;}\" data-widget_type=\"eael-creative-button.default\">\n\t\t\t\t\t        <div class=\"eael-creative-button-wrapper\">\n\n            <a class=\"eael-creative-button eael-creative-button--ujarak eael-cb-icon-position-\" href=\"https:\/\/sitapress.com\/pl\/kontakt\/\" data-text=\"\">\n            \t    \n                <div class=\"creative-button-inner\">\n\n                    \n                    <span class=\"cretive-button-text\">Uzyskaj bezp\u0142atn\u0105 wycen\u0119<\/span>\n\n                                    <\/div>\n\t                        <\/a>\n        <\/div>\n        \t\t\t\t<\/div>\n\t\t\t\t<\/div>\n\t\t<div class=\"elementor-element elementor-element-4faca1d e-flex e-con-boxed e-con e-parent\" data-id=\"4faca1d\" data-element_type=\"container\" data-e-type=\"container\" data-settings=\"{&quot;ekit_has_onepagescroll_dot&quot;:&quot;yes&quot;}\">\n\t\t\t\t\t<div class=\"e-con-inner\">\n\t\t\t\t<div class=\"elementor-element elementor-element-d7b21ae elementor-widget elementor-widget-spacer\" data-id=\"d7b21ae\" data-element_type=\"widget\" data-e-type=\"widget\" data-settings=\"{&quot;ekit_we_effect_on&quot;:&quot;none&quot;}\" data-widget_type=\"spacer.default\">\n\t\t\t\t\t\t\t<div class=\"elementor-spacer\">\n\t\t\t<div class=\"elementor-spacer-inner\"><\/div>\n\t\t<\/div>\n\t\t\t\t\t\t<\/div>\n\t\t\t\t\t<\/div>\n\t\t\t\t<\/div>\n\t\t<div class=\"elementor-element elementor-element-75eff38e e-con-full e-flex e-con e-parent\" data-id=\"75eff38e\" data-element_type=\"container\" data-e-type=\"container\" data-settings=\"{&quot;background_background&quot;:&quot;classic&quot;,&quot;ekit_has_onepagescroll_dot&quot;:&quot;yes&quot;}\">\n\t\t<div class=\"elementor-element elementor-element-71962a41 e-con-full e-flex e-con e-child\" data-id=\"71962a41\" data-element_type=\"container\" data-e-type=\"container\" data-settings=\"{&quot;background_background&quot;:&quot;classic&quot;,&quot;ekit_has_onepagescroll_dot&quot;:&quot;yes&quot;}\">\n\t\t<div class=\"elementor-element elementor-element-4f9771d e-con-full e-flex e-con e-child\" data-id=\"4f9771d\" data-element_type=\"container\" data-e-type=\"container\" data-settings=\"{&quot;ekit_has_onepagescroll_dot&quot;:&quot;yes&quot;}\">\n\t\t\t\t<div class=\"elementor-element elementor-element-174a449c elementor-invisible elementor-widget elementor-widget-heading\" data-id=\"174a449c\" data-element_type=\"widget\" data-e-type=\"widget\" data-settings=\"{&quot;_animation&quot;:&quot;fadeInDown&quot;,&quot;ekit_we_effect_on&quot;:&quot;none&quot;}\" data-widget_type=\"heading.default\">\n\t\t\t\t\t<p class=\"elementor-heading-title elementor-size-default\">Proces produkcyjny Sitapress jest certyfikowany zgodnie z ISO9001:2015<\/p>\t\t\t\t<\/div>\n\t\t\t\t<\/div>\n\t\t<div class=\"elementor-element elementor-element-1c956deb e-con-full e-flex e-con e-child\" data-id=\"1c956deb\" data-element_type=\"container\" data-e-type=\"container\" data-settings=\"{&quot;ekit_has_onepagescroll_dot&quot;:&quot;yes&quot;}\">\n\t\t\t\t<div class=\"elementor-element elementor-element-7590c67a elementor-invisible elementor-widget elementor-widget-image\" data-id=\"7590c67a\" data-element_type=\"widget\" data-e-type=\"widget\" data-settings=\"{&quot;_animation&quot;:&quot;fadeInDown&quot;,&quot;ekit_we_effect_on&quot;:&quot;none&quot;}\" data-widget_type=\"image.default\">\n\t\t\t\t\t\t\t\t\t\t\t\t\t\t\t<img decoding=\"async\" width=\"59\" height=\"59\" src=\"https:\/\/sitapress.com\/wp-content\/uploads\/2025\/12\/Image-3-1.png\" class=\"attachment-large size-large wp-image-5885\" alt=\"Oficjalne logo certyfikacji SGS ISO 9001:2015, potwierdzaj\u0105ce zaanga\u017cowanie firmy SITAPRESS w systemy zarz\u0105dzania jako\u015bci\u0105.\" \/>\t\t\t\t\t\t\t\t\t\t\t\t\t\t\t<\/div>\n\t\t\t\t<\/div>\n\t\t\t\t<\/div>\n\t\t\t\t<\/div>\n\t\t<div class=\"elementor-element elementor-element-baa73d6 e-flex e-con-boxed e-con e-parent\" data-id=\"baa73d6\" data-element_type=\"container\" data-e-type=\"container\" data-settings=\"{&quot;ekit_has_onepagescroll_dot&quot;:&quot;yes&quot;}\">\n\t\t\t\t\t<div class=\"e-con-inner\">\n\t\t\t\t<div class=\"elementor-element elementor-element-b08810d elementor-widget elementor-widget-spacer\" data-id=\"b08810d\" data-element_type=\"widget\" data-e-type=\"widget\" data-settings=\"{&quot;ekit_we_effect_on&quot;:&quot;none&quot;}\" data-widget_type=\"spacer.default\">\n\t\t\t\t\t\t\t<div class=\"elementor-spacer\">\n\t\t\t<div class=\"elementor-spacer-inner\"><\/div>\n\t\t<\/div>\n\t\t\t\t\t\t<\/div>\n\t\t\t\t\t<\/div>\n\t\t\t\t<\/div>\n\t\t\t\t<\/div>\n\t\t","protected":false},"excerpt":{"rendered":"<p>Wsparcie in\u017cynieryjne i doradztwo Tw\u00f3j partner in\u017cynieryjny: Przekszta\u0142camy koncepcje w precyzyjn\u0105 rzeczywisto\u015b\u0107 Nasza wiedza techniczna pozwala nam prowadzi\u0107, wspiera\u0107 i ostatecznie realizowa\u0107 Pa\u0144stwa najbardziej unikalne i z\u0142o\u017cone pomys\u0142y. Poprzez konstruktywny i warto\u015bciowy dialog techniczny, rozwijamy Pa\u0144stwa wst\u0119pne koncepcje w pe\u0142ni wdro\u017cone rozwi\u0105zania przemys\u0142owe. To podej\u015bcie oparte na wsp\u00f3\u0142pracy zapewnia unikalne, wysokiej jako\u015bci rezultaty na ka\u017cdym [&hellip;]<\/p>\n","protected":false},"author":1,"featured_media":0,"parent":0,"menu_order":0,"comment_status":"closed","ping_status":"closed","template":"","meta":{"footnotes":""},"class_list":["post-6315","page","type-page","status-publish","hentry"],"_links":{"self":[{"href":"https:\/\/sitapress.com\/pl\/wp-json\/wp\/v2\/pages\/6315","targetHints":{"allow":["GET"]}}],"collection":[{"href":"https:\/\/sitapress.com\/pl\/wp-json\/wp\/v2\/pages"}],"about":[{"href":"https:\/\/sitapress.com\/pl\/wp-json\/wp\/v2\/types\/page"}],"author":[{"embeddable":true,"href":"https:\/\/sitapress.com\/pl\/wp-json\/wp\/v2\/users\/1"}],"replies":[{"embeddable":true,"href":"https:\/\/sitapress.com\/pl\/wp-json\/wp\/v2\/comments?post=6315"}],"version-history":[{"count":2,"href":"https:\/\/sitapress.com\/pl\/wp-json\/wp\/v2\/pages\/6315\/revisions"}],"predecessor-version":[{"id":8799,"href":"https:\/\/sitapress.com\/pl\/wp-json\/wp\/v2\/pages\/6315\/revisions\/8799"}],"wp:attachment":[{"href":"https:\/\/sitapress.com\/pl\/wp-json\/wp\/v2\/media?parent=6315"}],"curies":[{"name":"wp","href":"https:\/\/api.w.org\/{rel}","templated":true}]}}