{"id":6306,"date":"2025-12-16T12:03:54","date_gmt":"2025-12-16T12:03:54","guid":{"rendered":"https:\/\/sitapress.com\/ochrona-danych-osobowych\/"},"modified":"2026-04-25T08:04:47","modified_gmt":"2026-04-25T08:04:47","slug":"ochrona-danych-osobowych","status":"publish","type":"page","link":"https:\/\/sitapress.com\/pl\/ochrona-danych-osobowych\/","title":{"rendered":"Ochrona Danych Osobowych"},"content":{"rendered":"\t\t<div data-elementor-type=\"wp-page\" data-elementor-id=\"6306\" class=\"elementor elementor-6306 elementor-2094\" data-elementor-post-type=\"page\">\n\t\t\t\t<div class=\"elementor-element elementor-element-7d41536 e-flex e-con-boxed e-con e-parent\" data-id=\"7d41536\" data-element_type=\"container\" data-e-type=\"container\" data-settings=\"{&quot;ekit_has_onepagescroll_dot&quot;:&quot;yes&quot;}\">\n\t\t\t\t\t<div class=\"e-con-inner\">\n\t\t<div class=\"elementor-element elementor-element-079e777 e-con-full e-flex e-con e-child\" data-id=\"079e777\" data-element_type=\"container\" data-e-type=\"container\" data-settings=\"{&quot;background_background&quot;:&quot;classic&quot;,&quot;ekit_has_onepagescroll_dot&quot;:&quot;yes&quot;}\">\n\t\t\t\t<div class=\"elementor-element elementor-element-f3ecb51 elementor-invisible elementor-widget elementor-widget-heading\" data-id=\"f3ecb51\" data-element_type=\"widget\" data-e-type=\"widget\" data-settings=\"{&quot;_animation&quot;:&quot;fadeInDown&quot;,&quot;ekit_we_effect_on&quot;:&quot;none&quot;}\" data-widget_type=\"heading.default\">\n\t\t\t\t\t<h1 class=\"elementor-heading-title elementor-size-default\">Ochrona Danych Osobowych<\/h1>\t\t\t\t<\/div>\n\t\t\t\t<\/div>\n\t\t\t\t\t<\/div>\n\t\t\t\t<\/div>\n\t\t<div class=\"elementor-element elementor-element-d1e6327 e-flex e-con-boxed e-con e-parent\" data-id=\"d1e6327\" data-element_type=\"container\" data-e-type=\"container\" data-settings=\"{&quot;ekit_has_onepagescroll_dot&quot;:&quot;yes&quot;}\">\n\t\t\t\t\t<div class=\"e-con-inner\">\n\t\t<div class=\"elementor-element elementor-element-ace1ed0 e-con-full e-flex e-con e-child\" data-id=\"ace1ed0\" data-element_type=\"container\" data-e-type=\"container\" data-settings=\"{&quot;ekit_has_onepagescroll_dot&quot;:&quot;yes&quot;}\">\n\t\t<div class=\"elementor-element elementor-element-0ca81f7 e-con-full e-flex e-con e-child\" data-id=\"0ca81f7\" data-element_type=\"container\" data-e-type=\"container\" data-settings=\"{&quot;ekit_has_onepagescroll_dot&quot;:&quot;yes&quot;}\">\n\t\t\t\t<div class=\"elementor-element elementor-element-bbd0052 elementor-invisible elementor-widget elementor-widget-heading\" data-id=\"bbd0052\" data-element_type=\"widget\" data-e-type=\"widget\" data-settings=\"{&quot;_animation&quot;:&quot;fadeInDown&quot;,&quot;ekit_we_effect_on&quot;:&quot;none&quot;}\" data-widget_type=\"heading.default\">\n\t\t\t\t\t<h2 class=\"elementor-heading-title elementor-size-default\">Administrator Danych Osobowych<\/h2>\t\t\t\t<\/div>\n\t\t\t\t<div class=\"elementor-element elementor-element-1161dbd elementor-widget elementor-widget-text-editor\" data-id=\"1161dbd\" data-element_type=\"widget\" data-e-type=\"widget\" data-settings=\"{&quot;ekit_we_effect_on&quot;:&quot;none&quot;}\" data-widget_type=\"text-editor.default\">\n\t\t\t\t\t\t\t\t\t<p data-start=\"188\" data-end=\"419\">Administratorem danych osobowych, tj. podmiotem przetwarzaj\u0105cym dane osobowe osoby, kt\u00f3rej dane dotycz\u0105, jest sp\u00f3\u0142ka SITAPRESS sro z siedzib\u0105 pod adresem: U\u010d\u0148ovsk\u00e1 1, 040 15 Ko\u0161ice \u2013 \u0160aca, Republika S\u0142owacka, zarejestrowana w Rejestrze Handlowym S\u0105du Rejonowego Ko\u0161ice I, dzia\u0142: Sro, nr akt 11519\/V, identyfikator firmy: 36197351, NIP: 2020042937, VAT ID: SK2020042937 (zwana dalej \u201eAdministratorem\u201d).<\/p>\n<p data-start=\"188\" data-end=\"419\">Podczas przetwarzania Pa\u0144stwa danych osobowych Administrator post\u0119puje zgodnie z Rozporz\u0105dzeniem Parlamentu Europejskiego i Rady (UE) 2016\/679 w sprawie ochrony os\u00f3b fizycznych w zwi\u0105zku z przetwarzaniem danych osobowych i w sprawie swobodnego przep\u0142ywu takich danych oraz uchylenia dyrektywy 95\/46\/WE (og\u00f3lne rozporz\u0105dzenie o ochronie danych) oraz zgodnie z Ustaw\u0105 nr 18\/2018 o ochronie danych osobowych oraz o zmianie i uzupe\u0142nieniu niekt\u00f3rych ustaw. <\/p>\t\t\t\t\t\t\t\t<\/div>\n\t\t\t\t<\/div>\n\t\t<div class=\"elementor-element elementor-element-f647f5e e-con-full e-flex e-con e-child\" data-id=\"f647f5e\" data-element_type=\"container\" data-e-type=\"container\" data-settings=\"{&quot;ekit_has_onepagescroll_dot&quot;:&quot;yes&quot;}\">\n\t\t\t\t<div class=\"elementor-element elementor-element-e5aab46 elementor-invisible elementor-widget elementor-widget-heading\" data-id=\"e5aab46\" data-element_type=\"widget\" data-e-type=\"widget\" data-settings=\"{&quot;_animation&quot;:&quot;fadeInDown&quot;,&quot;ekit_we_effect_on&quot;:&quot;none&quot;}\" data-widget_type=\"heading.default\">\n\t\t\t\t\t<h2 class=\"elementor-heading-title elementor-size-default\">Cele i podstawa prawna przetwarzania danych osobowych<\/h2>\t\t\t\t<\/div>\n\t\t\t\t<div class=\"elementor-element elementor-element-ed4fddf elementor-widget elementor-widget-text-editor\" data-id=\"ed4fddf\" data-element_type=\"widget\" data-e-type=\"widget\" data-settings=\"{&quot;ekit_we_effect_on&quot;:&quot;none&quot;}\" data-widget_type=\"text-editor.default\">\n\t\t\t\t\t\t\t\t\t<p>Administrator przetwarza dane osobowe os\u00f3b, kt\u00f3rych dane dotycz\u0105, wy\u0142\u0105cznie w zakresie niezb\u0119dnym do realizacji celu i warunk\u00f3w biznesowych.<\/p>\t\t\t\t\t\t\t\t<\/div>\n\t\t\t\t<\/div>\n\t\t<div class=\"elementor-element elementor-element-21c6855 e-con-full e-flex e-con e-child\" data-id=\"21c6855\" data-element_type=\"container\" data-e-type=\"container\" data-settings=\"{&quot;ekit_has_onepagescroll_dot&quot;:&quot;yes&quot;}\">\n\t\t\t\t<div class=\"elementor-element elementor-element-9e49b2e elementor-widget elementor-widget-heading\" data-id=\"9e49b2e\" data-element_type=\"widget\" data-e-type=\"widget\" data-settings=\"{&quot;ekit_we_effect_on&quot;:&quot;none&quot;}\" data-widget_type=\"heading.default\">\n\t\t\t\t\t<h2 class=\"elementor-heading-title elementor-size-default\">Okres przechowywania danych osobowych<\/h2>\t\t\t\t<\/div>\n\t\t\t\t<div class=\"elementor-element elementor-element-7e1f9d8 elementor-widget elementor-widget-text-editor\" data-id=\"7e1f9d8\" data-element_type=\"widget\" data-e-type=\"widget\" data-settings=\"{&quot;ekit_we_effect_on&quot;:&quot;none&quot;}\" data-widget_type=\"text-editor.default\">\n\t\t\t\t\t\t\t\t\t<p>Administrator b\u0119dzie przechowywa\u0142 dane osobowe w formie umo\u017cliwiaj\u0105cej identyfikacj\u0119 osoby, kt\u00f3rej dane dotycz\u0105, najp\u00f3\u017aniej tak d\u0142ugo, jak jest to konieczne do osi\u0105gni\u0119cia celu, w kt\u00f3rym dane osobowe s\u0105 przetwarzane i\/lub do dochodzenia roszcze\u0144 prawnych. Administrator b\u0119dzie przechowywa\u0142 dane osobowe najp\u00f3\u017aniej do ko\u0144ca okresu, chyba \u017ce osoba, kt\u00f3rej dane dotycz\u0105, wcze\u015bniej skorzysta z prawa do wycofania zgody na przetwarzanie danych osobowych. Administrator b\u0119dzie przechowywa\u0142 dane osobowe najp\u00f3\u017aniej tak d\u0142ugo, jak jest to konieczne do wype\u0142nienia obowi\u0105zk\u00f3w wynikaj\u0105cych z przepis\u00f3w szczeg\u00f3lnych.  <\/p>\t\t\t\t\t\t\t\t<\/div>\n\t\t\t\t<\/div>\n\t\t<div class=\"elementor-element elementor-element-f50a065 e-con-full e-flex e-con e-child\" data-id=\"f50a065\" data-element_type=\"container\" data-e-type=\"container\" data-settings=\"{&quot;ekit_has_onepagescroll_dot&quot;:&quot;yes&quot;}\">\n\t\t\t\t<div class=\"elementor-element elementor-element-c050972 elementor-widget elementor-widget-heading\" data-id=\"c050972\" data-element_type=\"widget\" data-e-type=\"widget\" data-settings=\"{&quot;ekit_we_effect_on&quot;:&quot;none&quot;}\" data-widget_type=\"heading.default\">\n\t\t\t\t\t<h2 class=\"elementor-heading-title elementor-size-default\">Identyfikacja odbiorc\u00f3w danych osobowych<\/h2>\t\t\t\t<\/div>\n\t\t\t\t<div class=\"elementor-element elementor-element-139f6e4 elementor-widget elementor-widget-text-editor\" data-id=\"139f6e4\" data-element_type=\"widget\" data-e-type=\"widget\" data-settings=\"{&quot;ekit_we_effect_on&quot;:&quot;none&quot;}\" data-widget_type=\"text-editor.default\">\n\t\t\t\t\t\t\t\t\t<p>Administrator nie jest upowa\u017cniony do udost\u0119pniania danych osobowych os\u00f3b, kt\u00f3rych dane dotycz\u0105, \u017cadnym osobom trzecim z wyj\u0105tkiem Podmiotu przetwarzaj\u0105cego.<\/p>\t\t\t\t\t\t\t\t<\/div>\n\t\t\t\t<\/div>\n\t\t<div class=\"elementor-element elementor-element-bc546e5 e-con-full e-flex e-con e-child\" data-id=\"bc546e5\" data-element_type=\"container\" data-e-type=\"container\" data-settings=\"{&quot;ekit_has_onepagescroll_dot&quot;:&quot;yes&quot;}\">\n\t\t\t\t<div class=\"elementor-element elementor-element-156fb85 elementor-widget elementor-widget-heading\" data-id=\"156fb85\" data-element_type=\"widget\" data-e-type=\"widget\" data-settings=\"{&quot;ekit_we_effect_on&quot;:&quot;none&quot;}\" data-widget_type=\"heading.default\">\n\t\t\t\t\t<h2 class=\"elementor-heading-title elementor-size-default\">Prawa os\u00f3b, kt\u00f3rych dane dotycz\u0105<\/h2>\t\t\t\t<\/div>\n\t\t\t\t<div class=\"elementor-element elementor-element-305e513 elementor-widget elementor-widget-text-editor\" data-id=\"305e513\" data-element_type=\"widget\" data-e-type=\"widget\" data-settings=\"{&quot;ekit_we_effect_on&quot;:&quot;none&quot;}\" data-widget_type=\"text-editor.default\">\n\t\t\t\t\t\t\t\t\t<ul>\n<li data-start=\"2156\" data-end=\"2464\">\n<p data-start=\"2158\" data-end=\"2464\">Je\u017celi podstaw\u0105 prawn\u0105 przetwarzania danych osobowych osoby, kt\u00f3rej dane dotycz\u0105, jest jej zgoda, osoba ta mo\u017ce w ka\u017cdej chwili wycofa\u0107 zgod\u0119, wysy\u0142aj\u0105c wiadomo\u015b\u0107 e-mail na poni\u017cszy adres. Wycofanie zgody nie wp\u0142ywa na zgodno\u015b\u0107 z prawem przetwarzania dokonanego na podstawie zgody przed jej wycofaniem. <\/p>\n<\/li>\n<li data-start=\"2466\" data-end=\"2575\">\n<p data-start=\"2468\" data-end=\"2575\">Osoba, kt\u00f3rej dane dotycz\u0105, ma prawo w ka\u017cdej chwili wycofa\u0107 zgod\u0119 poprzez wys\u0142anie wiadomo\u015bci e-mail na adres: <a class=\"decorated-link cursor-pointer\" rel=\"noopener\" data-start=\"2557\" data-end=\"2574\">info@sitapress.sk<\/a>.<\/p>\n<\/li>\n<li data-start=\"2577\" data-end=\"2860\">\n<p data-start=\"2579\" data-end=\"2860\">Osoba, kt\u00f3rej dane dotycz\u0105, ma prawo \u017c\u0105da\u0107 od Administratora potwierdzenia na podstawie wniosku, czy dane osobowe osoby, kt\u00f3rej dane dotycz\u0105, s\u0105 przetwarzane, a je\u015bli tak, \u017c\u0105da\u0107 informacji o przetwarzaniu danych osobowych jej dotycz\u0105cych.<\/p>\n<\/li>\n<li data-start=\"2862\" data-end=\"3200\">\n<p data-start=\"2864\" data-end=\"3200\">Osoba, kt\u00f3rej dane dotycz\u0105, ma prawo do poprawienia dotycz\u0105cych jej danych osobowych. W celu zapewnienia dok\u0142adno\u015bci danych osobowych osoby, kt\u00f3rej dane dotycz\u0105, ka\u017cda osoba, kt\u00f3rej dane dotycz\u0105, jest zobowi\u0105zana do przekazania Administratorowi dok\u0142adnych i prawdziwych danych osobowych oraz wszelkich zmian w danych osobowych, kt\u00f3re osoba, kt\u00f3rej dane dotycz\u0105, przekaza\u0142a Administratorowi. <\/p>\n<\/li>\n<li data-start=\"3202\" data-end=\"3703\">\n<p data-start=\"3204\" data-end=\"3703\">Osoba, kt\u00f3rej dane dotycz\u0105, ma prawo do przenoszenia dotycz\u0105cych jej danych osobowych, kt\u00f3re przekaza\u0142a Administratorowi, w ustrukturyzowanym, powszechnie u\u017cywanym formacie nadaj\u0105cym si\u0119 do odczytu maszynowego, je\u017celi dane osobowe osoby, kt\u00f3rej dane dotycz\u0105, s\u0105 przetwarzane w spos\u00f3b zautomatyzowany oraz na podstawie um\u00f3w lub zgody osoby, kt\u00f3rej dane dotycz\u0105, i przed up\u0142ywem okresu przechowywania danych osobowych. Wykonanie tego prawa nie mo\u017ce mie\u0107 niekorzystnych skutk\u00f3w dla praw innych os\u00f3b. <\/p>\n<\/li>\n<li data-start=\"3705\" data-end=\"4719\">\n<p data-start=\"3707\" data-end=\"4719\">Osoba, kt\u00f3rej dane dotycz\u0105, ma prawo do zniszczenia danych osobowych (prawo do usuni\u0119cia danych osobowych), kt\u00f3re s\u0105 przedmiotem przetwarzania, je\u017celi dosz\u0142o do naruszenia prawa lub po wycofaniu zgody lub je\u017celi cel przetwarzania zako\u0144czy\u0142 si\u0119 lub po up\u0142ywie okresu przechowywania danych osobowych. Prawo do zniszczenia danych osobowych nie ma zastosowania, je\u017celi przetwarzanie danych osobowych jest niezb\u0119dne do: wykonywania prawa do wolno\u015bci wypowiedzi lub wykonywania prawa do informacji, wype\u0142niania obowi\u0105zk\u00f3w wynikaj\u0105cych z Ustawy nr 18\/2018 o ochronie danych osobowych oraz o zmianie i uzupe\u0142nieniu innych ustaw (obowi\u0105zuj\u0105cej od 25.5.2018) lub przepis\u00f3w szczeg\u00f3lnych, dochodzenia roszcze\u0144 prawnych do cel\u00f3w archiwalnych, do cel\u00f3w naukowych, do cel\u00f3w bada\u0144 historycznych lub do cel\u00f3w statystycznych zgodnie z \u00a7 78 ust. 8, je\u017celi jest prawdopodobne, \u017ce prawo, o kt\u00f3rym mowa w ust. 1, uniemo\u017cliwi lub powa\u017cnie utrudni osi\u0105gni\u0119cie cel\u00f3w takiego przetwarzania. <\/p>\n<\/li>\n<li data-start=\"4721\" data-end=\"5580\">\n<p data-start=\"4723\" data-end=\"5580\">Prawo do ograniczenia przetwarzania danych osobowych, je\u017celi: osoba, kt\u00f3rej dane dotycz\u0105, kwestionuje prawid\u0142owo\u015b\u0107 danych osobowych, przez okres pozwalaj\u0105cy Administratorowi sprawdzi\u0107 prawid\u0142owo\u015b\u0107 danych osobowych, przetwarzanie danych osobowych jest niezgodne z prawem, a osoba, kt\u00f3rej dane dotycz\u0105, sprzeciwia si\u0119 usuni\u0119ciu danych osobowych i \u017c\u0105da w zamian ograniczenia ich wykorzystywania, Administrator nie potrzebuje ju\u017c danych osobowych do cel\u00f3w przetwarzania danych osobowych, ale potrzebuje ich osoba, kt\u00f3rej dane dotycz\u0105, do dochodzenia roszcze\u0144 prawnych, lub osoba, kt\u00f3rej dane dotycz\u0105, wnosi sprzeciw wobec przetwarzania danych osobowych na podstawie \u00a7 27 ust. 1 Ustawy nr 18\/2018 o ochronie danych osobowych oraz o zmianie i uzupe\u0142nieniu innych ustaw (obowi\u0105zuj\u0105cej od 25.5.2018), do czasu weryfikacji, czy uzasadnione podstawy po stronie administratora przewa\u017caj\u0105 nad podstawami sprzeciwu osoby, kt\u00f3rej dane dotycz\u0105.<\/p>\n<\/li>\n<li data-start=\"5582\" data-end=\"5738\">\n<p data-start=\"5584\" data-end=\"5738\">Je\u015bli podejrzewasz, \u017ce Twoje dane osobowe s\u0105 przetwarzane niezgodnie z prawem, masz prawo z\u0142o\u017cy\u0107 skarg\u0119 do Urz\u0119du Ochrony Danych Osobowych.<\/p>\n<\/li>\n<\/ul>\t\t\t\t\t\t\t\t<\/div>\n\t\t\t\t<\/div>\n\t\t<div class=\"elementor-element elementor-element-78b67b1 e-con-full e-flex e-con e-child\" data-id=\"78b67b1\" data-element_type=\"container\" data-e-type=\"container\" data-settings=\"{&quot;ekit_has_onepagescroll_dot&quot;:&quot;yes&quot;}\">\n\t\t\t\t<div class=\"elementor-element elementor-element-b94fe60 elementor-widget elementor-widget-heading\" data-id=\"b94fe60\" data-element_type=\"widget\" data-e-type=\"widget\" data-settings=\"{&quot;ekit_we_effect_on&quot;:&quot;none&quot;}\" data-widget_type=\"heading.default\">\n\t\t\t\t\t<h2 class=\"elementor-heading-title elementor-size-default\">Dane kontaktowe Administratora<\/h2>\t\t\t\t<\/div>\n\t\t\t\t<div class=\"elementor-element elementor-element-e743e24 elementor-widget elementor-widget-text-editor\" data-id=\"e743e24\" data-element_type=\"widget\" data-e-type=\"widget\" data-settings=\"{&quot;ekit_we_effect_on&quot;:&quot;none&quot;}\" data-widget_type=\"text-editor.default\">\n\t\t\t\t\t\t\t\t\t<p data-start=\"1808\" data-end=\"1948\">Osoba, kt\u00f3rej dane dotycz\u0105, mo\u017ce kierowa\u0107 wszelkie uwagi, pytania, sugestie i zapytania do Administratora danych osobowych drog\u0105 mailow\u0105 na nast\u0119puj\u0105cy adres e-mail: <a class=\"decorated-link cursor-pointer\" rel=\"noopener\" data-start=\"5936\" data-end=\"5953\">info@sitapress.sk<\/a> lub telefonicznie pod numerem +42155\/69 500 81 lub pisemnie na adres SITAPRESS sro z siedzib\u0105: U\u010d\u0148ovsk\u00e1 1, 040 15 Ko\u0161ice \u2013 \u0160aca, Republika S\u0142owacka.<\/p>\t\t\t\t\t\t\t\t<\/div>\n\t\t\t\t<\/div>\n\t\t<div class=\"elementor-element elementor-element-389d8b7 e-con-full e-flex e-con e-child\" data-id=\"389d8b7\" data-element_type=\"container\" data-e-type=\"container\" data-settings=\"{&quot;ekit_has_onepagescroll_dot&quot;:&quot;yes&quot;}\">\n\t\t\t\t<div class=\"elementor-element elementor-element-a324cff elementor-widget elementor-widget-heading\" data-id=\"a324cff\" data-element_type=\"widget\" data-e-type=\"widget\" data-settings=\"{&quot;ekit_we_effect_on&quot;:&quot;none&quot;}\" data-widget_type=\"heading.default\">\n\t\t\t\t\t<h2 class=\"elementor-heading-title elementor-size-default\">Polityka plik\u00f3w cookie<\/h2>\t\t\t\t<\/div>\n\t\t\t\t<div class=\"elementor-element elementor-element-69184de elementor-widget elementor-widget-text-editor\" data-id=\"69184de\" data-element_type=\"widget\" data-e-type=\"widget\" data-settings=\"{&quot;ekit_we_effect_on&quot;:&quot;none&quot;}\" data-widget_type=\"text-editor.default\">\n\t\t\t\t\t\t\t\t\t<p>W celu ci\u0105g\u0142ego doskonalenia naszych us\u0142ug, nasze strony internetowe wykorzystuj\u0105 pliki cookie, kt\u00f3re s\u0105 ma\u0142ymi plikami przechowywanymi w przegl\u0105darce lub na dysku twardym komputera. Pliki cookie pomagaj\u0105 komputerowi zapami\u0119ta\u0107 odwiedzane strony i preferencje dla odwiedzanych stron (np. preferowany j\u0119zyk). Zwi\u0119kszaj\u0105 one przyjazno\u015b\u0107 dla u\u017cytkownika wielokrotnie odwiedzanej strony internetowej i s\u0105 tym samym dla Pa\u0144stwa u\u017cyteczne. Wykorzystujemy te dane na przyk\u0142ad do \u015bwiadczenia us\u0142ug, personalizacji reklam, analizy &#8230;.. ruchu. Je\u015bli nie wyra\u017caj\u0105 Pa\u0144stwo zgody na wykorzystywanie plik\u00f3w cookie na naszej stronie internetowej, mog\u0105 Pa\u0144stwo wy\u0142\u0105czy\u0107 zapisywanie plik\u00f3w cookie za pomoc\u0105 ustawie\u0144 przegl\u0105darki. Aby uzyska\u0107 bardziej szczeg\u00f3\u0142owe informacje, prosimy skorzysta\u0107 z pomocy przegl\u0105darki.<\/p>\t\t\t\t\t\t\t\t<\/div>\n\t\t\t\t<div class=\"elementor-element elementor-element-905d6ff elementor-widget elementor-widget-text-editor\" data-id=\"905d6ff\" data-element_type=\"widget\" data-e-type=\"widget\" data-settings=\"{&quot;ekit_we_effect_on&quot;:&quot;none&quot;}\" data-widget_type=\"text-editor.default\">\n\t\t\t\t\t\t\t\t\t<p>Pe\u0142ne informacje o tym, jak przetwarzamy Pa\u0144stwa dane osobowe, znajduj\u0105 si\u0119 w naszej <a href=\"https:\/\/sitapress.com\/pl\/polityka-prywatnosci\/\"><strong>Polityce Prywatno\u015bci<\/strong><\/a>.<\/p>\t\t\t\t\t\t\t\t<\/div>\n\t\t\t\t<\/div>\n\t\t<div class=\"elementor-element elementor-element-e3974a9 e-con-full e-flex e-con e-child\" data-id=\"e3974a9\" data-element_type=\"container\" data-e-type=\"container\" data-settings=\"{&quot;ekit_has_onepagescroll_dot&quot;:&quot;yes&quot;}\">\n\t\t\t\t<div class=\"elementor-element elementor-element-e9684cf elementor-widget elementor-widget-heading\" data-id=\"e9684cf\" data-element_type=\"widget\" data-e-type=\"widget\" data-settings=\"{&quot;ekit_we_effect_on&quot;:&quot;none&quot;}\" data-widget_type=\"heading.default\">\n\t\t\t\t\t<h2 class=\"elementor-heading-title elementor-size-default\">Wid\u017cety sieci spo\u0142eczno\u015bciowych i inne aplikacje<\/h2>\t\t\t\t<\/div>\n\t\t\t\t<div class=\"elementor-element elementor-element-0d71760 elementor-widget elementor-widget-text-editor\" data-id=\"0d71760\" data-element_type=\"widget\" data-e-type=\"widget\" data-settings=\"{&quot;ekit_we_effect_on&quot;:&quot;none&quot;}\" data-widget_type=\"text-editor.default\">\n\t\t\t\t\t\t\t\t\t<p>Na naszej stronie internetowej u\u017cywamy wid\u017cet\u00f3w sieci spo\u0142eczno\u015bciowych Facebook i Messenger. Aplikacje te mog\u0105 zbiera\u0107 i wykorzystywa\u0107 informacje o korzystaniu z naszej strony internetowej. Wszelkie dane osobowe przekazane za po\u015brednictwem tych aplikacji mog\u0105 by\u0107 wykorzystywane przez dostawc\u0119 tych us\u0142ug. Przetwarzanie tych danych podlega warunkom tych firm (patrz linki powy\u017cej). Sp\u00f3\u0142ka SITAPRESS sro z siedzib\u0105: U\u010d\u0148ovsk\u00e1 1, 040 15 Ko\u0161ice &#8211; \u0160aca, Republika S\u0142owacka nie ma kontroli ani nie ponosi \u017cadnej odpowiedzialno\u015bci za zakres, spos\u00f3b i cel przetwarzania danych przez dostawc\u00f3w.    <\/p>\t\t\t\t\t\t\t\t<\/div>\n\t\t\t\t<div class=\"elementor-element elementor-element-c0d9092 elementor-widget elementor-widget-text-editor\" data-id=\"c0d9092\" data-element_type=\"widget\" data-e-type=\"widget\" data-settings=\"{&quot;ekit_we_effect_on&quot;:&quot;none&quot;}\" data-widget_type=\"text-editor.default\">\n\t\t\t\t\t\t\t\t\t<p>Mo\u017cesz r\u00f3wnie\u017c szczeg\u00f3\u0142owo zapozna\u0107 si\u0119 z ramami prawnymi i prawami na naszej stronie <a href=\"https:\/\/sitapress.com\/pl\/regulamin\/\"><strong>Warunki i Zasady<\/strong><\/a>.<\/p>\t\t\t\t\t\t\t\t<\/div>\n\t\t\t\t<\/div>\n\t\t<div class=\"elementor-element elementor-element-8a69765 e-con-full e-flex e-con e-child\" data-id=\"8a69765\" data-element_type=\"container\" data-e-type=\"container\" data-settings=\"{&quot;ekit_has_onepagescroll_dot&quot;:&quot;yes&quot;}\">\n\t\t\t\t<div class=\"elementor-element elementor-element-7903c82 elementor-widget elementor-widget-heading\" data-id=\"7903c82\" data-element_type=\"widget\" data-e-type=\"widget\" data-settings=\"{&quot;ekit_we_effect_on&quot;:&quot;none&quot;}\" data-widget_type=\"heading.default\">\n\t\t\t\t\t<h2 class=\"elementor-heading-title elementor-size-default\">Skontaktuj si\u0119 z nami\n<\/h2>\t\t\t\t<\/div>\n\t\t\t\t<div class=\"elementor-element elementor-element-81c848e elementor-widget elementor-widget-text-editor\" data-id=\"81c848e\" data-element_type=\"widget\" data-e-type=\"widget\" data-settings=\"{&quot;ekit_we_effect_on&quot;:&quot;none&quot;}\" data-widget_type=\"text-editor.default\">\n\t\t\t\t\t\t\t\t\t<p data-start=\"4107\" data-end=\"4227\">Je\u015bli masz jakiekolwiek pytania, w\u0105tpliwo\u015bci lub pro\u015bby dotycz\u0105ce tej Ochrony Danych Osobowych lub naszych praktyk w zakresie danych, prosimy o kontakt:<\/p><ul><li data-start=\"4229\" data-end=\"4333\"><strong data-start=\"3070\" data-end=\"3080\">Email:<\/strong> <a href=\"mailto:sita@sitapress.sk\">sita@sitapress.sk<\/a><\/li><li data-start=\"4229\" data-end=\"4333\">Telefon: +421 903 645 123<\/li><li data-start=\"4229\" data-end=\"4333\"><strong data-start=\"3137\" data-end=\"3149\">Address:<\/strong> SITAPRESS, U\u010d\u0148ovsk\u00e1 1, 040 15 town Kosice, Slovakia<\/li><\/ul>\t\t\t\t\t\t\t\t<\/div>\n\t\t\t\t<\/div>\n\t\t\t\t<\/div>\n\t\t\t\t\t<\/div>\n\t\t\t\t<\/div>\n\t\t\t\t<\/div>\n\t\t","protected":false},"excerpt":{"rendered":"<p>Ochrona Danych Osobowych Administrator Danych Osobowych Administratorem danych osobowych, tj. podmiotem przetwarzaj\u0105cym dane osobowe osoby, kt\u00f3rej dane dotycz\u0105, jest sp\u00f3\u0142ka SITAPRESS sro z siedzib\u0105 pod adresem: U\u010d\u0148ovsk\u00e1 1, 040 15 Ko\u0161ice \u2013 \u0160aca, Republika S\u0142owacka, zarejestrowana w Rejestrze Handlowym S\u0105du Rejonowego Ko\u0161ice I, dzia\u0142: Sro, nr akt 11519\/V, identyfikator firmy: 36197351, NIP: 2020042937, VAT ID: [&hellip;]<\/p>\n","protected":false},"author":1,"featured_media":0,"parent":0,"menu_order":0,"comment_status":"closed","ping_status":"closed","template":"","meta":{"footnotes":""},"class_list":["post-6306","page","type-page","status-publish","hentry"],"_links":{"self":[{"href":"https:\/\/sitapress.com\/pl\/wp-json\/wp\/v2\/pages\/6306","targetHints":{"allow":["GET"]}}],"collection":[{"href":"https:\/\/sitapress.com\/pl\/wp-json\/wp\/v2\/pages"}],"about":[{"href":"https:\/\/sitapress.com\/pl\/wp-json\/wp\/v2\/types\/page"}],"author":[{"embeddable":true,"href":"https:\/\/sitapress.com\/pl\/wp-json\/wp\/v2\/users\/1"}],"replies":[{"embeddable":true,"href":"https:\/\/sitapress.com\/pl\/wp-json\/wp\/v2\/comments?post=6306"}],"version-history":[{"count":3,"href":"https:\/\/sitapress.com\/pl\/wp-json\/wp\/v2\/pages\/6306\/revisions"}],"predecessor-version":[{"id":9547,"href":"https:\/\/sitapress.com\/pl\/wp-json\/wp\/v2\/pages\/6306\/revisions\/9547"}],"wp:attachment":[{"href":"https:\/\/sitapress.com\/pl\/wp-json\/wp\/v2\/media?parent=6306"}],"curies":[{"name":"wp","href":"https:\/\/api.w.org\/{rel}","templated":true}]}}