{"id":7191,"date":"2025-12-06T09:45:20","date_gmt":"2025-12-06T09:45:20","guid":{"rendered":"https:\/\/sitapress.com\/datenschutzrichtlinie\/"},"modified":"2026-05-07T13:20:59","modified_gmt":"2026-05-07T13:20:59","slug":"datenschutzrichtlinie","status":"publish","type":"page","link":"https:\/\/sitapress.com\/de\/datenschutzrichtlinie\/","title":{"rendered":"Datenschutzrichtlinie"},"content":{"rendered":"\t\t<div data-elementor-type=\"wp-page\" data-elementor-id=\"7191\" class=\"elementor elementor-7191 elementor-973\" data-elementor-post-type=\"page\">\n\t\t\t\t<div class=\"elementor-element elementor-element-530f0be e-flex e-con-boxed e-con e-parent\" data-id=\"530f0be\" data-element_type=\"container\" data-e-type=\"container\" data-settings=\"{&quot;ekit_has_onepagescroll_dot&quot;:&quot;yes&quot;}\">\n\t\t\t\t\t<div class=\"e-con-inner\">\n\t\t<div class=\"elementor-element elementor-element-cfc68c3 e-con-full e-flex e-con e-child\" data-id=\"cfc68c3\" data-element_type=\"container\" data-e-type=\"container\" data-settings=\"{&quot;background_background&quot;:&quot;classic&quot;,&quot;ekit_has_onepagescroll_dot&quot;:&quot;yes&quot;}\">\n\t\t\t\t<div class=\"elementor-element elementor-element-e3571ef elementor-invisible elementor-widget elementor-widget-heading\" data-id=\"e3571ef\" data-element_type=\"widget\" data-e-type=\"widget\" data-settings=\"{&quot;_animation&quot;:&quot;fadeInDown&quot;,&quot;ekit_we_effect_on&quot;:&quot;none&quot;}\" data-widget_type=\"heading.default\">\n\t\t\t\t\t<h1 class=\"elementor-heading-title elementor-size-default\">Datenschutzrichtlinie<\/h1>\t\t\t\t<\/div>\n\t\t\t\t<\/div>\n\t\t\t\t\t<\/div>\n\t\t\t\t<\/div>\n\t\t<div class=\"elementor-element elementor-element-d1e6327 e-flex e-con-boxed e-con e-parent\" data-id=\"d1e6327\" data-element_type=\"container\" data-e-type=\"container\" data-settings=\"{&quot;ekit_has_onepagescroll_dot&quot;:&quot;yes&quot;}\">\n\t\t\t\t\t<div class=\"e-con-inner\">\n\t\t<div class=\"elementor-element elementor-element-ace1ed0 e-con-full e-flex e-con e-child\" data-id=\"ace1ed0\" data-element_type=\"container\" data-e-type=\"container\" data-settings=\"{&quot;ekit_has_onepagescroll_dot&quot;:&quot;yes&quot;}\">\n\t\t<div class=\"elementor-element elementor-element-0ca81f7 e-con-full e-flex e-con e-child\" data-id=\"0ca81f7\" data-element_type=\"container\" data-e-type=\"container\" data-settings=\"{&quot;ekit_has_onepagescroll_dot&quot;:&quot;yes&quot;}\">\n\t\t\t\t<div class=\"elementor-element elementor-element-1161dbd elementor-widget elementor-widget-text-editor\" data-id=\"1161dbd\" data-element_type=\"widget\" data-e-type=\"widget\" data-settings=\"{&quot;ekit_we_effect_on&quot;:&quot;none&quot;}\" data-widget_type=\"text-editor.default\">\n\t\t\t\t\t\t\t\t\t<p class=\"my-2 [&amp;+p]:mt-4 [&amp;_strong:has(+br)]:inline-block [&amp;_strong:has(+br)]:pb-2\">Bei SITAPRESS legen wir gro\u00dfen Wert auf Ihre Privatsph\u00e4re und setzen alles daran, die uns anvertrauten Daten zu sch\u00fctzen. Diese Richtlinie beschreibt, wie wir Ihre Daten erfassen, verarbeiten, speichern und sichern, wenn Sie unsere Website besuchen oder unsere Dienste nutzen. <\/p><p class=\"my-2 [&amp;+p]:mt-4 [&amp;_strong:has(+br)]:inline-block [&amp;_strong:has(+br)]:pb-2\"><a href=\"https:\/\/sitapress.com\/de\/personaldatenschutz\/\">Lesen Sie dies neben unserem Personal Data Controller<\/a> Details, die rechtliche Besonderheiten gem\u00e4\u00df Gesetzen wie der Datenschutz-Grundverordnung (DSGVO) abdecken.<\/p><p class=\"my-2 [&amp;+p]:mt-4 [&amp;_strong:has(+br)]:inline-block [&amp;_strong:has(+br)]:pb-2\">Durch die Nutzung unserer Website erkl\u00e4ren Sie sich mit diesen Praktiken einverstanden.<\/p>\t\t\t\t\t\t\t\t<\/div>\n\t\t\t\t<\/div>\n\t\t<div class=\"elementor-element elementor-element-cfc7827 e-con-full e-flex e-con e-child\" data-id=\"cfc7827\" data-element_type=\"container\" data-e-type=\"container\" data-settings=\"{&quot;ekit_has_onepagescroll_dot&quot;:&quot;yes&quot;}\">\n\t\t\t\t<div class=\"elementor-element elementor-element-a56755e elementor-widget elementor-widget-heading\" data-id=\"a56755e\" data-element_type=\"widget\" data-e-type=\"widget\" data-settings=\"{&quot;ekit_we_effect_on&quot;:&quot;none&quot;}\" data-widget_type=\"heading.default\">\n\t\t\t\t\t<h2 class=\"elementor-heading-title elementor-size-default\">Wer wir sind<\/h2>\t\t\t\t<\/div>\n\t\t\t\t<div class=\"elementor-element elementor-element-6d0494a elementor-widget elementor-widget-text-editor\" data-id=\"6d0494a\" data-element_type=\"widget\" data-e-type=\"widget\" data-settings=\"{&quot;ekit_we_effect_on&quot;:&quot;none&quot;}\" data-widget_type=\"text-editor.default\">\n\t\t\t\t\t\t\t\t\t<p>SITAPRESS betreibt seine Websites und Dienste gem\u00e4\u00df den Datenschutzbestimmungen. Ausf\u00fchrliche Informationen zum Verantwortlichen f\u00fcr die Datenverarbeitung, den Verarbeitungszwecken, den Speicherdauern und Ihren Wahlm\u00f6glichkeiten finden Sie auf unserer Seite \u201eVerantwortlicher f\u00fcr personenbezogene Daten\u201c. <\/p>\t\t\t\t\t\t\t\t<\/div>\n\t\t\t\t<\/div>\n\t\t<div class=\"elementor-element elementor-element-46df4c1 e-con-full e-flex e-con e-child\" data-id=\"46df4c1\" data-element_type=\"container\" data-e-type=\"container\" data-settings=\"{&quot;ekit_has_onepagescroll_dot&quot;:&quot;yes&quot;}\">\n\t\t\t\t<div class=\"elementor-element elementor-element-c8e0f00 elementor-widget elementor-widget-heading\" data-id=\"c8e0f00\" data-element_type=\"widget\" data-e-type=\"widget\" data-settings=\"{&quot;ekit_we_effect_on&quot;:&quot;none&quot;}\" data-widget_type=\"heading.default\">\n\t\t\t\t\t<h2 class=\"elementor-heading-title elementor-size-default\">Wer wir sindInformation We Collect\n\n<\/h2>\t\t\t\t<\/div>\n\t\t\t\t<div class=\"elementor-element elementor-element-06794d2 elementor-widget elementor-widget-text-editor\" data-id=\"06794d2\" data-element_type=\"widget\" data-e-type=\"widget\" data-settings=\"{&quot;ekit_we_effect_on&quot;:&quot;none&quot;}\" data-widget_type=\"text-editor.default\">\n\t\t\t\t\t\t\t\t\t<p class=\"my-2 [&amp;+p]:mt-4 [&amp;_strong:has(+br)]:inline-block [&amp;_strong:has(+br)]:pb-2\">We gather these types of info:<\/p>\t\t\t\t\t\t\t\t<\/div>\n\t\t\t\t<div class=\"elementor-element elementor-element-62159d5 elementor-widget elementor-widget-heading\" data-id=\"62159d5\" data-element_type=\"widget\" data-e-type=\"widget\" data-settings=\"{&quot;ekit_we_effect_on&quot;:&quot;none&quot;}\" data-widget_type=\"heading.default\">\n\t\t\t\t\t<h3 class=\"elementor-heading-title elementor-size-default\">1. Von Ihnen angegebene Details<\/h3>\t\t\t\t<\/div>\n\t\t\t\t<div class=\"elementor-element elementor-element-64e8b00 elementor-widget elementor-widget-text-editor\" data-id=\"64e8b00\" data-element_type=\"widget\" data-e-type=\"widget\" data-settings=\"{&quot;ekit_we_effect_on&quot;:&quot;none&quot;}\" data-widget_type=\"text-editor.default\">\n\t\t\t\t\t\t\t\t\t<p>Dinge, die Sie freiwillig mitteilen, wie Ihren Namen, Ihre E-Mail-Adresse, Ihre Telefonnummer, Ihre Zahlungsinformationen oder Antworten auf Formulare, Anmeldungen, Bestellungen oder Fragen.<\/p>\t\t\t\t\t\t\t\t<\/div>\n\t\t\t\t<div class=\"elementor-element elementor-element-5925a2b elementor-widget elementor-widget-heading\" data-id=\"5925a2b\" data-element_type=\"widget\" data-e-type=\"widget\" data-settings=\"{&quot;ekit_we_effect_on&quot;:&quot;none&quot;}\" data-widget_type=\"heading.default\">\n\t\t\t\t\t<h3 class=\"elementor-heading-title elementor-size-default\">2. Automatische Nutzungsinformationen<\/h3>\t\t\t\t<\/div>\n\t\t\t\t<div class=\"elementor-element elementor-element-926b755 elementor-widget elementor-widget-text-editor\" data-id=\"926b755\" data-element_type=\"widget\" data-e-type=\"widget\" data-settings=\"{&quot;ekit_we_effect_on&quot;:&quot;none&quot;}\" data-widget_type=\"text-editor.default\">\n\t\t\t\t\t\t\t\t\t<p>Beim Surfen werden Daten wie IP-Adresse, Browserdetails, Ger\u00e4tetyp, aufgerufene Seiten, Verweildauer auf der Website und ungef\u00e4hre Standortinformationen erfasst.<\/p>\t\t\t\t\t\t\t\t<\/div>\n\t\t\t\t<div class=\"elementor-element elementor-element-007eb19 elementor-widget elementor-widget-heading\" data-id=\"007eb19\" data-element_type=\"widget\" data-e-type=\"widget\" data-settings=\"{&quot;ekit_we_effect_on&quot;:&quot;none&quot;}\" data-widget_type=\"heading.default\">\n\t\t\t\t\t<h3 class=\"elementor-heading-title elementor-size-default\">3. Cookies und Tracking-Tools<\/h3>\t\t\t\t<\/div>\n\t\t\t\t<div class=\"elementor-element elementor-element-660c51e elementor-widget elementor-widget-text-editor\" data-id=\"660c51e\" data-element_type=\"widget\" data-e-type=\"widget\" data-settings=\"{&quot;ekit_we_effect_on&quot;:&quot;none&quot;}\" data-widget_type=\"text-editor.default\">\n\t\t\t\t\t\t\t\t\t<p>Wir verwenden Cookies und \u00e4hnliche Technologien, um den reibungslosen Betrieb der Website zu gew\u00e4hrleisten, Ihre Pr\u00e4ferenzen zu speichern, Besuche zu verfolgen und Ihr Nutzererlebnis zu verbessern. Unsere Cookie-Richtlinie finden Sie hier <a href=\"https:\/\/sitapress.com\/de\/personaldatenschutz\/\">Personal Data Controller<\/a> Seite f\u00fcr mehr.<\/p>\t\t\t\t\t\t\t\t<\/div>\n\t\t\t\t<\/div>\n\t\t<div class=\"elementor-element elementor-element-6e67f29 e-con-full e-flex e-con e-child\" data-id=\"6e67f29\" data-element_type=\"container\" data-e-type=\"container\" data-settings=\"{&quot;ekit_has_onepagescroll_dot&quot;:&quot;yes&quot;}\">\n\t\t\t\t<div class=\"elementor-element elementor-element-78f871e elementor-widget elementor-widget-heading\" data-id=\"78f871e\" data-element_type=\"widget\" data-e-type=\"widget\" data-settings=\"{&quot;ekit_we_effect_on&quot;:&quot;none&quot;}\" data-widget_type=\"heading.default\">\n\t\t\t\t\t<h2 class=\"elementor-heading-title elementor-size-default\">Wie wir Ihre Daten verwenden<\/h2>\t\t\t\t<\/div>\n\t\t\t\t<div class=\"elementor-element elementor-element-9ea24d1 elementor-widget elementor-widget-text-editor\" data-id=\"9ea24d1\" data-element_type=\"widget\" data-e-type=\"widget\" data-settings=\"{&quot;ekit_we_effect_on&quot;:&quot;none&quot;}\" data-widget_type=\"text-editor.default\">\n\t\t\t\t\t\t\t\t\t<p class=\"my-2 [&amp;+p]:mt-4 [&amp;_strong:has(+br)]:inline-block [&amp;_strong:has(+br)]:pb-2\">Wir verarbeiten Informationen nur, wenn dies aus triftigen Gr\u00fcnden erforderlich ist, wie zum Beispiel:<\/p><ul><li class=\"my-2 [&amp;+p]:mt-4 [&amp;_strong:has(+br)]:inline-block [&amp;_strong:has(+br)]:pb-2\">Beantwortung von Fragen, Anfragen und Unterst\u00fctzungsbed\u00fcrfnissen<\/li><li class=\"my-2 [&amp;+p]:mt-4 [&amp;_strong:has(+br)]:inline-block [&amp;_strong:has(+br)]:pb-2\">Bereitstellung und Betrieb unserer Produkte\/Dienstleistungen<\/li><li class=\"my-2 [&amp;+p]:mt-4 [&amp;_strong:has(+br)]:inline-block [&amp;_strong:has(+br)]:pb-2\">Verbesserung der Website-Geschwindigkeit, der Funktionen und der Sicherheit<\/li><li class=\"my-2 [&amp;+p]:mt-4 [&amp;_strong:has(+br)]:inline-block [&amp;_strong:has(+br)]:pb-2\">Tailoring your experience<\/li><li class=\"my-2 [&amp;+p]:mt-4 [&amp;_strong:has(+br)]:inline-block [&amp;_strong:has(+br)]:pb-2\">Zusendung von Aktualisierungen oder Angeboten (mit Ihrer Zustimmung)<\/li><li class=\"my-2 [&amp;+p]:mt-4 [&amp;_strong:has(+br)]:inline-block [&amp;_strong:has(+br)]:pb-2\">Erf\u00fcllung gesetzlicher Pflichten oder Verhinderung von Betrug<\/li><\/ul><p class=\"my-2 [&amp;+p]:mt-4 [&amp;_strong:has(+br)]:inline-block [&amp;_strong:has(+br)]:pb-2\">We never sell, rent, or swap your info with others for ads<\/p>\t\t\t\t\t\t\t\t<\/div>\n\t\t\t\t<\/div>\n\t\t<div class=\"elementor-element elementor-element-f7894b1 e-con-full e-flex e-con e-child\" data-id=\"f7894b1\" data-element_type=\"container\" data-e-type=\"container\" data-settings=\"{&quot;ekit_has_onepagescroll_dot&quot;:&quot;yes&quot;}\">\n\t\t\t\t<div class=\"elementor-element elementor-element-7b563d6 elementor-widget elementor-widget-heading\" data-id=\"7b563d6\" data-element_type=\"widget\" data-e-type=\"widget\" data-settings=\"{&quot;ekit_we_effect_on&quot;:&quot;none&quot;}\" data-widget_type=\"heading.default\">\n\t\t\t\t\t<h2 class=\"elementor-heading-title elementor-size-default\">Weitergabe Ihrer Informationen<\/h2>\t\t\t\t<\/div>\n\t\t\t\t<div class=\"elementor-element elementor-element-c0b8149 elementor-widget elementor-widget-text-editor\" data-id=\"c0b8149\" data-element_type=\"widget\" data-e-type=\"widget\" data-settings=\"{&quot;ekit_we_effect_on&quot;:&quot;none&quot;}\" data-widget_type=\"text-editor.default\">\n\t\t\t\t\t\t\t\t\t<p class=\"my-2 [&amp;+p]:mt-4 [&amp;_strong:has(+br)]:inline-block [&amp;_strong:has(+br)]:pb-2\">Wir geben Details nur dann weiter, wenn:<\/p><ul><li class=\"my-2 [&amp;+p]:mt-4 [&amp;_strong:has(+br)]:inline-block [&amp;_strong:has(+br)]:pb-2\">Vertrauensw\u00fcrdige Partner (wie Hosting-Anbieter, Analyse- oder E-Mail-Dienste) ben\u00f6tigen diese Informationen, um den Betrieb zu gew\u00e4hrleisten.<\/li><li class=\"my-2 [&amp;+p]:mt-4 [&amp;_strong:has(+br)]:inline-block [&amp;_strong:has(+br)]:pb-2\">Gesetze, Vorschriften oder Beh\u00f6rden verlangen es<\/li><li class=\"my-2 [&amp;+p]:mt-4 [&amp;_strong:has(+br)]:inline-block [&amp;_strong:has(+br)]:pb-2\">Es ist unerl\u00e4sslich, die Rechte, Verm\u00f6genswerte oder die Sicherheit von SITAPRESS, unseren Nutzern oder Dritten zu sch\u00fctzen.<\/li><\/ul><p class=\"my-2 [&amp;+p]:mt-4 [&amp;_strong:has(+br)]:inline-block [&amp;_strong:has(+br)]:pb-2\">Es ist unerl\u00e4sslich, die Rechte, Verm\u00f6genswerte oder die Sicherheit von SITAPRESS, unseren Nutzern oder Dritten zu sch\u00fctzen.Partners must follow strict contracts aligned with GDPR.<\/p>\t\t\t\t\t\t\t\t<\/div>\n\t\t\t\t<\/div>\n\t\t<div class=\"elementor-element elementor-element-165c24e e-con-full e-flex e-con e-child\" data-id=\"165c24e\" data-element_type=\"container\" data-e-type=\"container\" data-settings=\"{&quot;ekit_has_onepagescroll_dot&quot;:&quot;yes&quot;}\">\n\t\t\t\t<div class=\"elementor-element elementor-element-3c27f2b elementor-widget elementor-widget-heading\" data-id=\"3c27f2b\" data-element_type=\"widget\" data-e-type=\"widget\" data-settings=\"{&quot;ekit_we_effect_on&quot;:&quot;none&quot;}\" data-widget_type=\"heading.default\">\n\t\t\t\t\t<h2 class=\"elementor-heading-title elementor-size-default\">Datensicherheit<\/h2>\t\t\t\t<\/div>\n\t\t\t\t<div class=\"elementor-element elementor-element-16b18a7 elementor-widget elementor-widget-text-editor\" data-id=\"16b18a7\" data-element_type=\"widget\" data-e-type=\"widget\" data-settings=\"{&quot;ekit_we_effect_on&quot;:&quot;none&quot;}\" data-widget_type=\"text-editor.default\">\n\t\t\t\t\t\t\t\t\t<p class=\"my-2 [&amp;+p]:mt-4 [&amp;_strong:has(+br)]:inline-block [&amp;_strong:has(+br)]:pb-2\">Wir setzen leistungsstarke Technologien und Prozesse ein, um unbefugten Zugriff, Verlust, Missbrauch, Ver\u00e4nderungen oder Datenlecks zu verhindern. Dennoch ist kein Online-System hundertprozentig sicher. <\/p>\t\t\t\t\t\t\t\t<\/div>\n\t\t\t\t<\/div>\n\t\t<div class=\"elementor-element elementor-element-6952f17 e-con-full e-flex e-con e-child\" data-id=\"6952f17\" data-element_type=\"container\" data-e-type=\"container\" data-settings=\"{&quot;ekit_has_onepagescroll_dot&quot;:&quot;yes&quot;}\">\n\t\t\t\t<div class=\"elementor-element elementor-element-2ce080f elementor-widget elementor-widget-heading\" data-id=\"2ce080f\" data-element_type=\"widget\" data-e-type=\"widget\" data-settings=\"{&quot;ekit_we_effect_on&quot;:&quot;none&quot;}\" data-widget_type=\"heading.default\">\n\t\t\t\t\t<h2 class=\"elementor-heading-title elementor-size-default\">Ihre Rechte<\/h2>\t\t\t\t<\/div>\n\t\t\t\t<div class=\"elementor-element elementor-element-49ae101 elementor-widget elementor-widget-text-editor\" data-id=\"49ae101\" data-element_type=\"widget\" data-e-type=\"widget\" data-settings=\"{&quot;ekit_we_effect_on&quot;:&quot;none&quot;}\" data-widget_type=\"text-editor.default\">\n\t\t\t\t\t\t\t\t\t<p class=\"my-2 [&amp;+p]:mt-4 [&amp;_strong:has(+br)]:inline-block [&amp;_strong:has(+br)]:pb-2\">Sie k\u00f6nnen jederzeit auf Ihre Daten zugreifen, diese korrigieren, l\u00f6schen, einschr\u00e4nken, \u00fcbertragen oder Ihre Einwilligung zur Verwendung Ihrer Daten widerrufen.<\/p><p class=\"my-2 [&amp;+p]:mt-4 [&amp;_strong:has(+br)]:inline-block [&amp;_strong:has(+br)]:pb-2\"><a href=\"https:\/\/sitapress.com\/de\/personaldatenschutz\/\">Unser Personal Data Controller<\/a> Auf dieser Seite werden Ihre Rechte und die n\u00e4chsten Schritte ausf\u00fchrlich erl\u00e4utert.<\/p>\t\t\t\t\t\t\t\t<\/div>\n\t\t\t\t<\/div>\n\t\t<div class=\"elementor-element elementor-element-d6e336a e-con-full e-flex e-con e-child\" data-id=\"d6e336a\" data-element_type=\"container\" data-e-type=\"container\" data-settings=\"{&quot;ekit_has_onepagescroll_dot&quot;:&quot;yes&quot;}\">\n\t\t\t\t<div class=\"elementor-element elementor-element-2152ff6 elementor-widget elementor-widget-heading\" data-id=\"2152ff6\" data-element_type=\"widget\" data-e-type=\"widget\" data-settings=\"{&quot;ekit_we_effect_on&quot;:&quot;none&quot;}\" data-widget_type=\"heading.default\">\n\t\t\t\t\t<h2 class=\"elementor-heading-title elementor-size-default\">Links von Drittanbietern\n\n<\/h2>\t\t\t\t<\/div>\n\t\t\t\t<div class=\"elementor-element elementor-element-e67bc62 elementor-widget elementor-widget-text-editor\" data-id=\"e67bc62\" data-element_type=\"widget\" data-e-type=\"widget\" data-settings=\"{&quot;ekit_we_effect_on&quot;:&quot;none&quot;}\" data-widget_type=\"text-editor.default\">\n\t\t\t\t\t\t\t\t\t<p class=\"my-2 [&amp;+p]:mt-4 [&amp;_strong:has(+br)]:inline-block [&amp;_strong:has(+br)]:pb-2\">Unsere Website verlinkt auf externe Seiten \u2013 wir haben keinen Einfluss auf deren Inhalte, Sicherheitsvorkehrungen oder Datenschutzbestimmungen und \u00fcbernehmen daf\u00fcr keine Gew\u00e4hr. Bitte informieren Sie sich stets \u00fcber die jeweiligen Bestimmungen. <\/p>\t\t\t\t\t\t\t\t<\/div>\n\t\t\t\t<\/div>\n\t\t<div class=\"elementor-element elementor-element-af33531 e-con-full e-flex e-con e-child\" data-id=\"af33531\" data-element_type=\"container\" data-e-type=\"container\" data-settings=\"{&quot;ekit_has_onepagescroll_dot&quot;:&quot;yes&quot;}\">\n\t\t\t\t<div class=\"elementor-element elementor-element-0e0b7bd elementor-widget elementor-widget-heading\" data-id=\"0e0b7bd\" data-element_type=\"widget\" data-e-type=\"widget\" data-settings=\"{&quot;ekit_we_effect_on&quot;:&quot;none&quot;}\" data-widget_type=\"heading.default\">\n\t\t\t\t\t<h2 class=\"elementor-heading-title elementor-size-default\">Privatsph\u00e4re von Kindern\n\n<\/h2>\t\t\t\t<\/div>\n\t\t\t\t<div class=\"elementor-element elementor-element-c1fc18c elementor-widget elementor-widget-text-editor\" data-id=\"c1fc18c\" data-element_type=\"widget\" data-e-type=\"widget\" data-settings=\"{&quot;ekit_we_effect_on&quot;:&quot;none&quot;}\" data-widget_type=\"text-editor.default\">\n\t\t\t\t\t\t\t\t\t<p class=\"my-2 [&amp;+p]:mt-4 [&amp;_strong:has(+br)]:inline-block [&amp;_strong:has(+br)]:pb-2\">Diese Website ist nicht f\u00fcr Kinder unter 18 Jahren bestimmt. Wir erfassen ihre Daten nicht absichtlich und l\u00f6schen alle gefundenen Daten umgehend. <\/p>\t\t\t\t\t\t\t\t<\/div>\n\t\t\t\t<\/div>\n\t\t<div class=\"elementor-element elementor-element-9a65f8c e-con-full e-flex e-con e-child\" data-id=\"9a65f8c\" data-element_type=\"container\" data-e-type=\"container\" data-settings=\"{&quot;ekit_has_onepagescroll_dot&quot;:&quot;yes&quot;}\">\n\t\t\t\t<div class=\"elementor-element elementor-element-4e797d6 elementor-widget elementor-widget-heading\" data-id=\"4e797d6\" data-element_type=\"widget\" data-e-type=\"widget\" data-settings=\"{&quot;ekit_we_effect_on&quot;:&quot;none&quot;}\" data-widget_type=\"heading.default\">\n\t\t\t\t\t<h2 class=\"elementor-heading-title elementor-size-default\">\u00c4nderungen dieser Richtlinie<\/h2>\t\t\t\t<\/div>\n\t\t\t\t<div class=\"elementor-element elementor-element-2766abe elementor-widget elementor-widget-text-editor\" data-id=\"2766abe\" data-element_type=\"widget\" data-e-type=\"widget\" data-settings=\"{&quot;ekit_we_effect_on&quot;:&quot;none&quot;}\" data-widget_type=\"text-editor.default\">\n\t\t\t\t\t\t\t\t\t<p class=\"my-2 [&amp;+p]:mt-4 [&amp;_strong:has(+br)]:inline-block [&amp;_strong:has(+br)]:pb-2\">Diese Richtlinie kann aufgrund von Aktualisierungen oder Gesetzes\u00e4nderungen angepasst werden. \u00c4nderungen werden hier ver\u00f6ffentlicht; durch die weitere Nutzung der Website erkl\u00e4ren Sie sich damit einverstanden. <\/p>\t\t\t\t\t\t\t\t<\/div>\n\t\t\t\t<\/div>\n\t\t<div class=\"elementor-element elementor-element-bcb4a60 e-con-full e-flex e-con e-child\" data-id=\"bcb4a60\" data-element_type=\"container\" data-e-type=\"container\" data-settings=\"{&quot;ekit_has_onepagescroll_dot&quot;:&quot;yes&quot;}\">\n\t\t\t\t<div class=\"elementor-element elementor-element-37284fd elementor-widget elementor-widget-heading\" data-id=\"37284fd\" data-element_type=\"widget\" data-e-type=\"widget\" data-settings=\"{&quot;ekit_we_effect_on&quot;:&quot;none&quot;}\" data-widget_type=\"heading.default\">\n\t\t\t\t\t<h2 class=\"elementor-heading-title elementor-size-default\">Kontaktieren Sie uns\n\n<\/h2>\t\t\t\t<\/div>\n\t\t\t\t<div class=\"elementor-element elementor-element-7e9ac3e elementor-widget elementor-widget-text-editor\" data-id=\"7e9ac3e\" data-element_type=\"widget\" data-e-type=\"widget\" data-settings=\"{&quot;ekit_we_effect_on&quot;:&quot;none&quot;}\" data-widget_type=\"text-editor.default\">\n\t\t\t\t\t\t\t\t\t<p class=\"my-2 [&amp;+p]:mt-4 [&amp;_strong:has(+br)]:inline-block [&amp;_strong:has(+br)]:pb-2\">Haben Sie Fragen zu dieser Richtlinie oder Ihren Daten? Kontaktieren Sie uns: <\/p><ul><li class=\"my-2 [&amp;+p]:mt-4 [&amp;_strong:has(+br)]:inline-block [&amp;_strong:has(+br)]:pb-2\">Email: <a href=\"mailto:sita@sitapress.sk\">sita@sitapress.sk<\/a><\/li><li class=\"my-2 [&amp;+p]:mt-4 [&amp;_strong:has(+br)]:inline-block [&amp;_strong:has(+br)]:pb-2\">Telefon: +421 903 645 123<\/li><li class=\"my-2 [&amp;+p]:mt-4 [&amp;_strong:has(+br)]:inline-block [&amp;_strong:has(+br)]:pb-2\">Address: SITAPRESS, U\u010d\u0148ovsk\u00e1 1, 040 15 Ko\u0161ice, Slovakia<\/li><\/ul><p class=\"my-2 [&amp;+p]:mt-4 [&amp;_strong:has(+br)]:inline-block [&amp;_strong:has(+br)]:pb-2\">Einzelheiten zur Datenverarbeitung finden Sie auf unserer Seite \u201eVerantwortlicher f\u00fcr personenbezogene Daten\u201c.Unser <a href=\"https:\/\/sitapress.com\/de\/geschaeftsbedingungen\/\">Terms and Conditions<\/a> Auch anwenden. <\/p>\t\t\t\t\t\t\t\t<\/div>\n\t\t\t\t<\/div>\n\t\t\t\t<\/div>\n\t\t\t\t\t<\/div>\n\t\t\t\t<\/div>\n\t\t\t\t<\/div>\n\t\t","protected":false},"excerpt":{"rendered":"<p>Datenschutzrichtlinie Bei SITAPRESS legen wir gro\u00dfen Wert auf Ihre Privatsph\u00e4re und setzen alles daran, die uns anvertrauten Daten zu sch\u00fctzen. Diese Richtlinie beschreibt, wie wir Ihre Daten erfassen, verarbeiten, speichern und sichern, wenn Sie unsere Website besuchen oder unsere Dienste nutzen. Lesen Sie dies neben unserem Personal Data Controller Details, die rechtliche Besonderheiten gem\u00e4\u00df Gesetzen [&hellip;]<\/p>\n","protected":false},"author":1,"featured_media":0,"parent":0,"menu_order":0,"comment_status":"closed","ping_status":"closed","template":"","meta":{"footnotes":""},"class_list":["post-7191","page","type-page","status-publish","hentry"],"_links":{"self":[{"href":"https:\/\/sitapress.com\/de\/wp-json\/wp\/v2\/pages\/7191","targetHints":{"allow":["GET"]}}],"collection":[{"href":"https:\/\/sitapress.com\/de\/wp-json\/wp\/v2\/pages"}],"about":[{"href":"https:\/\/sitapress.com\/de\/wp-json\/wp\/v2\/types\/page"}],"author":[{"embeddable":true,"href":"https:\/\/sitapress.com\/de\/wp-json\/wp\/v2\/users\/1"}],"replies":[{"embeddable":true,"href":"https:\/\/sitapress.com\/de\/wp-json\/wp\/v2\/comments?post=7191"}],"version-history":[{"count":5,"href":"https:\/\/sitapress.com\/de\/wp-json\/wp\/v2\/pages\/7191\/revisions"}],"predecessor-version":[{"id":10289,"href":"https:\/\/sitapress.com\/de\/wp-json\/wp\/v2\/pages\/7191\/revisions\/10289"}],"wp:attachment":[{"href":"https:\/\/sitapress.com\/de\/wp-json\/wp\/v2\/media?parent=7191"}],"curies":[{"name":"wp","href":"https:\/\/api.w.org\/{rel}","templated":true}]}}