{"id":7172,"date":"2025-12-06T09:54:16","date_gmt":"2025-12-06T09:54:16","guid":{"rendered":"https:\/\/sitapress.com\/geschaeftsbedingungen\/"},"modified":"2026-04-25T08:00:08","modified_gmt":"2026-04-25T08:00:08","slug":"geschaeftsbedingungen","status":"publish","type":"page","link":"https:\/\/sitapress.com\/de\/geschaeftsbedingungen\/","title":{"rendered":"Gesch\u00e4ftsbedingungen"},"content":{"rendered":"\t\t<div data-elementor-type=\"wp-page\" data-elementor-id=\"7172\" class=\"elementor elementor-7172 elementor-982\" data-elementor-post-type=\"page\">\n\t\t\t\t<div class=\"elementor-element elementor-element-7d41536 e-flex e-con-boxed e-con e-parent\" data-id=\"7d41536\" data-element_type=\"container\" data-e-type=\"container\" data-settings=\"{&quot;ekit_has_onepagescroll_dot&quot;:&quot;yes&quot;}\">\n\t\t\t\t\t<div class=\"e-con-inner\">\n\t\t<div class=\"elementor-element elementor-element-079e777 e-con-full e-flex e-con e-child\" data-id=\"079e777\" data-element_type=\"container\" data-e-type=\"container\" data-settings=\"{&quot;background_background&quot;:&quot;classic&quot;,&quot;ekit_has_onepagescroll_dot&quot;:&quot;yes&quot;}\">\n\t\t\t\t<div class=\"elementor-element elementor-element-f3ecb51 elementor-invisible elementor-widget elementor-widget-heading\" data-id=\"f3ecb51\" data-element_type=\"widget\" data-e-type=\"widget\" data-settings=\"{&quot;_animation&quot;:&quot;fadeInDown&quot;,&quot;ekit_we_effect_on&quot;:&quot;none&quot;}\" data-widget_type=\"heading.default\">\n\t\t\t\t\t<h1 class=\"elementor-heading-title elementor-size-default\">Gesch\u00e4ftsbedingungen<\/h1>\t\t\t\t<\/div>\n\t\t\t\t<\/div>\n\t\t\t\t\t<\/div>\n\t\t\t\t<\/div>\n\t\t<div class=\"elementor-element elementor-element-d1e6327 e-flex e-con-boxed e-con e-parent\" data-id=\"d1e6327\" data-element_type=\"container\" data-e-type=\"container\" data-settings=\"{&quot;ekit_has_onepagescroll_dot&quot;:&quot;yes&quot;}\">\n\t\t\t\t\t<div class=\"e-con-inner\">\n\t\t<div class=\"elementor-element elementor-element-ace1ed0 e-con-full e-flex e-con e-child\" data-id=\"ace1ed0\" data-element_type=\"container\" data-e-type=\"container\" data-settings=\"{&quot;ekit_has_onepagescroll_dot&quot;:&quot;yes&quot;}\">\n\t\t<div class=\"elementor-element elementor-element-0ca81f7 e-con-full e-flex e-con e-child\" data-id=\"0ca81f7\" data-element_type=\"container\" data-e-type=\"container\" data-settings=\"{&quot;ekit_has_onepagescroll_dot&quot;:&quot;yes&quot;}\">\n\t\t\t\t<div class=\"elementor-element elementor-element-1161dbd elementor-widget elementor-widget-text-editor\" data-id=\"1161dbd\" data-element_type=\"widget\" data-e-type=\"widget\" data-settings=\"{&quot;ekit_we_effect_on&quot;:&quot;none&quot;}\" data-widget_type=\"text-editor.default\">\n\t\t\t\t\t\t\t\t\t<p data-start=\"188\" data-end=\"419\">Willkommen bei SITAPRESS! Diese Allgemeinen Gesch\u00e4ftsbedingungen regeln Ihre Nutzung unserer Website, Produkte und Dienstleistungen. Durch den Zugriff auf oder die Nutzung unserer Website erkl\u00e4ren Sie sich mit diesen Bedingungen einverstanden. Bitte lesen Sie sie sorgf\u00e4ltig durch.   <\/p><p data-start=\"188\" data-end=\"419\"><a href=\"https:\/\/sitapress.com\/de\/datenschutzrichtlinie\/\"><strong>Ihre Nutzung dieser Website unterliegt auch unseren Privacy Policy<\/strong><\/a>, Darin wird erkl\u00e4rt, wie wir personenbezogene Daten erfassen, verwenden und sch\u00fctzen.<\/p>\t\t\t\t\t\t\t\t<\/div>\n\t\t\t\t<\/div>\n\t\t<div class=\"elementor-element elementor-element-f647f5e e-con-full e-flex e-con e-child\" data-id=\"f647f5e\" data-element_type=\"container\" data-e-type=\"container\" data-settings=\"{&quot;ekit_has_onepagescroll_dot&quot;:&quot;yes&quot;}\">\n\t\t\t\t<div class=\"elementor-element elementor-element-e5aab46 elementor-widget elementor-widget-heading\" data-id=\"e5aab46\" data-element_type=\"widget\" data-e-type=\"widget\" data-settings=\"{&quot;ekit_we_effect_on&quot;:&quot;none&quot;}\" data-widget_type=\"heading.default\">\n\t\t\t\t\t<h2 class=\"elementor-heading-title elementor-size-default\">Nutzung der Website<\/h2>\t\t\t\t<\/div>\n\t\t\t\t<div class=\"elementor-element elementor-element-ed4fddf elementor-widget elementor-widget-text-editor\" data-id=\"ed4fddf\" data-element_type=\"widget\" data-e-type=\"widget\" data-settings=\"{&quot;ekit_we_effect_on&quot;:&quot;none&quot;}\" data-widget_type=\"text-editor.default\">\n\t\t\t\t\t\t\t\t\t<ul><li data-start=\"451\" data-end=\"507\">Sie erkl\u00e4ren sich damit einverstanden, unsere Website ausschlie\u00dflich f\u00fcr rechtm\u00e4\u00dfige Zwecke zu nutzen.<\/li><li data-start=\"510\" data-end=\"606\">Es ist Ihnen untersagt, unsere Website zur Ver\u00f6ffentlichung oder \u00dcbermittlung von rechtswidrigen, sch\u00e4dlichen oder anst\u00f6\u00dfigen Inhalten zu nutzen.<\/li><li data-start=\"609\" data-end=\"693\">Wir behalten uns das Recht vor, den Zugang f\u00fcr Personen, die gegen diese Bedingungen versto\u00dfen, zu sperren oder zu beenden.<\/li><\/ul>\t\t\t\t\t\t\t\t<\/div>\n\t\t\t\t<\/div>\n\t\t<div class=\"elementor-element elementor-element-21c6855 e-con-full e-flex e-con e-child\" data-id=\"21c6855\" data-element_type=\"container\" data-e-type=\"container\" data-settings=\"{&quot;ekit_has_onepagescroll_dot&quot;:&quot;yes&quot;}\">\n\t\t\t\t<div class=\"elementor-element elementor-element-9e49b2e elementor-widget elementor-widget-heading\" data-id=\"9e49b2e\" data-element_type=\"widget\" data-e-type=\"widget\" data-settings=\"{&quot;ekit_we_effect_on&quot;:&quot;none&quot;}\" data-widget_type=\"heading.default\">\n\t\t\t\t\t<h2 class=\"elementor-heading-title elementor-size-default\">Produkte und Dienstleistungen<\/h2>\t\t\t\t<\/div>\n\t\t\t\t<div class=\"elementor-element elementor-element-7e1f9d8 elementor-widget elementor-widget-text-editor\" data-id=\"7e1f9d8\" data-element_type=\"widget\" data-e-type=\"widget\" data-settings=\"{&quot;ekit_we_effect_on&quot;:&quot;none&quot;}\" data-widget_type=\"text-editor.default\">\n\t\t\t\t\t\t\t\t\t<ul><li data-start=\"732\" data-end=\"858\">Alle Produktbeschreibungen, Spezifikationen und Preisangaben dienen lediglich Informationszwecken und k\u00f6nnen sich ohne vorherige Ank\u00fcndigung \u00e4ndern.<\/li><li data-start=\"861\" data-end=\"985\">Wir bem\u00fchen uns nach Kr\u00e4ften, korrekte Informationen anzuzeigen, k\u00f6nnen jedoch weder die Vollst\u00e4ndigkeit noch die Richtigkeit der Inhalte garantieren.<\/li><li data-start=\"988\" data-end=\"1112\">Bestellungen \u00fcber unsere Website erfolgen vorbehaltlich der Verf\u00fcgbarkeit. Wir behalten uns das Recht vor, Bestellungen ohne Angabe von Gr\u00fcnden abzulehnen oder zu stornieren. <\/li><\/ul>\t\t\t\t\t\t\t\t<\/div>\n\t\t\t\t<\/div>\n\t\t<div class=\"elementor-element elementor-element-f50a065 e-con-full e-flex e-con e-child\" data-id=\"f50a065\" data-element_type=\"container\" data-e-type=\"container\" data-settings=\"{&quot;ekit_has_onepagescroll_dot&quot;:&quot;yes&quot;}\">\n\t\t\t\t<div class=\"elementor-element elementor-element-c050972 elementor-widget elementor-widget-heading\" data-id=\"c050972\" data-element_type=\"widget\" data-e-type=\"widget\" data-settings=\"{&quot;ekit_we_effect_on&quot;:&quot;none&quot;}\" data-widget_type=\"heading.default\">\n\t\t\t\t\t<h2 class=\"elementor-heading-title elementor-size-default\">Geistiges Eigentum<\/h2>\t\t\t\t<\/div>\n\t\t\t\t<div class=\"elementor-element elementor-element-139f6e4 elementor-widget elementor-widget-text-editor\" data-id=\"139f6e4\" data-element_type=\"widget\" data-e-type=\"widget\" data-settings=\"{&quot;ekit_we_effect_on&quot;:&quot;none&quot;}\" data-widget_type=\"text-editor.default\">\n\t\t\t\t\t\t\t\t\t<ul><li data-start=\"1151\" data-end=\"1365\">Alle Inhalte dieser Website, einschlie\u00dflich Texte, Bilder, Logos, Grafiken und Software, sind Eigentum von SITAPRESS oder seinen Lizenzgebern und sind durch Urheberrechte, Markenrechte und andere Gesetze zum Schutz des geistigen Eigentums gesch\u00fctzt.<\/li><li data-start=\"1368\" data-end=\"1462\">Geistiges EigentumYou may not copy, reproduce, distribute, or use any content without our prior written consent.<\/li><\/ul>\t\t\t\t\t\t\t\t<\/div>\n\t\t\t\t<\/div>\n\t\t<div class=\"elementor-element elementor-element-bc546e5 e-con-full e-flex e-con e-child\" data-id=\"bc546e5\" data-element_type=\"container\" data-e-type=\"container\" data-settings=\"{&quot;ekit_has_onepagescroll_dot&quot;:&quot;yes&quot;}\">\n\t\t\t\t<div class=\"elementor-element elementor-element-156fb85 elementor-widget elementor-widget-heading\" data-id=\"156fb85\" data-element_type=\"widget\" data-e-type=\"widget\" data-settings=\"{&quot;ekit_we_effect_on&quot;:&quot;none&quot;}\" data-widget_type=\"heading.default\">\n\t\t\t\t\t<h2 class=\"elementor-heading-title elementor-size-default\">Benutzerkonten<\/h2>\t\t\t\t<\/div>\n\t\t\t\t<div class=\"elementor-element elementor-element-305e513 elementor-widget elementor-widget-text-editor\" data-id=\"305e513\" data-element_type=\"widget\" data-e-type=\"widget\" data-settings=\"{&quot;ekit_we_effect_on&quot;:&quot;none&quot;}\" data-widget_type=\"text-editor.default\">\n\t\t\t\t\t\t\t\t\t<ul><li data-start=\"1493\" data-end=\"1603\">Wenn Sie ein Konto erstellen, sind Sie f\u00fcr die Geheimhaltung Ihrer Zugangsdaten verantwortlich.<\/li><li data-start=\"1606\" data-end=\"1677\">Sie sind f\u00fcr alle Aktivit\u00e4ten verantwortlich, die \u00fcber Ihr Konto erfolgen.<\/li><li data-start=\"1680\" data-end=\"1767\">Wir behalten uns das Recht vor, Konten bei Verst\u00f6\u00dfen gegen diese Bedingungen zu sperren oder zu k\u00fcndigen.<\/li><\/ul>\t\t\t\t\t\t\t\t<\/div>\n\t\t\t\t<\/div>\n\t\t<div class=\"elementor-element elementor-element-78b67b1 e-con-full e-flex e-con e-child\" data-id=\"78b67b1\" data-element_type=\"container\" data-e-type=\"container\" data-settings=\"{&quot;ekit_has_onepagescroll_dot&quot;:&quot;yes&quot;}\">\n\t\t\t\t<div class=\"elementor-element elementor-element-b94fe60 elementor-widget elementor-widget-heading\" data-id=\"b94fe60\" data-element_type=\"widget\" data-e-type=\"widget\" data-settings=\"{&quot;ekit_we_effect_on&quot;:&quot;none&quot;}\" data-widget_type=\"heading.default\">\n\t\t\t\t\t<h2 class=\"elementor-heading-title elementor-size-default\">Haftungsbeschr\u00e4nkung<\/h2>\t\t\t\t<\/div>\n\t\t\t\t<div class=\"elementor-element elementor-element-e743e24 elementor-widget elementor-widget-text-editor\" data-id=\"e743e24\" data-element_type=\"widget\" data-e-type=\"widget\" data-settings=\"{&quot;ekit_we_effect_on&quot;:&quot;none&quot;}\" data-widget_type=\"text-editor.default\">\n\t\t\t\t\t\t\t\t\t<ul><li data-start=\"1808\" data-end=\"1948\">SITAPRESS haftet nicht f\u00fcr indirekte, zuf\u00e4llige oder Folgesch\u00e4den, die durch Ihre Nutzung unserer Website oder unserer Dienstleistungen entstehen.<\/li><li data-start=\"1951\" data-end=\"2046\">Wir bem\u00fchen uns zwar um Genauigkeit, k\u00f6nnen aber weder einen ununterbrochenen Zugriff noch fehlerfreie Inhalte garantieren.<\/li><li data-start=\"2049\" data-end=\"2099\">Die Nutzung unserer Website und Dienste erfolgt auf eigene Gefahr.<\/li><\/ul>\t\t\t\t\t\t\t\t<\/div>\n\t\t\t\t<\/div>\n\t\t<div class=\"elementor-element elementor-element-389d8b7 e-con-full e-flex e-con e-child\" data-id=\"389d8b7\" data-element_type=\"container\" data-e-type=\"container\" data-settings=\"{&quot;ekit_has_onepagescroll_dot&quot;:&quot;yes&quot;}\">\n\t\t\t\t<div class=\"elementor-element elementor-element-a324cff elementor-widget elementor-widget-heading\" data-id=\"a324cff\" data-element_type=\"widget\" data-e-type=\"widget\" data-settings=\"{&quot;ekit_we_effect_on&quot;:&quot;none&quot;}\" data-widget_type=\"heading.default\">\n\t\t\t\t\t<h2 class=\"elementor-heading-title elementor-size-default\">Links von Drittanbietern<\/h2>\t\t\t\t<\/div>\n\t\t\t\t<div class=\"elementor-element elementor-element-69184de elementor-widget elementor-widget-text-editor\" data-id=\"69184de\" data-element_type=\"widget\" data-e-type=\"widget\" data-settings=\"{&quot;ekit_we_effect_on&quot;:&quot;none&quot;}\" data-widget_type=\"text-editor.default\">\n\t\t\t\t\t\t\t\t\t<ul><li data-start=\"2134\" data-end=\"2295\">Unsere Website kann Links zu Websites Dritter enthalten. Wir sind nicht verantwortlich f\u00fcr die Inhalte, Produkte, Dienstleistungen oder Datenschutzpraktiken dieser Dritten. <\/li><li data-start=\"2298\" data-end=\"2389\">Wir empfehlen Ihnen, die Nutzungsbedingungen und Datenschutzrichtlinien aller von Ihnen besuchten Websites Dritter zu lesen.<\/li><\/ul>\t\t\t\t\t\t\t\t<\/div>\n\t\t\t\t<\/div>\n\t\t<div class=\"elementor-element elementor-element-e3974a9 e-con-full e-flex e-con e-child\" data-id=\"e3974a9\" data-element_type=\"container\" data-e-type=\"container\" data-settings=\"{&quot;ekit_has_onepagescroll_dot&quot;:&quot;yes&quot;}\">\n\t\t\t\t<div class=\"elementor-element elementor-element-e9684cf elementor-widget elementor-widget-heading\" data-id=\"e9684cf\" data-element_type=\"widget\" data-e-type=\"widget\" data-settings=\"{&quot;ekit_we_effect_on&quot;:&quot;none&quot;}\" data-widget_type=\"heading.default\">\n\t\t\t\t\t<h2 class=\"elementor-heading-title elementor-size-default\">Geltendes Recht<\/h2>\t\t\t\t<\/div>\n\t\t\t\t<div class=\"elementor-element elementor-element-0d71760 elementor-widget elementor-widget-text-editor\" data-id=\"0d71760\" data-element_type=\"widget\" data-e-type=\"widget\" data-settings=\"{&quot;ekit_we_effect_on&quot;:&quot;none&quot;}\" data-widget_type=\"text-editor.default\">\n\t\t\t\t\t\t\t\t\t<ul><li data-start=\"2420\" data-end=\"2498\">Diese Allgemeinen Gesch\u00e4ftsbedingungen unterliegen dem Recht der Slowakei.<\/li><li data-start=\"2501\" data-end=\"2647\">Alle Streitigkeiten, die sich aus Ihrer Nutzung unserer Website oder unserer Dienste ergeben, unterliegen der ausschlie\u00dflichen Zust\u00e4ndigkeit der Gerichte in der Slowakei.<\/li><\/ul>\t\t\t\t\t\t\t\t<\/div>\n\t\t\t\t<\/div>\n\t\t<div class=\"elementor-element elementor-element-bcf5890 e-con-full e-flex e-con e-child\" data-id=\"bcf5890\" data-element_type=\"container\" data-e-type=\"container\" data-settings=\"{&quot;ekit_has_onepagescroll_dot&quot;:&quot;yes&quot;}\">\n\t\t\t\t<div class=\"elementor-element elementor-element-4dcf498 elementor-widget elementor-widget-heading\" data-id=\"4dcf498\" data-element_type=\"widget\" data-e-type=\"widget\" data-settings=\"{&quot;ekit_we_effect_on&quot;:&quot;none&quot;}\" data-widget_type=\"heading.default\">\n\t\t\t\t\t<h2 class=\"elementor-heading-title elementor-size-default\">\u00c4nderungen der Bedingungen<\/h2>\t\t\t\t<\/div>\n\t\t\t\t<div class=\"elementor-element elementor-element-3741f58 elementor-widget elementor-widget-text-editor\" data-id=\"3741f58\" data-element_type=\"widget\" data-e-type=\"widget\" data-settings=\"{&quot;ekit_we_effect_on&quot;:&quot;none&quot;}\" data-widget_type=\"text-editor.default\">\n\t\t\t\t\t\t\t\t\t<ul><li data-start=\"2681\" data-end=\"2811\">Wir k\u00f6nnen diese Allgemeinen Gesch\u00e4ftsbedingungen von Zeit zu Zeit aktualisieren, um \u00c4nderungen unserer Gesch\u00e4ftspraktiken, Produkte oder rechtlichen Anforderungen Rechnung zu tragen.<\/li><li data-start=\"2814\" data-end=\"2952\">Alle Aktualisierungen werden mit dem jeweiligen G\u00fcltigkeitsdatum auf dieser Seite ver\u00f6ffentlicht. Die weitere Nutzung der Website gilt als Zustimmung zu den ge\u00e4nderten Bedingungen. <\/li><\/ul>\t\t\t\t\t\t\t\t<\/div>\n\t\t\t\t<div class=\"elementor-element elementor-element-70bab80 elementor-widget elementor-widget-text-editor\" data-id=\"70bab80\" data-element_type=\"widget\" data-e-type=\"widget\" data-settings=\"{&quot;ekit_we_effect_on&quot;:&quot;none&quot;}\" data-widget_type=\"text-editor.default\">\n\t\t\t\t\t\t\t\t\t<p><a href=\"https:\/\/sitapress.com\/de\/personaldatenschutz\/\"><strong data-start=\"1355\" data-end=\"1383\">Ausf\u00fchrliche rechtliche Informationen zur Verarbeitung personenbezogener Daten und zu den Rechten der betroffenen Personen finden Sie auf unserer Website.Personal Data Controller<\/strong><\/a> Seite.<\/p>\t\t\t\t\t\t\t\t<\/div>\n\t\t\t\t<\/div>\n\t\t<div class=\"elementor-element elementor-element-0f3e8a8 e-con-full e-flex e-con e-child\" data-id=\"0f3e8a8\" data-element_type=\"container\" data-e-type=\"container\" data-settings=\"{&quot;ekit_has_onepagescroll_dot&quot;:&quot;yes&quot;}\">\n\t\t\t\t<div class=\"elementor-element elementor-element-14b9bec elementor-widget elementor-widget-heading\" data-id=\"14b9bec\" data-element_type=\"widget\" data-e-type=\"widget\" data-settings=\"{&quot;ekit_we_effect_on&quot;:&quot;none&quot;}\" data-widget_type=\"heading.default\">\n\t\t\t\t\t<h2 class=\"elementor-heading-title elementor-size-default\">Kontaktieren Sie uns<\/h2>\t\t\t\t<\/div>\n\t\t\t\t<div class=\"elementor-element elementor-element-ae6cf96 elementor-widget elementor-widget-text-editor\" data-id=\"ae6cf96\" data-element_type=\"widget\" data-e-type=\"widget\" data-settings=\"{&quot;ekit_we_effect_on&quot;:&quot;none&quot;}\" data-widget_type=\"text-editor.default\">\n\t\t\t\t\t\t\t\t\t<p data-start=\"2978\" data-end=\"3068\">Sollten Sie Fragen oder Bedenken bez\u00fcglich dieser Allgemeinen Gesch\u00e4ftsbedingungen haben, kontaktieren Sie uns bitte:<\/p><ul><li data-start=\"3070\" data-end=\"3174\"><strong data-start=\"3070\" data-end=\"3080\">Email:<\/strong> <a href=\"mailto:sita@sitapress.sk\">sita@sitapress.sk<\/a><\/li><li data-start=\"3070\" data-end=\"3174\">Telefon: +421 903 645 123<\/li><li data-start=\"3070\" data-end=\"3174\"><strong data-start=\"3137\" data-end=\"3149\">Address:<\/strong> SITAPRESS, U\u010d\u0148ovsk\u00e1 1, 040 15 town Kosice, Slovakia<\/li><\/ul>\t\t\t\t\t\t\t\t<\/div>\n\t\t\t\t<\/div>\n\t\t\t\t<\/div>\n\t\t\t\t\t<\/div>\n\t\t\t\t<\/div>\n\t\t\t\t<\/div>\n\t\t","protected":false},"excerpt":{"rendered":"<p>Gesch\u00e4ftsbedingungen Willkommen bei SITAPRESS! Diese Allgemeinen Gesch\u00e4ftsbedingungen regeln Ihre Nutzung unserer Website, Produkte und Dienstleistungen. Durch den Zugriff auf oder die Nutzung unserer Website erkl\u00e4ren Sie sich mit diesen Bedingungen einverstanden. Bitte lesen Sie sie sorgf\u00e4ltig durch. Ihre Nutzung dieser Website unterliegt auch unseren Privacy Policy, Darin wird erkl\u00e4rt, wie wir personenbezogene Daten erfassen, verwenden [&hellip;]<\/p>\n","protected":false},"author":1,"featured_media":0,"parent":0,"menu_order":0,"comment_status":"closed","ping_status":"closed","template":"","meta":{"footnotes":""},"class_list":["post-7172","page","type-page","status-publish","hentry"],"_links":{"self":[{"href":"https:\/\/sitapress.com\/de\/wp-json\/wp\/v2\/pages\/7172","targetHints":{"allow":["GET"]}}],"collection":[{"href":"https:\/\/sitapress.com\/de\/wp-json\/wp\/v2\/pages"}],"about":[{"href":"https:\/\/sitapress.com\/de\/wp-json\/wp\/v2\/types\/page"}],"author":[{"embeddable":true,"href":"https:\/\/sitapress.com\/de\/wp-json\/wp\/v2\/users\/1"}],"replies":[{"embeddable":true,"href":"https:\/\/sitapress.com\/de\/wp-json\/wp\/v2\/comments?post=7172"}],"version-history":[{"count":3,"href":"https:\/\/sitapress.com\/de\/wp-json\/wp\/v2\/pages\/7172\/revisions"}],"predecessor-version":[{"id":9543,"href":"https:\/\/sitapress.com\/de\/wp-json\/wp\/v2\/pages\/7172\/revisions\/9543"}],"wp:attachment":[{"href":"https:\/\/sitapress.com\/de\/wp-json\/wp\/v2\/media?parent=7172"}],"curies":[{"name":"wp","href":"https:\/\/api.w.org\/{rel}","templated":true}]}}