{"id":6308,"date":"2025-12-16T12:03:54","date_gmt":"2025-12-16T12:03:54","guid":{"rendered":"https:\/\/sitapress.com\/personaldatenschutz\/"},"modified":"2026-04-25T08:04:32","modified_gmt":"2026-04-25T08:04:32","slug":"personaldatenschutz","status":"publish","type":"page","link":"https:\/\/sitapress.com\/de\/personaldatenschutz\/","title":{"rendered":"Personaldatenschutz"},"content":{"rendered":"\t\t<div data-elementor-type=\"wp-page\" data-elementor-id=\"6308\" class=\"elementor elementor-6308 elementor-2094\" data-elementor-post-type=\"page\">\n\t\t\t\t<div class=\"elementor-element elementor-element-7d41536 e-flex e-con-boxed e-con e-parent\" data-id=\"7d41536\" data-element_type=\"container\" data-e-type=\"container\" data-settings=\"{&quot;ekit_has_onepagescroll_dot&quot;:&quot;yes&quot;}\">\n\t\t\t\t\t<div class=\"e-con-inner\">\n\t\t<div class=\"elementor-element elementor-element-079e777 e-con-full e-flex e-con e-child\" data-id=\"079e777\" data-element_type=\"container\" data-e-type=\"container\" data-settings=\"{&quot;background_background&quot;:&quot;classic&quot;,&quot;ekit_has_onepagescroll_dot&quot;:&quot;yes&quot;}\">\n\t\t\t\t<div class=\"elementor-element elementor-element-f3ecb51 elementor-invisible elementor-widget elementor-widget-heading\" data-id=\"f3ecb51\" data-element_type=\"widget\" data-e-type=\"widget\" data-settings=\"{&quot;_animation&quot;:&quot;fadeInDown&quot;,&quot;ekit_we_effect_on&quot;:&quot;none&quot;}\" data-widget_type=\"heading.default\">\n\t\t\t\t\t<h1 class=\"elementor-heading-title elementor-size-default\">Personaldatenschutz<\/h1>\t\t\t\t<\/div>\n\t\t\t\t<\/div>\n\t\t\t\t\t<\/div>\n\t\t\t\t<\/div>\n\t\t<div class=\"elementor-element elementor-element-d1e6327 e-flex e-con-boxed e-con e-parent\" data-id=\"d1e6327\" data-element_type=\"container\" data-e-type=\"container\" data-settings=\"{&quot;ekit_has_onepagescroll_dot&quot;:&quot;yes&quot;}\">\n\t\t\t\t\t<div class=\"e-con-inner\">\n\t\t<div class=\"elementor-element elementor-element-ace1ed0 e-con-full e-flex e-con e-child\" data-id=\"ace1ed0\" data-element_type=\"container\" data-e-type=\"container\" data-settings=\"{&quot;ekit_has_onepagescroll_dot&quot;:&quot;yes&quot;}\">\n\t\t<div class=\"elementor-element elementor-element-0ca81f7 e-con-full e-flex e-con e-child\" data-id=\"0ca81f7\" data-element_type=\"container\" data-e-type=\"container\" data-settings=\"{&quot;ekit_has_onepagescroll_dot&quot;:&quot;yes&quot;}\">\n\t\t\t\t<div class=\"elementor-element elementor-element-bbd0052 elementor-invisible elementor-widget elementor-widget-heading\" data-id=\"bbd0052\" data-element_type=\"widget\" data-e-type=\"widget\" data-settings=\"{&quot;_animation&quot;:&quot;fadeInDown&quot;,&quot;ekit_we_effect_on&quot;:&quot;none&quot;}\" data-widget_type=\"heading.default\">\n\t\t\t\t\t<h2 class=\"elementor-heading-title elementor-size-default\">Verantwortlicher f\u00fcr personenbezogene Daten<\/h2>\t\t\t\t<\/div>\n\t\t\t\t<div class=\"elementor-element elementor-element-1161dbd elementor-widget elementor-widget-text-editor\" data-id=\"1161dbd\" data-element_type=\"widget\" data-e-type=\"widget\" data-settings=\"{&quot;ekit_we_effect_on&quot;:&quot;none&quot;}\" data-widget_type=\"text-editor.default\">\n\t\t\t\t\t\t\t\t\t<p data-start=\"188\" data-end=\"419\">Der Verantwortliche f\u00fcr personenbezogene Daten, d. h. die Stelle, die die personenbezogenen Daten der betroffenen Person verarbeitet, ist die Firma SITAPRESS sro mit Sitz in: U\u010d\u0148ovsk\u00e1 1, 040 15 Ko\u0161ice \u2013 \u0160aca, Slowakische Republik, eingetragen im Handelsregister des Bezirksgerichts Ko\u0161ice I, Abteilung: Sro, Aktenzeichen: 11519\/V, Firmen-ID: 36197351 Steuer-ID: 2020042937 USt-ID: SK2020042937 (im Folgenden \u201eVerantwortlicher\u201c).<\/p>\n<p data-start=\"188\" data-end=\"419\">Bei der Verarbeitung Ihrer personenbezogenen Daten geht der Verantwortliche gem\u00e4\u00df der Verordnung (EU) 2016\/679 des Europ\u00e4ischen Parlaments und des Rates zum Schutz nat\u00fcrlicher Personen bei der Verarbeitung personenbezogener Daten und zum freien Datenverkehr, zur Aufhebung der Richtlinie 95\/46\/EG (Datenschutz-Grundverordnung) und gem\u00e4\u00df dem Gesetz Nr. 18\/2018 Slg. \u00fcber den Schutz personenbezogener Daten und zur \u00c4nderung und Erg\u00e4nzung bestimmter Gesetze vor. <\/p>\t\t\t\t\t\t\t\t<\/div>\n\t\t\t\t<\/div>\n\t\t<div class=\"elementor-element elementor-element-f647f5e e-con-full e-flex e-con e-child\" data-id=\"f647f5e\" data-element_type=\"container\" data-e-type=\"container\" data-settings=\"{&quot;ekit_has_onepagescroll_dot&quot;:&quot;yes&quot;}\">\n\t\t\t\t<div class=\"elementor-element elementor-element-e5aab46 elementor-invisible elementor-widget elementor-widget-heading\" data-id=\"e5aab46\" data-element_type=\"widget\" data-e-type=\"widget\" data-settings=\"{&quot;_animation&quot;:&quot;fadeInDown&quot;,&quot;ekit_we_effect_on&quot;:&quot;none&quot;}\" data-widget_type=\"heading.default\">\n\t\t\t\t\t<h2 class=\"elementor-heading-title elementor-size-default\">Zwecke und Rechtsgrundlage f\u00fcr die Verarbeitung personenbezogener Daten<\/h2>\t\t\t\t<\/div>\n\t\t\t\t<div class=\"elementor-element elementor-element-ed4fddf elementor-widget elementor-widget-text-editor\" data-id=\"ed4fddf\" data-element_type=\"widget\" data-e-type=\"widget\" data-settings=\"{&quot;ekit_we_effect_on&quot;:&quot;none&quot;}\" data-widget_type=\"text-editor.default\">\n\t\t\t\t\t\t\t\t\t<p>Der Betreiber verarbeitet personenbezogene Daten der betroffenen Personen ausschlie\u00dflich in dem Umfang, der zur Erf\u00fcllung des Zwecks und der Gesch\u00e4ftsbedingungen erforderlich ist.<\/p>\t\t\t\t\t\t\t\t<\/div>\n\t\t\t\t<\/div>\n\t\t<div class=\"elementor-element elementor-element-21c6855 e-con-full e-flex e-con e-child\" data-id=\"21c6855\" data-element_type=\"container\" data-e-type=\"container\" data-settings=\"{&quot;ekit_has_onepagescroll_dot&quot;:&quot;yes&quot;}\">\n\t\t\t\t<div class=\"elementor-element elementor-element-9e49b2e elementor-widget elementor-widget-heading\" data-id=\"9e49b2e\" data-element_type=\"widget\" data-e-type=\"widget\" data-settings=\"{&quot;ekit_we_effect_on&quot;:&quot;none&quot;}\" data-widget_type=\"heading.default\">\n\t\t\t\t\t<h2 class=\"elementor-heading-title elementor-size-default\">Aufbewahrungsfrist f\u00fcr personenbezogene Daten<\/h2>\t\t\t\t<\/div>\n\t\t\t\t<div class=\"elementor-element elementor-element-7e1f9d8 elementor-widget elementor-widget-text-editor\" data-id=\"7e1f9d8\" data-element_type=\"widget\" data-e-type=\"widget\" data-settings=\"{&quot;ekit_we_effect_on&quot;:&quot;none&quot;}\" data-widget_type=\"text-editor.default\">\n\t\t\t\t\t\t\t\t\t<p>Der Betreiber speichert personenbezogene Daten in einer Form, die die Identifizierung der betroffenen Person erm\u00f6glicht, sp\u00e4testens so lange, wie es zur Erreichung des Zwecks, f\u00fcr den die personenbezogenen Daten verarbeitet werden, und\/oder zur Geltendmachung eines Rechtsanspruchs erforderlich ist. Der Betreiber speichert personenbezogene Daten sp\u00e4testens bis zum Ende des Zeitraums, es sei denn, die betroffene Person \u00fcbt ihr Recht aus, die Einwilligung zur Verarbeitung personenbezogener Daten fr\u00fcher zu widerrufen. Der Betreiber speichert personenbezogene Daten sp\u00e4testens so lange, wie es zur Erf\u00fcllung von Verpflichtungen gem\u00e4\u00df einer besonderen Vorschrift erforderlich ist.  <\/p>\t\t\t\t\t\t\t\t<\/div>\n\t\t\t\t<\/div>\n\t\t<div class=\"elementor-element elementor-element-f50a065 e-con-full e-flex e-con e-child\" data-id=\"f50a065\" data-element_type=\"container\" data-e-type=\"container\" data-settings=\"{&quot;ekit_has_onepagescroll_dot&quot;:&quot;yes&quot;}\">\n\t\t\t\t<div class=\"elementor-element elementor-element-c050972 elementor-widget elementor-widget-heading\" data-id=\"c050972\" data-element_type=\"widget\" data-e-type=\"widget\" data-settings=\"{&quot;ekit_we_effect_on&quot;:&quot;none&quot;}\" data-widget_type=\"heading.default\">\n\t\t\t\t\t<h2 class=\"elementor-heading-title elementor-size-default\">Identifizierung der Empf\u00e4nger personenbezogener Daten<\/h2>\t\t\t\t<\/div>\n\t\t\t\t<div class=\"elementor-element elementor-element-139f6e4 elementor-widget elementor-widget-text-editor\" data-id=\"139f6e4\" data-element_type=\"widget\" data-e-type=\"widget\" data-settings=\"{&quot;ekit_we_effect_on&quot;:&quot;none&quot;}\" data-widget_type=\"text-editor.default\">\n\t\t\t\t\t\t\t\t\t<p>Der Betreiber ist nicht berechtigt, personenbezogene Daten der betroffenen Personen an Dritte weiterzugeben, mit Ausnahme des Auftragsverarbeiters.<\/p>\t\t\t\t\t\t\t\t<\/div>\n\t\t\t\t<\/div>\n\t\t<div class=\"elementor-element elementor-element-bc546e5 e-con-full e-flex e-con e-child\" data-id=\"bc546e5\" data-element_type=\"container\" data-e-type=\"container\" data-settings=\"{&quot;ekit_has_onepagescroll_dot&quot;:&quot;yes&quot;}\">\n\t\t\t\t<div class=\"elementor-element elementor-element-156fb85 elementor-widget elementor-widget-heading\" data-id=\"156fb85\" data-element_type=\"widget\" data-e-type=\"widget\" data-settings=\"{&quot;ekit_we_effect_on&quot;:&quot;none&quot;}\" data-widget_type=\"heading.default\">\n\t\t\t\t\t<h2 class=\"elementor-heading-title elementor-size-default\">Rechte der betroffenen Personen<\/h2>\t\t\t\t<\/div>\n\t\t\t\t<div class=\"elementor-element elementor-element-305e513 elementor-widget elementor-widget-text-editor\" data-id=\"305e513\" data-element_type=\"widget\" data-e-type=\"widget\" data-settings=\"{&quot;ekit_we_effect_on&quot;:&quot;none&quot;}\" data-widget_type=\"text-editor.default\">\n\t\t\t\t\t\t\t\t\t<ul>\n<li data-start=\"2156\" data-end=\"2464\">\n<p data-start=\"2158\" data-end=\"2464\">Wenn die Rechtsgrundlage f\u00fcr die Verarbeitung personenbezogener Daten der betroffenen Person deren Einwilligung ist, kann die betroffene Person ihre Einwilligung jederzeit widerrufen, indem sie eine E-Mail an die unten angegebene E-Mail-Adresse sendet. Der Widerruf der Einwilligung ber\u00fchrt nicht die Rechtm\u00e4\u00dfigkeit der Verarbeitung aufgrund einer Einwilligung, die vor dem Widerruf erteilt wurde. <\/p>\n<\/li>\n<li data-start=\"2466\" data-end=\"2575\">\n<p data-start=\"2468\" data-end=\"2575\">Die betroffene Person hat das Recht, die Einwilligung jederzeit per E-Mail an die Adresse: <a class=\"decorated-link cursor-pointer\" rel=\"noopener\" data-start=\"2557\" data-end=\"2574\">info@sitapress.sk<\/a> zu widerrufen.<\/p>\n<\/li>\n<li data-start=\"2577\" data-end=\"2860\">\n<p data-start=\"2579\" data-end=\"2860\">Die betroffene Person hat das Recht, vom Verantwortlichen auf der Grundlage eines Antrags eine Best\u00e4tigung dar\u00fcber zu verlangen, ob personenbezogene Daten der betroffenen Person verarbeitet werden oder nicht, und wenn dies der Fall ist, Auskunft \u00fcber die Verarbeitung der die betroffene Person betreffenden personenbezogenen Daten zu verlangen.<\/p>\n<\/li>\n<li data-start=\"2862\" data-end=\"3200\">\n<p data-start=\"2864\" data-end=\"3200\">Die betroffene Person hat das Recht, sie betreffende personenbezogene Daten zu berichtigen. Um die Richtigkeit der personenbezogenen Daten der betroffenen Person zu gew\u00e4hrleisten, ist jede betroffene Person verpflichtet, dem Verantwortlichen korrekte und wahrheitsgem\u00e4\u00dfe personenbezogene Daten sowie alle \u00c4nderungen der personenbezogenen Daten, die die betroffene Person dem Verantwortlichen mitgeteilt hat, mitzuteilen. <\/p>\n<\/li>\n<li data-start=\"3202\" data-end=\"3703\">\n<p data-start=\"3204\" data-end=\"3703\">Die betroffene Person hat das Recht auf die \u00dcbertragbarkeit der sie betreffenden personenbezogenen Daten, die sie dem Verantwortlichen bereitgestellt hat, in einem strukturierten, g\u00e4ngigen und maschinenlesbaren Format, wenn die personenbezogenen Daten der betroffenen Person automatisiert und auf der Grundlage von Vertr\u00e4gen oder der Einwilligung der betroffenen Person und vor Ablauf der Aufbewahrungsfrist f\u00fcr personenbezogene Daten verarbeitet werden. Die Aus\u00fcbung dieses Rechts darf keine nachteiligen Folgen f\u00fcr die Rechte anderer Personen haben. <\/p>\n<\/li>\n<li data-start=\"3705\" data-end=\"4719\">\n<p data-start=\"3707\" data-end=\"4719\">Die betroffene Person hat das Recht auf L\u00f6schung personenbezogener Daten (Recht auf L\u00f6schung personenbezogener Daten), die Gegenstand der Verarbeitung sind, wenn ein Gesetzesversto\u00df vorliegt oder nach Widerruf der Einwilligung oder wenn der Zweck der Verarbeitung beendet ist oder nach Ablauf der Frist f\u00fcr die Speicherung personenbezogener Daten. Das Recht auf L\u00f6schung personenbezogener Daten gilt nicht, wenn die Verarbeitung personenbezogener Daten erforderlich ist f\u00fcr: die Aus\u00fcbung des Rechts auf freie Meinungs\u00e4u\u00dferung oder die Aus\u00fcbung des Rechts auf Information, die Erf\u00fcllung von Verpflichtungen gem\u00e4\u00df Gesetz Nr. 18\/2018 \u00fcber den Schutz personenbezogener Daten und zur \u00c4nderung und Erg\u00e4nzung anderer Gesetze (wirksam ab dem 25.5.2018) oder einer besonderen Vorschrift, die Geltendmachung eines Rechtsanspruchs f\u00fcr Archivierungszwecke, f\u00fcr wissenschaftliche Zwecke, f\u00fcr historische Forschungszwecke oder f\u00fcr statistische Zwecke gem\u00e4\u00df \u00a7 78 Abs. 8, wenn es wahrscheinlich ist, dass das Recht nach Absatz 1 die Verwirklichung der Ziele dieser Verarbeitung unm\u00f6glich macht oder ernsthaft behindert. <\/p>\n<\/li>\n<li data-start=\"4721\" data-end=\"5580\">\n<p data-start=\"4723\" data-end=\"5580\">Das Recht auf Einschr\u00e4nkung der Verarbeitung personenbezogener Daten, wenn: die betroffene Person die Richtigkeit der personenbezogenen Daten bestreitet, w\u00e4hrend eines Zeitraums, der es dem Verantwortlichen erm\u00f6glicht, die Richtigkeit der personenbezogenen Daten zu \u00fcberpr\u00fcfen, die Verarbeitung personenbezogener Daten unrechtm\u00e4\u00dfig ist und die betroffene Person die L\u00f6schung der personenbezogenen Daten ablehnt und stattdessen die Einschr\u00e4nkung ihrer Nutzung verlangt, der Verantwortliche die personenbezogenen Daten f\u00fcr den Zweck der Verarbeitung der personenbezogenen Daten nicht mehr ben\u00f6tigt, die betroffene Person sie jedoch zur Geltendmachung eines Rechtsanspruchs ben\u00f6tigt, oder die betroffene Person der Verarbeitung personenbezogener Daten gem\u00e4\u00df \u00a7 27 Abs. 1 des Gesetzes Nr. 18\/2018 \u00fcber den Schutz personenbezogener Daten und zur \u00c4nderung und Erg\u00e4nzung anderer Gesetze (wirksam ab dem 25.5.2018) widerspricht, bis zur \u00dcberpr\u00fcfung, ob die berechtigten Gr\u00fcnde des Verantwortlichen gegen\u00fcber denen der betroffenen Person \u00fcberwiegen.<\/p>\n<\/li>\n<li data-start=\"5582\" data-end=\"5738\">\n<p data-start=\"5584\" data-end=\"5738\">Wenn Sie den Verdacht haben, dass Ihre personenbezogenen Daten unrechtm\u00e4\u00dfig verarbeitet werden, haben Sie das Recht, eine Beschwerde beim Amt f\u00fcr den Schutz personenbezogener Daten einzureichen.<\/p>\n<\/li>\n<\/ul>\t\t\t\t\t\t\t\t<\/div>\n\t\t\t\t<\/div>\n\t\t<div class=\"elementor-element elementor-element-78b67b1 e-con-full e-flex e-con e-child\" data-id=\"78b67b1\" data-element_type=\"container\" data-e-type=\"container\" data-settings=\"{&quot;ekit_has_onepagescroll_dot&quot;:&quot;yes&quot;}\">\n\t\t\t\t<div class=\"elementor-element elementor-element-b94fe60 elementor-widget elementor-widget-heading\" data-id=\"b94fe60\" data-element_type=\"widget\" data-e-type=\"widget\" data-settings=\"{&quot;ekit_we_effect_on&quot;:&quot;none&quot;}\" data-widget_type=\"heading.default\">\n\t\t\t\t\t<h2 class=\"elementor-heading-title elementor-size-default\">Kontaktdaten des Verantwortlichen<\/h2>\t\t\t\t<\/div>\n\t\t\t\t<div class=\"elementor-element elementor-element-e743e24 elementor-widget elementor-widget-text-editor\" data-id=\"e743e24\" data-element_type=\"widget\" data-e-type=\"widget\" data-settings=\"{&quot;ekit_we_effect_on&quot;:&quot;none&quot;}\" data-widget_type=\"text-editor.default\">\n\t\t\t\t\t\t\t\t\t<p data-start=\"1808\" data-end=\"1948\">Die betroffene Person kann alle Kommentare, Fragen, Anregungen und Anfragen an den Verantwortlichen f\u00fcr personenbezogene Daten per E-Mail an die folgende E-Mail-Adresse richten: <a class=\"decorated-link cursor-pointer\" rel=\"noopener\" data-start=\"5936\" data-end=\"5953\">info@sitapress.sk<\/a> oder telefonisch unter +42155\/69 500 81 oder schriftlich an die Adresse SITAPRESS sro mit Sitz in: U\u010d\u0148ovsk\u00e1 1, 040 15 Ko\u0161ice \u2013 \u0160aca, Slowakische Republik.<\/p>\t\t\t\t\t\t\t\t<\/div>\n\t\t\t\t<\/div>\n\t\t<div class=\"elementor-element elementor-element-389d8b7 e-con-full e-flex e-con e-child\" data-id=\"389d8b7\" data-element_type=\"container\" data-e-type=\"container\" data-settings=\"{&quot;ekit_has_onepagescroll_dot&quot;:&quot;yes&quot;}\">\n\t\t\t\t<div class=\"elementor-element elementor-element-a324cff elementor-widget elementor-widget-heading\" data-id=\"a324cff\" data-element_type=\"widget\" data-e-type=\"widget\" data-settings=\"{&quot;ekit_we_effect_on&quot;:&quot;none&quot;}\" data-widget_type=\"heading.default\">\n\t\t\t\t\t<h2 class=\"elementor-heading-title elementor-size-default\">Cookie-Richtlinie<\/h2>\t\t\t\t<\/div>\n\t\t\t\t<div class=\"elementor-element elementor-element-69184de elementor-widget elementor-widget-text-editor\" data-id=\"69184de\" data-element_type=\"widget\" data-e-type=\"widget\" data-settings=\"{&quot;ekit_we_effect_on&quot;:&quot;none&quot;}\" data-widget_type=\"text-editor.default\">\n\t\t\t\t\t\t\t\t\t<p>Um unsere Dienstleistungen kontinuierlich zu verbessern, verwenden unsere Websites Cookies, d. h. kleine Dateien, die in Ihrem Browser oder auf der Festplatte Ihres Computers gespeichert werden. Cookies helfen Ihrem Computer, sich die von Ihnen besuchten Seiten und Ihre Pr\u00e4ferenzen f\u00fcr die von Ihnen besuchten Seiten zu merken (z. B. bevorzugte Sprache). Sie erh\u00f6hen die Benutzerfreundlichkeit der wiederholt besuchten Website und sind daher f\u00fcr Sie n\u00fctzlich. Wir verwenden diese Daten beispielsweise, um Dienstleistungen zu erbringen, Werbung zu personalisieren, &#8230;..-Traffic zu analysieren. Wenn Sie mit der Verwendung von Cookies auf unserer Website nicht einverstanden sind, k\u00f6nnen Sie die Speicherung von Cookies \u00fcber Ihre Browsereinstellungen deaktivieren. F\u00fcr detailliertere Informationen nutzen Sie bitte die Hilfe Ihres Browsers.<\/p>\t\t\t\t\t\t\t\t<\/div>\n\t\t\t\t<div class=\"elementor-element elementor-element-905d6ff elementor-widget elementor-widget-text-editor\" data-id=\"905d6ff\" data-element_type=\"widget\" data-e-type=\"widget\" data-settings=\"{&quot;ekit_we_effect_on&quot;:&quot;none&quot;}\" data-widget_type=\"text-editor.default\">\n\t\t\t\t\t\t\t\t\t<p>Vollst\u00e4ndige Informationen dar\u00fcber, wie wir Ihre personenbezogenen Daten verarbeiten, finden Sie in unserer <a href=\"https:\/\/sitapress.com\/de\/datenschutzrichtlinie\/\"><strong>Datenschutzrichtlinie<\/strong><\/a>.<\/p>\t\t\t\t\t\t\t\t<\/div>\n\t\t\t\t<\/div>\n\t\t<div class=\"elementor-element elementor-element-e3974a9 e-con-full e-flex e-con e-child\" data-id=\"e3974a9\" data-element_type=\"container\" data-e-type=\"container\" data-settings=\"{&quot;ekit_has_onepagescroll_dot&quot;:&quot;yes&quot;}\">\n\t\t\t\t<div class=\"elementor-element elementor-element-e9684cf elementor-widget elementor-widget-heading\" data-id=\"e9684cf\" data-element_type=\"widget\" data-e-type=\"widget\" data-settings=\"{&quot;ekit_we_effect_on&quot;:&quot;none&quot;}\" data-widget_type=\"heading.default\">\n\t\t\t\t\t<h2 class=\"elementor-heading-title elementor-size-default\">Social-Network-Widgets und andere Anwendungen<\/h2>\t\t\t\t<\/div>\n\t\t\t\t<div class=\"elementor-element elementor-element-0d71760 elementor-widget elementor-widget-text-editor\" data-id=\"0d71760\" data-element_type=\"widget\" data-e-type=\"widget\" data-settings=\"{&quot;ekit_we_effect_on&quot;:&quot;none&quot;}\" data-widget_type=\"text-editor.default\">\n\t\t\t\t\t\t\t\t\t<p>Wir verwenden Facebook- und Messenger-Social-Network-Widgets auf unserer Website. Diese Anwendungen k\u00f6nnen Informationen \u00fcber Ihre Nutzung unserer Website sammeln und verwenden. Alle pers\u00f6nlichen Informationen, die Sie \u00fcber diese Anwendungen bereitstellen, k\u00f6nnen vom Anbieter dieser Dienste verwendet werden. Die Verarbeitung dieser Daten unterliegt den Bedingungen dieser Unternehmen (siehe Links oben). Die Firma SITAPRESS sro mit Sitz in: U\u010d\u0148ovsk\u00e1 1, 040 15 Ko\u0161ice &#8211; \u0160aca, Slowakische Republik hat keine Kontrolle \u00fcber den Umfang, die Methode und den Zweck der Datenverarbeitung durch die Anbieter und \u00fcbernimmt keine Verantwortung daf\u00fcr.    <\/p>\t\t\t\t\t\t\t\t<\/div>\n\t\t\t\t<div class=\"elementor-element elementor-element-c0d9092 elementor-widget elementor-widget-text-editor\" data-id=\"c0d9092\" data-element_type=\"widget\" data-e-type=\"widget\" data-settings=\"{&quot;ekit_we_effect_on&quot;:&quot;none&quot;}\" data-widget_type=\"text-editor.default\">\n\t\t\t\t\t\t\t\t\t<p>Sie k\u00f6nnen den rechtlichen Rahmen und die Rechte auch detailliert auf unserer Seite <a href=\"https:\/\/sitapress.com\/de\/geschaeftsbedingungen\/\"><strong>Allgemeine Gesch\u00e4ftsbedingungen<\/strong><\/a> einsehen.<\/p>\t\t\t\t\t\t\t\t<\/div>\n\t\t\t\t<\/div>\n\t\t<div class=\"elementor-element elementor-element-8a69765 e-con-full e-flex e-con e-child\" data-id=\"8a69765\" data-element_type=\"container\" data-e-type=\"container\" data-settings=\"{&quot;ekit_has_onepagescroll_dot&quot;:&quot;yes&quot;}\">\n\t\t\t\t<div class=\"elementor-element elementor-element-7903c82 elementor-widget elementor-widget-heading\" data-id=\"7903c82\" data-element_type=\"widget\" data-e-type=\"widget\" data-settings=\"{&quot;ekit_we_effect_on&quot;:&quot;none&quot;}\" data-widget_type=\"heading.default\">\n\t\t\t\t\t<h2 class=\"elementor-heading-title elementor-size-default\">Kontaktieren Sie uns\n<\/h2>\t\t\t\t<\/div>\n\t\t\t\t<div class=\"elementor-element elementor-element-81c848e elementor-widget elementor-widget-text-editor\" data-id=\"81c848e\" data-element_type=\"widget\" data-e-type=\"widget\" data-settings=\"{&quot;ekit_we_effect_on&quot;:&quot;none&quot;}\" data-widget_type=\"text-editor.default\">\n\t\t\t\t\t\t\t\t\t<p data-start=\"4107\" data-end=\"4227\">Wenn Sie Fragen, Bedenken oder Anfragen bez\u00fcglich dieses Personaldatenschutzes oder unserer Datenpraktiken haben, kontaktieren Sie uns bitte:<\/p><ul><li data-start=\"4229\" data-end=\"4333\"><strong data-start=\"3070\" data-end=\"3080\">Email:<\/strong> <a href=\"mailto:sita@sitapress.sk\">sita@sitapress.sk<\/a><\/li><li data-start=\"4229\" data-end=\"4333\">Telefon: +421 903 645 123<\/li><li data-start=\"4229\" data-end=\"4333\"><strong data-start=\"3137\" data-end=\"3149\">Address:<\/strong> SITAPRESS, U\u010d\u0148ovsk\u00e1 1, 040 15 town Kosice, Slovakia<\/li><\/ul>\t\t\t\t\t\t\t\t<\/div>\n\t\t\t\t<\/div>\n\t\t\t\t<\/div>\n\t\t\t\t\t<\/div>\n\t\t\t\t<\/div>\n\t\t\t\t<\/div>\n\t\t","protected":false},"excerpt":{"rendered":"<p>Personaldatenschutz Verantwortlicher f\u00fcr personenbezogene Daten Der Verantwortliche f\u00fcr personenbezogene Daten, d. h. die Stelle, die die personenbezogenen Daten der betroffenen Person verarbeitet, ist die Firma SITAPRESS sro mit Sitz in: U\u010d\u0148ovsk\u00e1 1, 040 15 Ko\u0161ice \u2013 \u0160aca, Slowakische Republik, eingetragen im Handelsregister des Bezirksgerichts Ko\u0161ice I, Abteilung: Sro, Aktenzeichen: 11519\/V, Firmen-ID: 36197351 Steuer-ID: 2020042937 USt-ID: [&hellip;]<\/p>\n","protected":false},"author":1,"featured_media":0,"parent":0,"menu_order":0,"comment_status":"closed","ping_status":"closed","template":"","meta":{"footnotes":""},"class_list":["post-6308","page","type-page","status-publish","hentry"],"_links":{"self":[{"href":"https:\/\/sitapress.com\/de\/wp-json\/wp\/v2\/pages\/6308","targetHints":{"allow":["GET"]}}],"collection":[{"href":"https:\/\/sitapress.com\/de\/wp-json\/wp\/v2\/pages"}],"about":[{"href":"https:\/\/sitapress.com\/de\/wp-json\/wp\/v2\/types\/page"}],"author":[{"embeddable":true,"href":"https:\/\/sitapress.com\/de\/wp-json\/wp\/v2\/users\/1"}],"replies":[{"embeddable":true,"href":"https:\/\/sitapress.com\/de\/wp-json\/wp\/v2\/comments?post=6308"}],"version-history":[{"count":3,"href":"https:\/\/sitapress.com\/de\/wp-json\/wp\/v2\/pages\/6308\/revisions"}],"predecessor-version":[{"id":9546,"href":"https:\/\/sitapress.com\/de\/wp-json\/wp\/v2\/pages\/6308\/revisions\/9546"}],"wp:attachment":[{"href":"https:\/\/sitapress.com\/de\/wp-json\/wp\/v2\/media?parent=6308"}],"curies":[{"name":"wp","href":"https:\/\/api.w.org\/{rel}","templated":true}]}}