{"id":6300,"date":"2025-12-03T10:11:31","date_gmt":"2025-12-03T10:11:31","guid":{"rendered":"https:\/\/sitapress.com\/support\/"},"modified":"2026-03-30T13:35:40","modified_gmt":"2026-03-30T13:35:40","slug":"support","status":"publish","type":"page","link":"https:\/\/sitapress.com\/de\/support\/","title":{"rendered":"Support"},"content":{"rendered":"\t\t<div data-elementor-type=\"wp-page\" data-elementor-id=\"6300\" class=\"elementor elementor-6300 elementor-658\" data-elementor-post-type=\"page\">\n\t\t\t\t<div class=\"elementor-element elementor-element-3d20e8a e-flex e-con-boxed e-con e-parent\" data-id=\"3d20e8a\" data-element_type=\"container\" data-e-type=\"container\" data-settings=\"{&quot;ekit_has_onepagescroll_dot&quot;:&quot;yes&quot;}\">\n\t\t\t\t\t<div class=\"e-con-inner\">\n\t\t<div class=\"elementor-element elementor-element-7b6eeb8 e-con-full e-flex e-con e-child\" data-id=\"7b6eeb8\" data-element_type=\"container\" data-e-type=\"container\" data-settings=\"{&quot;background_background&quot;:&quot;classic&quot;,&quot;ekit_has_onepagescroll_dot&quot;:&quot;yes&quot;}\">\n\t\t\t\t<div class=\"elementor-element elementor-element-c2ce390 elementor-invisible elementor-widget elementor-widget-heading\" data-id=\"c2ce390\" data-element_type=\"widget\" data-e-type=\"widget\" data-settings=\"{&quot;_animation&quot;:&quot;fadeInDown&quot;,&quot;ekit_we_effect_on&quot;:&quot;none&quot;}\" data-widget_type=\"heading.default\">\n\t\t\t\t\t<h1 class=\"elementor-heading-title elementor-size-default\">Technische Unterst\u00fctzung &amp; Beratung<\/h1>\t\t\t\t<\/div>\n\t\t\t\t<\/div>\n\t\t\t\t\t<\/div>\n\t\t\t\t<\/div>\n\t\t<div class=\"elementor-element elementor-element-5bc2ef7 e-flex e-con-boxed e-con e-parent\" data-id=\"5bc2ef7\" data-element_type=\"container\" data-e-type=\"container\" data-settings=\"{&quot;ekit_has_onepagescroll_dot&quot;:&quot;yes&quot;}\">\n\t\t\t\t\t<div class=\"e-con-inner\">\n\t\t<div class=\"elementor-element elementor-element-2f1cb56 e-con-full e-flex e-con e-child\" data-id=\"2f1cb56\" data-element_type=\"container\" data-e-type=\"container\" data-settings=\"{&quot;ekit_has_onepagescroll_dot&quot;:&quot;yes&quot;}\">\n\t\t\t\t<div class=\"elementor-element elementor-element-99ad228 elementor-invisible elementor-widget elementor-widget-heading\" data-id=\"99ad228\" data-element_type=\"widget\" data-e-type=\"widget\" data-settings=\"{&quot;_animation&quot;:&quot;fadeInUp&quot;,&quot;ekit_we_effect_on&quot;:&quot;none&quot;}\" data-widget_type=\"heading.default\">\n\t\t\t\t\t<h2 class=\"elementor-heading-title elementor-size-default\">Ihr Engineering-Partner: Wir verwandeln Konzepte in pr\u00e4zise Realit\u00e4t<\/h2>\t\t\t\t<\/div>\n\t\t\t\t<div class=\"elementor-element elementor-element-ae6fb3c elementor-widget elementor-widget-text-editor\" data-id=\"ae6fb3c\" data-element_type=\"widget\" data-e-type=\"widget\" data-settings=\"{&quot;ekit_we_effect_on&quot;:&quot;none&quot;}\" data-widget_type=\"text-editor.default\">\n\t\t\t\t\t\t\t\t\t<p><span data-path-to-node=\"6,2\"><span class=\"citation-398\">Unser technisches Know-how erm\u00f6glicht es uns, Sie zu beraten, zu unterst\u00fctzen und letztendlich Ihre einzigartigsten und komplexesten Ideen zu verwirklichen<\/span><\/span><span data-path-to-node=\"6,4\">. <\/span><span data-path-to-node=\"6,6\"><span class=\"citation-397\">Durch einen konstruktiven und wertvollen technischen Dialog entwickeln wir Ihre ersten Konzepte zu vollst\u00e4ndig implementierten Industriel\u00f6sungen<\/span><\/span><span data-path-to-node=\"6,8\">. <\/span> <\/p><p><span data-path-to-node=\"6,10\"><span class=\"citation-396\">Dieser kollaborative Ansatz gew\u00e4hrleistet einzigartige, hochwertige Ergebnisse in jeder Phase des Herstellungsprozesses und dient als Eckpfeiler der von uns angebotenen professionellen Dienstleistungen<\/span><\/span><span data-path-to-node=\"6,12\">.<\/span><\/p>\t\t\t\t\t\t\t\t<\/div>\n\t\t\t\t<\/div>\n\t\t<div class=\"elementor-element elementor-element-f865e11 e-con-full e-flex e-con e-child\" data-id=\"f865e11\" data-element_type=\"container\" data-e-type=\"container\" data-settings=\"{&quot;ekit_has_onepagescroll_dot&quot;:&quot;yes&quot;}\">\n\t\t\t\t<div class=\"elementor-element elementor-element-894b76c elementor-invisible elementor-widget elementor-widget-image\" data-id=\"894b76c\" data-element_type=\"widget\" data-e-type=\"widget\" data-settings=\"{&quot;_animation&quot;:&quot;fadeInRight&quot;,&quot;ekit_we_effect_on&quot;:&quot;none&quot;}\" data-widget_type=\"image.default\">\n\t\t\t\t\t\t\t\t\t\t\t\t\t\t\t<img decoding=\"async\" src=\"https:\/\/sitapress.com\/wp-content\/uploads\/2025\/12\/Image-2.png\" title=\"\" alt=\"\" loading=\"lazy\" \/>\t\t\t\t\t\t\t\t\t\t\t\t\t\t\t<\/div>\n\t\t\t\t<\/div>\n\t\t\t\t\t<\/div>\n\t\t\t\t<\/div>\n\t\t<div class=\"elementor-element elementor-element-a318892 e-flex e-con-boxed e-con e-parent\" data-id=\"a318892\" data-element_type=\"container\" data-e-type=\"container\" data-settings=\"{&quot;ekit_has_onepagescroll_dot&quot;:&quot;yes&quot;}\">\n\t\t\t\t\t<div class=\"e-con-inner\">\n\t\t<div class=\"elementor-element elementor-element-d0d22da e-con-full e-flex e-con e-child\" data-id=\"d0d22da\" data-element_type=\"container\" data-e-type=\"container\" data-settings=\"{&quot;ekit_has_onepagescroll_dot&quot;:&quot;yes&quot;}\">\n\t\t\t\t<div class=\"elementor-element elementor-element-0c7d60f elementor-invisible elementor-widget elementor-widget-heading\" data-id=\"0c7d60f\" data-element_type=\"widget\" data-e-type=\"widget\" data-settings=\"{&quot;_animation&quot;:&quot;fadeInUp&quot;,&quot;ekit_we_effect_on&quot;:&quot;none&quot;}\" data-widget_type=\"heading.default\">\n\t\t\t\t\t<h2 class=\"elementor-heading-title elementor-size-default\">Modernste Technologie f\u00fcr ma\u00dfgeschneiderte L\u00f6sungen<\/h2>\t\t\t\t<\/div>\n\t\t\t\t<div class=\"elementor-element elementor-element-0a8ee97 elementor-widget elementor-widget-text-editor\" data-id=\"0a8ee97\" data-element_type=\"widget\" data-e-type=\"widget\" data-settings=\"{&quot;ekit_we_effect_on&quot;:&quot;none&quot;}\" data-widget_type=\"text-editor.default\">\n\t\t\t\t\t\t\t\t\t<p><span data-path-to-node=\"12,2\"><span class=\"citation-394\">Sitapress nutzt umfangreiche Erfahrung und eine breite Palette an fortschrittlichen Maschinen, um ma\u00dfgeschneiderte Produkte f\u00fcr globale OEMs und Hersteller zu entwickeln<\/span><\/span><span data-path-to-node=\"12,4\">. <\/span><span data-path-to-node=\"12,6\"><span class=\"citation-393\">Durch die Kombination von pr\u00e4ziser Technik mit hochwertigem Druck produzieren wir industrielle Typenschilder und Etiketten, die den h\u00e4rtesten realen Bedingungen standhalten<\/span><\/span><span data-path-to-node=\"12,8\">. <\/span> <\/p><p><span data-path-to-node=\"12,10\"><span class=\"citation-392\">Unsere F\u00e4higkeit, auf einer au\u00dfergew\u00f6hnlichen Vielfalt an Spezialmaterialien zu drucken, gew\u00e4hrleistet eine perfekte Haftung auf jeder industriellen Oberfl\u00e4che<\/span><\/span><span data-path-to-node=\"12,12\">. <\/span><span data-path-to-node=\"12,14\"><span class=\"citation-391\">Diese Synergie aus moderner Technologie und Meisterschaft gew\u00e4hrleistet erstklassige Oberfl\u00e4chenbehandlungen und hochwertige Ergebnisse<\/span><\/span><span data-path-to-node=\"12,16\">.<\/span><\/p>\t\t\t\t\t\t\t\t<\/div>\n\t\t\t\t<\/div>\n\t\t<div class=\"elementor-element elementor-element-eddecb4 e-con-full e-flex e-con e-child\" data-id=\"eddecb4\" data-element_type=\"container\" data-e-type=\"container\" data-settings=\"{&quot;ekit_has_onepagescroll_dot&quot;:&quot;yes&quot;}\">\n\t\t\t\t<div class=\"elementor-element elementor-element-c40bc4d elementor-invisible elementor-widget elementor-widget-image\" data-id=\"c40bc4d\" data-element_type=\"widget\" data-e-type=\"widget\" data-settings=\"{&quot;_animation&quot;:&quot;fadeInLeft&quot;,&quot;ekit_we_effect_on&quot;:&quot;none&quot;}\" data-widget_type=\"image.default\">\n\t\t\t\t\t\t\t\t\t\t\t\t\t\t\t<img decoding=\"async\" src=\"https:\/\/sitapress.com\/wp-content\/uploads\/2025\/12\/Image-3.png\" title=\"\" alt=\"\" loading=\"lazy\" \/>\t\t\t\t\t\t\t\t\t\t\t\t\t\t\t<\/div>\n\t\t\t\t<\/div>\n\t\t\t\t\t<\/div>\n\t\t\t\t<\/div>\n\t\t<div class=\"elementor-element elementor-element-f73557 e-con-full e-flex e-con e-parent\" data-id=\"f73557\" data-element_type=\"container\" data-e-type=\"container\" data-settings=\"{&quot;background_background&quot;:&quot;classic&quot;,&quot;ekit_has_onepagescroll_dot&quot;:&quot;yes&quot;}\">\n\t\t\t\t<div class=\"elementor-element elementor-element-273a1ad4 elementor-widget elementor-widget-heading\" data-id=\"273a1ad4\" data-element_type=\"widget\" data-e-type=\"widget\" data-settings=\"{&quot;ekit_we_effect_on&quot;:&quot;none&quot;}\" data-widget_type=\"heading.default\">\n\t\t\t\t\t<h2 class=\"elementor-heading-title elementor-size-default\">Steigern Sie Ihre Markenidentit\u00e4t mit entwickelter Pr\u00e4zision<\/h2>\t\t\t\t<\/div>\n\t\t\t\t<div class=\"elementor-element elementor-element-78769ec elementor-widget elementor-widget-heading\" data-id=\"78769ec\" data-element_type=\"widget\" data-e-type=\"widget\" data-settings=\"{&quot;ekit_we_effect_on&quot;:&quot;none&quot;}\" data-widget_type=\"heading.default\">\n\t\t\t\t\t<p class=\"elementor-heading-title elementor-size-default\">Fordern Sie eine individuelle technische Beratung an und erhalten Sie noch heute Ihr kostenloses Angebot.<\/p>\t\t\t\t<\/div>\n\t\t\t\t<div class=\"elementor-element elementor-element-32b7481e elementor-invisible elementor-widget elementor-widget-eael-creative-button\" data-id=\"32b7481e\" data-element_type=\"widget\" data-e-type=\"widget\" data-settings=\"{&quot;_animation&quot;:&quot;fadeInUp&quot;,&quot;ekit_we_effect_on&quot;:&quot;none&quot;}\" data-widget_type=\"eael-creative-button.default\">\n\t\t\t\t\t        <div class=\"eael-creative-button-wrapper\">\n\n            <a class=\"eael-creative-button eael-creative-button--ujarak eael-cb-icon-position-\" href=\"https:\/\/sitapress.com\/de\/kontakt\/\" data-text=\"\">\n            \t    \n                <div class=\"creative-button-inner\">\n\n                    \n                    <span class=\"cretive-button-text\">Kostenloses Angebot anfordern<\/span>\n\n                                    <\/div>\n\t                        <\/a>\n        <\/div>\n        \t\t\t\t<\/div>\n\t\t\t\t<\/div>\n\t\t<div class=\"elementor-element elementor-element-4faca1d e-flex e-con-boxed e-con e-parent\" data-id=\"4faca1d\" data-element_type=\"container\" data-e-type=\"container\" data-settings=\"{&quot;ekit_has_onepagescroll_dot&quot;:&quot;yes&quot;}\">\n\t\t\t\t\t<div class=\"e-con-inner\">\n\t\t\t\t<div class=\"elementor-element elementor-element-d7b21ae elementor-widget elementor-widget-spacer\" data-id=\"d7b21ae\" data-element_type=\"widget\" data-e-type=\"widget\" data-settings=\"{&quot;ekit_we_effect_on&quot;:&quot;none&quot;}\" data-widget_type=\"spacer.default\">\n\t\t\t\t\t\t\t<div class=\"elementor-spacer\">\n\t\t\t<div class=\"elementor-spacer-inner\"><\/div>\n\t\t<\/div>\n\t\t\t\t\t\t<\/div>\n\t\t\t\t\t<\/div>\n\t\t\t\t<\/div>\n\t\t<div class=\"elementor-element elementor-element-75eff38e e-con-full e-flex e-con e-parent\" data-id=\"75eff38e\" data-element_type=\"container\" data-e-type=\"container\" data-settings=\"{&quot;background_background&quot;:&quot;classic&quot;,&quot;ekit_has_onepagescroll_dot&quot;:&quot;yes&quot;}\">\n\t\t<div class=\"elementor-element elementor-element-71962a41 e-con-full e-flex e-con e-child\" data-id=\"71962a41\" data-element_type=\"container\" data-e-type=\"container\" data-settings=\"{&quot;background_background&quot;:&quot;classic&quot;,&quot;ekit_has_onepagescroll_dot&quot;:&quot;yes&quot;}\">\n\t\t<div class=\"elementor-element elementor-element-4f9771d e-con-full e-flex e-con e-child\" data-id=\"4f9771d\" data-element_type=\"container\" data-e-type=\"container\" data-settings=\"{&quot;ekit_has_onepagescroll_dot&quot;:&quot;yes&quot;}\">\n\t\t\t\t<div class=\"elementor-element elementor-element-174a449c elementor-invisible elementor-widget elementor-widget-heading\" data-id=\"174a449c\" data-element_type=\"widget\" data-e-type=\"widget\" data-settings=\"{&quot;_animation&quot;:&quot;fadeInDown&quot;,&quot;ekit_we_effect_on&quot;:&quot;none&quot;}\" data-widget_type=\"heading.default\">\n\t\t\t\t\t<p class=\"elementor-heading-title elementor-size-default\">Der Produktionsprozess von Sitapress ist nach ISO9001:2015 zertifiziert<\/p>\t\t\t\t<\/div>\n\t\t\t\t<\/div>\n\t\t<div class=\"elementor-element elementor-element-1c956deb e-con-full e-flex e-con e-child\" data-id=\"1c956deb\" data-element_type=\"container\" data-e-type=\"container\" data-settings=\"{&quot;ekit_has_onepagescroll_dot&quot;:&quot;yes&quot;}\">\n\t\t\t\t<div class=\"elementor-element elementor-element-7590c67a elementor-invisible elementor-widget elementor-widget-image\" data-id=\"7590c67a\" data-element_type=\"widget\" data-e-type=\"widget\" data-settings=\"{&quot;_animation&quot;:&quot;fadeInDown&quot;,&quot;ekit_we_effect_on&quot;:&quot;none&quot;}\" data-widget_type=\"image.default\">\n\t\t\t\t\t\t\t\t\t\t\t\t\t\t\t<img decoding=\"async\" width=\"59\" height=\"59\" src=\"https:\/\/sitapress.com\/wp-content\/uploads\/2025\/12\/Image-3-1.png\" class=\"attachment-large size-large wp-image-5808\" alt=\"Offizielles SGS ISO 9001:2015 Zertifizierungslogo, das das Engagement von SITAPRESS f\u00fcr Qualit\u00e4tsmanagementsysteme best\u00e4tigt.\" \/>\t\t\t\t\t\t\t\t\t\t\t\t\t\t\t<\/div>\n\t\t\t\t<\/div>\n\t\t\t\t<\/div>\n\t\t\t\t<\/div>\n\t\t<div class=\"elementor-element elementor-element-baa73d6 e-flex e-con-boxed e-con e-parent\" data-id=\"baa73d6\" data-element_type=\"container\" data-e-type=\"container\" data-settings=\"{&quot;ekit_has_onepagescroll_dot&quot;:&quot;yes&quot;}\">\n\t\t\t\t\t<div class=\"e-con-inner\">\n\t\t\t\t<div class=\"elementor-element elementor-element-b08810d elementor-widget elementor-widget-spacer\" data-id=\"b08810d\" data-element_type=\"widget\" data-e-type=\"widget\" data-settings=\"{&quot;ekit_we_effect_on&quot;:&quot;none&quot;}\" data-widget_type=\"spacer.default\">\n\t\t\t\t\t\t\t<div class=\"elementor-spacer\">\n\t\t\t<div class=\"elementor-spacer-inner\"><\/div>\n\t\t<\/div>\n\t\t\t\t\t\t<\/div>\n\t\t\t\t\t<\/div>\n\t\t\t\t<\/div>\n\t\t\t\t<\/div>\n\t\t","protected":false},"excerpt":{"rendered":"<p>Technische Unterst\u00fctzung &amp; Beratung Ihr Engineering-Partner: Wir verwandeln Konzepte in pr\u00e4zise Realit\u00e4t Unser technisches Know-how erm\u00f6glicht es uns, Sie zu beraten, zu unterst\u00fctzen und letztendlich Ihre einzigartigsten und komplexesten Ideen zu verwirklichen. Durch einen konstruktiven und wertvollen technischen Dialog entwickeln wir Ihre ersten Konzepte zu vollst\u00e4ndig implementierten Industriel\u00f6sungen. Dieser kollaborative Ansatz gew\u00e4hrleistet einzigartige, hochwertige Ergebnisse [&hellip;]<\/p>\n","protected":false},"author":1,"featured_media":0,"parent":0,"menu_order":0,"comment_status":"closed","ping_status":"closed","template":"","meta":{"footnotes":""},"class_list":["post-6300","page","type-page","status-publish","hentry"],"_links":{"self":[{"href":"https:\/\/sitapress.com\/de\/wp-json\/wp\/v2\/pages\/6300","targetHints":{"allow":["GET"]}}],"collection":[{"href":"https:\/\/sitapress.com\/de\/wp-json\/wp\/v2\/pages"}],"about":[{"href":"https:\/\/sitapress.com\/de\/wp-json\/wp\/v2\/types\/page"}],"author":[{"embeddable":true,"href":"https:\/\/sitapress.com\/de\/wp-json\/wp\/v2\/users\/1"}],"replies":[{"embeddable":true,"href":"https:\/\/sitapress.com\/de\/wp-json\/wp\/v2\/comments?post=6300"}],"version-history":[{"count":2,"href":"https:\/\/sitapress.com\/de\/wp-json\/wp\/v2\/pages\/6300\/revisions"}],"predecessor-version":[{"id":8801,"href":"https:\/\/sitapress.com\/de\/wp-json\/wp\/v2\/pages\/6300\/revisions\/8801"}],"wp:attachment":[{"href":"https:\/\/sitapress.com\/de\/wp-json\/wp\/v2\/media?parent=6300"}],"curies":[{"name":"wp","href":"https:\/\/api.w.org\/{rel}","templated":true}]}}